{"id":382,"date":"2015-05-31T15:17:17","date_gmt":"2015-05-31T14:17:17","guid":{"rendered":"http:\/\/test.kriesi.at\/church\/?page_id=382"},"modified":"2024-02-02T13:47:10","modified_gmt":"2024-02-02T12:47:10","slug":"lokacija","status":"publish","type":"page","link":"https:\/\/arhiv.fov.um.si\/konferenca24\/o-konferenci\/lokacija\/","title":{"rendered":"Lokacija"},"content":{"rendered":"<div id='av_section_1' class='avia-section main_color avia-section-large avia-no-shadow avia-full-stretch avia-bg-style-fixed  avia-builder-el-0  el_before_av_section  avia-builder-el-first    container_wrap sidebar_right' style='background-repeat: no-repeat; background-image: url(https:\/\/arhiv.fov.um.si\/konferenca24\/wp-content\/uploads\/2019\/07\/bg-header1-1030x549.jpg);background-attachment: fixed; background-position: center center;  '  data-section-bg-repeat='stretch'><div class='container' ><main  role=\"main\" itemprop=\"mainContentOfPage\"  class='template-page content  av-content-small alpha units'><div class='post-entry post-entry-type-page post-entry-382'><div class='entry-content-wrapper clearfix'>\n<\/div><\/div><\/main><!-- close content main element --><\/div><\/div><div id='av_section_2' class='avia-section main_color avia-section-small avia-no-border-styling avia-bg-style-fixed  avia-builder-el-1  el_after_av_section  avia-builder-el-last   container_wrap sidebar_right' style=' '  ><div class='container' ><div class='template-page content  av-content-small alpha units'><div class='post-entry post-entry-type-page post-entry-382'><div class='entry-content-wrapper clearfix'>\n<div class='flex_column_table av-equal-height-column-flextable -flextable' style='margin-top:-60px; margin-bottom:0px; '><div class=\"flex_column av_two_third  no_margin flex_column_table_cell av-equal-height-column av-align-top first  avia-builder-el-2  el_before_av_one_third  avia-builder-el-first  \" style='padding:30px; background-color:#ffffff; border-radius:0px; '><p><div style='padding-bottom:15px; color:#104670;' class='av-special-heading av-special-heading-h2 custom-color-heading blockquote modern-quote  avia-builder-el-3  el_before_av_textblock  avia-builder-el-first   '><h2 class='av-special-heading-tag '  itemprop=\"headline\"  >Lokacija<\/h2><div class='special-heading-border'><div class='special-heading-inner-border' style='border-color:#104670'><\/div><\/div><\/div><br \/>\n<section class=\"av_textblock_section  av-desktop-hide av-medium-hide av-small-hide av-mini-hide\"  itemscope=\"itemscope\" itemtype=\"https:\/\/schema.org\/CreativeWork\" ><div class='avia_textblock  '   itemprop=\"text\" ><h4>Ve\u010d informacij sledi&#8230;<\/h4>\n<\/div><\/section><br \/>\n<div style='height:20px' class='hr hr-invisible   avia-builder-el-5  el_after_av_textblock  el_before_av_textblock  '><span class='hr-inner ' ><span class='hr-inner-style'><\/span><\/span><\/div><br \/>\n<section class=\"av_textblock_section \"  itemscope=\"itemscope\" itemtype=\"https:\/\/schema.org\/CreativeWork\" ><div class='avia_textblock  '   itemprop=\"text\" ><p>43. mednarodna znanstvena konferenca o razvoju organizacijskih znanosti bo potekala v <strong>Kongresnem centru Portus<\/strong>, ki se nahaja v\u00a0<a href=\"https:\/\/www.lifeclass.net\/si\/hoteli\/mind-hotel-slovenija\/\" target=\"_blank\" rel=\"noopener\">hotelu Slovenija<\/a>\u00a0v sredi\u0161\u010du\u00a0<a href=\"https:\/\/www.portoroz.si\/si\/\" target=\"_blank\" rel=\"noopener\">Portoro\u017ea<\/a>.<\/p>\n<\/div><\/section><br \/>\n<div class='avia-image-container  av-styling-    avia-builder-el-7  el_after_av_textblock  el_before_av_textblock   avia-align-center '  itemprop=\"image\" itemscope=\"itemscope\" itemtype=\"https:\/\/schema.org\/ImageObject\"  ><div class='avia-image-container-inner'><div class='avia-image-overlay-wrap'><img class='avia_image' src='https:\/\/arhiv.fov.um.si\/konferenca24\/wp-content\/uploads\/2022\/03\/portus.jpg' alt='' title='portus' height=\"326\" width=\"776\"  itemprop=\"thumbnailUrl\"  \/><\/div><\/div><\/div><br \/>\n<section class=\"av_textblock_section  av-desktop-hide av-medium-hide av-small-hide av-mini-hide\"  itemscope=\"itemscope\" itemtype=\"https:\/\/schema.org\/CreativeWork\" ><div class='avia_textblock  '   itemprop=\"text\" ><p style=\"text-align: left;\">V kolikor si boste \u017eeleli rezervirati sobo v enem od kongresnih hotelov (<a href=\"https:\/\/www.lifeclass.net\/si\/hoteli\/\" target=\"_blank\" rel=\"noopener\">https:\/\/www.lifeclass.net\/si\/hoteli\/<\/a>), lahko to opravite preko elektronske po\u0161te <a href=\"mailto:booking@lifeclass.net\">booking@lifeclass.net<\/a>\u00a0oziroma telefonske \u0161tevilke +386-5-692-9001, pri rezervaciji navedite, da ste udele\u017eenec konference o razvoju organizacijskih znanosti.<\/p>\n<p style=\"text-align: left;\">Udele\u017eencem konference bodo na voljo parkiri\u0161\u010da posameznih hotelov ter kongresnega centra do polne zasedenosti.<\/p>\n<\/div><\/section><br \/>\n<div class='avia-image-container  av-styling-   av-desktop-hide av-medium-hide av-small-hide av-mini-hide  avia-builder-el-9  el_after_av_textblock  el_before_av_textblock   avia-align-center '  itemprop=\"image\" itemscope=\"itemscope\" itemtype=\"https:\/\/schema.org\/ImageObject\"  ><div class='avia-image-container-inner'><div class='avia-image-overlay-wrap'><img class='avia_image' src='https:\/\/arhiv.fov.um.si\/konferenca24\/wp-content\/uploads\/2021\/10\/2021-10-28-15_52_10-38.-mednarodna-konferenca-o-razvoju-organizacijskih-znanosti-\u2013-Ekosistem-organiz-1030x419.png' alt='' title='2021-10-28 15_52_10-38. mednarodna konferenca o razvoju organizacijskih znanosti \u2013 Ekosistem organiz' height=\"419\" width=\"1030\"  itemprop=\"thumbnailUrl\"  \/><\/div><\/div><\/div><br \/>\n<section class=\"av_textblock_section  av-desktop-hide av-medium-hide av-small-hide av-mini-hide\"  itemscope=\"itemscope\" itemtype=\"https:\/\/schema.org\/CreativeWork\" ><div class='avia_textblock  '   itemprop=\"text\" ><p><strong>41. mednarodna znanstvena konferenca o razvoju organizacijskih znanosti | 23. \u2013 25. marec 2022 | spletna konferenca<\/strong><\/p>\n<p>Situacija v dru\u017ebi je \u0161e vedno negotova in ne obljublja optimizma kar se ti\u010de mo\u017enosti izvedbe tovrstne konference smo se odlo\u010dili, da 40. konferenco o razvoju organizacijskih znanosti v letu 2021 vsekakor izpeljemo, vendar na na\u010din, ki v tem trenutku ponuja stabilen in varen odgovor na izvedbo skupnega dogodka.<\/p>\n<p><strong>Konferenco z naslovom \u00bbVrednote, kompetence in spremembe v organizacijah\u00ab bomo izpeljali med 17. in 19. marcem 2021 in izpeljali vse pomembnej\u0161e aktivnosti, ki smo jih na\u010drtovali s programom konference na daljavo. <\/strong><\/p>\n<p>Vse podrobnosti v zvezi z dogodkom in samim programom spletne konference vam bomo poslali v za\u010detku meseca marca 2021.<\/p>\n<\/div><\/section><br \/>\n<\/p><\/div><div class=\"flex_column av_one_third  no_margin flex_column_table_cell av-equal-height-column av-align-top   avia-builder-el-12  el_after_av_two_third  avia-builder-el-last  \" style='padding:30px; background-color:#f0f0f0; border-radius:0px; '><p><div class='avia-builder-widget-area clearfix  avia-builder-el-13  el_before_av_sidebar  avia-builder-el-first '><section id=\"nav_menu-3\" class=\"widget clearfix widget_nav_menu\"><div class=\"menu-main-menu-container\"><ul id=\"menu-main-menu\" class=\"menu\"><li id=\"menu-item-451\" class=\"menu-item menu-item-type-post_type menu-item-object-page menu-item-home menu-item-451\"><a href=\"https:\/\/arhiv.fov.um.si\/konferenca24\/\">Domov<\/a><\/li>\n<li id=\"menu-item-402\" class=\"menu-item menu-item-type-post_type menu-item-object-page menu-item-has-children menu-item-402\"><a href=\"https:\/\/arhiv.fov.um.si\/konferenca24\/o-konferenci\/\">O konferenci<\/a>\n<ul class=\"sub-menu\">\n\t<li id=\"menu-item-901\" class=\"menu-item menu-item-type-post_type menu-item-object-page menu-item-901\"><a href=\"https:\/\/arhiv.fov.um.si\/konferenca24\/o-konferenci\/vabilo\/\">Vabilo<\/a><\/li>\n\t<li id=\"menu-item-981\" class=\"menu-item menu-item-type-post_type menu-item-object-page menu-item-981\"><a href=\"https:\/\/arhiv.fov.um.si\/konferenca24\/o-konferenci\/teme-konference\/\">Teme konference<\/a><\/li>\n\t<li id=\"menu-item-3476\" class=\"menu-item menu-item-type-post_type menu-item-object-page menu-item-3476\"><a href=\"https:\/\/arhiv.fov.um.si\/konferenca24\/o-konferenci\/oddaja-referata\/\">Oddaja referata<\/a><\/li>\n\t<li id=\"menu-item-919\" class=\"menu-item menu-item-type-post_type menu-item-object-page menu-item-919\"><a href=\"https:\/\/arhiv.fov.um.si\/konferenca24\/o-konferenci\/prijava-povzetka-referata\/\">Prijava povzetka referata<\/a><\/li>\n\t<li id=\"menu-item-1031\" class=\"menu-item menu-item-type-post_type menu-item-object-page menu-item-1031\"><a href=\"https:\/\/arhiv.fov.um.si\/konferenca24\/o-konferenci\/doktorska-sekcija\/\">Doktorska sekcija<\/a><\/li>\n\t<li id=\"menu-item-1015\" class=\"menu-item menu-item-type-post_type menu-item-object-page menu-item-1015\"><a href=\"https:\/\/arhiv.fov.um.si\/konferenca24\/o-konferenci\/poster-sekcija\/\">Poster sekcija<\/a><\/li>\n\t<li id=\"menu-item-448\" class=\"menu-item menu-item-type-post_type menu-item-object-page menu-item-448\"><a href=\"https:\/\/arhiv.fov.um.si\/konferenca24\/o-konferenci\/studentsko-tekmovanje-v-studiji-primera\/\">\u0160tudentsko tekmovanje v \u0161tudiji primera<\/a><\/li>\n\t<li id=\"menu-item-1405\" class=\"menu-item menu-item-type-post_type menu-item-object-page menu-item-1405\"><a href=\"https:\/\/arhiv.fov.um.si\/konferenca24\/o-konferenci\/registracija-in-kotizacija\/\">Registracija in kotizacija<\/a><\/li>\n\t<li id=\"menu-item-456\" class=\"menu-item menu-item-type-post_type menu-item-object-page menu-item-456\"><a href=\"https:\/\/arhiv.fov.um.si\/konferenca24\/o-konferenci\/lokacija\/\">Lokacija<\/a><\/li>\n\t<li id=\"menu-item-452\" class=\"menu-item menu-item-type-post_type menu-item-object-page menu-item-452\"><a href=\"https:\/\/arhiv.fov.um.si\/konferenca24\/kontakt\/\">Kontakt<\/a><\/li>\n\t<li id=\"menu-item-584\" class=\"menu-item menu-item-type-custom menu-item-object-custom menu-item-584\"><a target=\"_blank\" href=\"https:\/\/arhiv.fov.um.si\/\">Pretekle konference<\/a><\/li>\n<\/ul>\n<\/li>\n<li id=\"menu-item-2601\" class=\"menu-item menu-item-type-custom menu-item-object-custom menu-item-has-children menu-item-2601\"><a href=\"https:\/\/konferenca.fov.um.si\/\">Publikacije<\/a>\n<ul class=\"sub-menu\">\n\t<li id=\"menu-item-3036\" class=\"menu-item menu-item-type-custom menu-item-object-custom menu-item-3036\"><a target=\"_blank\" href=\"https:\/\/konferenca.fov.um.si\/conference-programme\/\">Program konference<\/a><\/li>\n\t<li id=\"menu-item-4390\" class=\"menu-item menu-item-type-custom menu-item-object-custom menu-item-4390\"><a href=\"https:\/\/press.um.si\/index.php\/ump\/catalog\/book\/860\">Zbornik<\/a><\/li>\n\t<li id=\"menu-item-2612\" class=\"menu-item menu-item-type-post_type menu-item-object-page menu-item-2612\"><a target=\"_blank\" href=\"https:\/\/arhiv.fov.um.si\/konferenca24\/2606-2\/\">Izjava o etiki objavljanja in zlorabah pri objavljanju (v angle\u0161kem jeziku)<\/a><\/li>\n<\/ul>\n<\/li>\n<li id=\"menu-item-449\" class=\"menu-item menu-item-type-post_type menu-item-object-page menu-item-449\"><a href=\"https:\/\/arhiv.fov.um.si\/konferenca24\/odbori\/\">Odbori<\/a><\/li>\n<li id=\"menu-item-4244\" class=\"menu-item menu-item-type-post_type menu-item-object-page menu-item-4244\"><a href=\"https:\/\/arhiv.fov.um.si\/konferenca24\/pokrovitelji\/\">Sponzorji in soorganizatorji<\/a><\/li>\n<li id=\"menu-item-1382\" class=\"menu-item menu-item-type-custom menu-item-object-custom menu-item-1382\"><a href=\"https:\/\/arhiv.fov.um.si\">Arhiv<\/a><\/li>\n<li id=\"menu-item-721\" class=\"menu-item menu-item-type-custom menu-item-object-custom menu-item-721\"><a href=\"#pll_switcher\">Languages<\/a><\/li>\n<\/ul><\/div><span class=\"seperator extralight-border\"><\/span><\/section><section id=\"nav_menu-4\" class=\"widget clearfix widget_nav_menu\"><div class=\"menu-main-menu-en-container\"><ul id=\"menu-main-menu-en\" class=\"menu\"><li id=\"menu-item-727\" class=\"menu-item menu-item-type-post_type menu-item-object-page menu-item-727\"><a href=\"https:\/\/arhiv.fov.um.si\/konferenca24\/en\/homepage\/\">Homepage<\/a><\/li>\n<li id=\"menu-item-734\" class=\"menu-item menu-item-type-post_type menu-item-object-page menu-item-has-children menu-item-734\"><a href=\"https:\/\/arhiv.fov.um.si\/konferenca24\/en\/about-conference\/\">About conference<\/a>\n<ul class=\"sub-menu\">\n\t<li id=\"menu-item-908\" class=\"menu-item menu-item-type-post_type menu-item-object-page menu-item-908\"><a href=\"https:\/\/arhiv.fov.um.si\/konferenca24\/en\/about-conference\/invitation\/\">Invitation<\/a><\/li>\n\t<li id=\"menu-item-985\" class=\"menu-item menu-item-type-post_type menu-item-object-page menu-item-985\"><a href=\"https:\/\/arhiv.fov.um.si\/konferenca24\/en\/about-conference\/conference-sections\/\">Conference Topics<\/a><\/li>\n\t<li id=\"menu-item-3479\" class=\"menu-item menu-item-type-post_type menu-item-object-page menu-item-3479\"><a href=\"https:\/\/arhiv.fov.um.si\/konferenca24\/en\/about-conference\/paper-submission\/\">Paper Submission<\/a><\/li>\n\t<li id=\"menu-item-948\" class=\"menu-item menu-item-type-post_type menu-item-object-page menu-item-948\"><a href=\"https:\/\/arhiv.fov.um.si\/konferenca24\/en\/about-conference\/paper-abstract-submission\/\">Paper Abstract Submission<\/a><\/li>\n\t<li id=\"menu-item-1032\" class=\"menu-item menu-item-type-post_type menu-item-object-page menu-item-1032\"><a href=\"https:\/\/arhiv.fov.um.si\/konferenca24\/en\/about-conference\/phd-student-session\/\">PhD Student Session<\/a><\/li>\n\t<li id=\"menu-item-1024\" class=\"menu-item menu-item-type-post_type menu-item-object-page menu-item-1024\"><a href=\"https:\/\/arhiv.fov.um.si\/konferenca24\/en\/about-conference\/poster-session\/\">Poster session<\/a><\/li>\n\t<li id=\"menu-item-752\" class=\"menu-item menu-item-type-post_type menu-item-object-page menu-item-752\"><a href=\"https:\/\/arhiv.fov.um.si\/konferenca24\/en\/about-conference\/student-case-study-competition\/\">Student Case Study Competition 2024<\/a><\/li>\n\t<li id=\"menu-item-1414\" class=\"menu-item menu-item-type-post_type menu-item-object-page menu-item-1414\"><a href=\"https:\/\/arhiv.fov.um.si\/konferenca24\/en\/about-conference\/registration-and-conference-fee\/\">Registration and Conference Fee<\/a><\/li>\n\t<li id=\"menu-item-737\" class=\"menu-item menu-item-type-post_type menu-item-object-page menu-item-737\"><a href=\"https:\/\/arhiv.fov.um.si\/konferenca24\/en\/about-conference\/venue\/\">Venue<\/a><\/li>\n\t<li id=\"menu-item-757\" class=\"menu-item menu-item-type-post_type menu-item-object-page menu-item-757\"><a href=\"https:\/\/arhiv.fov.um.si\/konferenca24\/en\/about-conference\/contact\/\">Contact<\/a><\/li>\n\t<li id=\"menu-item-759\" class=\"menu-item menu-item-type-custom menu-item-object-custom menu-item-759\"><a href=\"https:\/\/arhiv.fov.um.si\/\">Past conferences<\/a><\/li>\n<\/ul>\n<\/li>\n<li id=\"menu-item-2710\" class=\"menu-item menu-item-type-custom menu-item-object-custom menu-item-has-children menu-item-2710\"><a>Publications<\/a>\n<ul class=\"sub-menu\">\n\t<li id=\"menu-item-3035\" class=\"menu-item menu-item-type-custom menu-item-object-custom menu-item-3035\"><a target=\"_blank\" href=\"https:\/\/konferenca.fov.um.si\/conference-programme\/\">Conference Programme<\/a><\/li>\n\t<li id=\"menu-item-3884\" class=\"menu-item menu-item-type-custom menu-item-object-custom menu-item-3884\"><a href=\"https:\/\/press.um.si\/index.php\/ump\/catalog\/book\/860\">Conference Proceedings<\/a><\/li>\n\t<li id=\"menu-item-2713\" class=\"menu-item menu-item-type-post_type menu-item-object-page menu-item-2713\"><a href=\"https:\/\/arhiv.fov.um.si\/konferenca24\/statement-of-the-publication-ethics-and-publication-malpractice\/\">Statement of the publication ethics and publication malpractice<\/a><\/li>\n<\/ul>\n<\/li>\n<li id=\"menu-item-762\" class=\"menu-item menu-item-type-post_type menu-item-object-page menu-item-762\"><a href=\"https:\/\/arhiv.fov.um.si\/konferenca24\/en\/committees\/\">Committees<\/a><\/li>\n<li id=\"menu-item-4247\" class=\"menu-item menu-item-type-post_type menu-item-object-page menu-item-4247\"><a href=\"https:\/\/arhiv.fov.um.si\/konferenca24\/en\/sponsors-supporters-and-co-organizers\/\">Sponsors and Co-Organizers<\/a><\/li>\n<li id=\"menu-item-1383\" class=\"menu-item menu-item-type-custom menu-item-object-custom menu-item-1383\"><a href=\"https:\/\/arhiv.fov.um.si\/indexen.html\">Archive<\/a><\/li>\n<li id=\"menu-item-728\" class=\"menu-item menu-item-type-custom menu-item-object-custom menu-item-728\"><a href=\"#pll_switcher\">Languages<\/a><\/li>\n<\/ul><\/div><span class=\"seperator extralight-border\"><\/span><\/section><\/div><br \/>\n<div class='avia-builder-widget-area clearfix  avia-builder-el-14  el_after_av_sidebar  el_before_av_hr '><section id=\"text-5\" class=\"widget clearfix widget_text\">\t\t\t<div class=\"textwidget\"><p><strong>Pomembni datumi<\/strong><\/p>\n<ul>\n<li><del><strong>1. december 2023<\/strong><\/del> <strong>8. december 2023<\/strong> &#8211; Podalj\u0161an rok za oddajo povzetka referata<\/li>\n<li><strong>12. december 2023<\/strong> &#8211; Obvestilo o sprejetju referata<\/li>\n<li><strong>12. januar 2024<\/strong> &#8211; Rok za oddajo referata<\/li>\n<li><strong>9. februar 2024<\/strong> Rezultati recenzijskega postopka<\/li>\n<li><strong>20. februar 2024<\/strong> &#8211; Oddaja kon\u010dne razli\u010dice referata<\/li>\n<li><strong>6. marec 2024 <\/strong>&#8211; Zadnji dan pred prijave<\/li>\n<li><strong>20. &#8211; 22. marec 2024<\/strong> &#8211; 43. mednarodna konferenca o razvoju organizacijskih znanosti<\/li>\n<\/ul>\n<\/div>\n\t\t<span class=\"seperator extralight-border\"><\/span><\/section><section id=\"text-6\" class=\"widget clearfix widget_text\">\t\t\t<div class=\"textwidget\"><p><strong>Important dates<\/strong><\/p>\n<ul>\n<li><del><strong>1st December 2023<\/strong><\/del> <strong>8th December 2023<\/strong> \u2013 Paper abstract submission deadline (extended)<\/li>\n<li><strong>12th December 2023<\/strong> \u2013 Paper abstract acceptance notice<\/li>\n<li><strong>12th January 2024<\/strong> \u2013 Full paper submission deadline<\/li>\n<li><strong>9th February 2024<\/strong> \u2013 Notification of paper acceptance<\/li>\n<li><strong>20th February 2024<\/strong> \u2013 Final paper submission<\/li>\n<li><strong>6th March 2024 <\/strong>\u2013 Earlybird registration deadline<\/li>\n<li><strong>20th \u2013 22nd March 2024<\/strong> &#8211; 43rd International Conference on Organizational Science Development<\/li>\n<\/ul>\n<\/div>\n\t\t<span class=\"seperator extralight-border\"><\/span><\/section><\/div><br \/>\n<div style=' margin-top:30px; margin-bottom:30px;'  class='hr hr-custom hr-center hr-icon-yes   avia-builder-el-15  el_after_av_sidebar  avia-builder-el-last  '><span class='hr-inner   inner-border-av-border-thin' style=' width:45%;' ><span class='hr-inner-style'><\/span><\/span><span class='av-seperator-icon'  aria-hidden='true' data-av_icon='\ue87b' data-av_iconfont='entypo-fontello'><\/span><span class='hr-inner   inner-border-av-border-thin' style=' width:45%;' ><span class='hr-inner-style'><\/span><\/span><\/div><\/p><\/div><\/div><!--close column table wrapper. Autoclose: 1 --><\/div><\/div><\/div><!-- close content main div --><\/div><\/div><div id='after_section_2' class='main_color av_default_container_wrap container_wrap sidebar_right' style=' '  ><div class='container' ><div class='template-page content  av-content-small alpha units'><div class='post-entry post-entry-type-page post-entry-382'><div class='entry-content-wrapper clearfix'>\n","protected":false},"excerpt":{"rendered":"","protected":false},"author":1,"featured_media":0,"parent":96,"menu_order":0,"comment_status":"closed","ping_status":"closed","template":"","meta":{"_exactmetrics_skip_tracking":false,"_exactmetrics_sitenote_active":false,"_exactmetrics_sitenote_note":"","_exactmetrics_sitenote_category":0,"_monsterinsights_skip_tracking":false,"_monsterinsights_sitenote_active":false,"_monsterinsights_sitenote_note":"","_monsterinsights_sitenote_category":0,"footnotes":""},"class_list":["post-382","page","type-page","status-publish","hentry"],"yoast_head":"<!-- This site is optimized with the Yoast SEO plugin v27.3 - https:\/\/yoast.com\/product\/yoast-seo-wordpress\/ -->\n<title>Lokacija - 43. mednarodna konferenca o razvoju organizacijskih znanosti<\/title>\n<meta name=\"robots\" content=\"index, follow, max-snippet:-1, max-image-preview:large, max-video-preview:-1\" \/>\n<link rel=\"canonical\" href=\"https:\/\/arhiv.fov.um.si\/konferenca24\/o-konferenci\/lokacija\/\" \/>\n<meta property=\"og:locale\" content=\"en_US\" \/>\n<meta property=\"og:type\" content=\"article\" \/>\n<meta property=\"og:title\" content=\"Lokacija - 43. mednarodna konferenca o razvoju organizacijskih znanosti\" \/>\n<meta property=\"og:url\" content=\"https:\/\/arhiv.fov.um.si\/konferenca24\/o-konferenci\/lokacija\/\" \/>\n<meta property=\"og:site_name\" content=\"43. mednarodna konferenca o razvoju organizacijskih znanosti\" \/>\n<meta property=\"article:modified_time\" content=\"2024-02-02T12:47:10+00:00\" \/>\n<meta name=\"twitter:card\" content=\"summary_large_image\" \/>\n<meta name=\"twitter:label1\" content=\"Est. reading time\" \/>\n\t<meta name=\"twitter:data1\" content=\"3 minutes\" \/>\n<script type=\"application\/ld+json\" class=\"yoast-schema-graph\">{\"@context\":\"https:\\\/\\\/schema.org\",\"@graph\":[{\"@type\":\"WebPage\",\"@id\":\"https:\\\/\\\/arhiv.fov.um.si\\\/konferenca24\\\/o-konferenci\\\/lokacija\\\/\",\"url\":\"https:\\\/\\\/arhiv.fov.um.si\\\/konferenca24\\\/o-konferenci\\\/lokacija\\\/\",\"name\":\"Lokacija - 43. mednarodna konferenca o razvoju organizacijskih znanosti\",\"isPartOf\":{\"@id\":\"https:\\\/\\\/arhiv.fov.um.si\\\/konferenca24\\\/#website\"},\"datePublished\":\"2015-05-31T14:17:17+00:00\",\"dateModified\":\"2024-02-02T12:47:10+00:00\",\"breadcrumb\":{\"@id\":\"https:\\\/\\\/arhiv.fov.um.si\\\/konferenca24\\\/o-konferenci\\\/lokacija\\\/#breadcrumb\"},\"inLanguage\":\"en-US\",\"potentialAction\":[{\"@type\":\"ReadAction\",\"target\":[\"https:\\\/\\\/arhiv.fov.um.si\\\/konferenca24\\\/o-konferenci\\\/lokacija\\\/\"]}]},{\"@type\":\"BreadcrumbList\",\"@id\":\"https:\\\/\\\/arhiv.fov.um.si\\\/konferenca24\\\/o-konferenci\\\/lokacija\\\/#breadcrumb\",\"itemListElement\":[{\"@type\":\"ListItem\",\"position\":1,\"name\":\"Home\",\"item\":\"https:\\\/\\\/arhiv.fov.um.si\\\/konferenca24\\\/\"},{\"@type\":\"ListItem\",\"position\":2,\"name\":\"O konferenci\",\"item\":\"https:\\\/\\\/arhiv.fov.um.si\\\/konferenca24\\\/o-konferenci\\\/\"},{\"@type\":\"ListItem\",\"position\":3,\"name\":\"Lokacija\"}]},{\"@type\":\"WebSite\",\"@id\":\"https:\\\/\\\/arhiv.fov.um.si\\\/konferenca24\\\/#website\",\"url\":\"https:\\\/\\\/arhiv.fov.um.si\\\/konferenca24\\\/\",\"name\":\"43. mednarodna konferenca o razvoju organizacijskih znanosti\",\"description\":\"\",\"potentialAction\":[{\"@type\":\"SearchAction\",\"target\":{\"@type\":\"EntryPoint\",\"urlTemplate\":\"https:\\\/\\\/arhiv.fov.um.si\\\/konferenca24\\\/?s={search_term_string}\"},\"query-input\":{\"@type\":\"PropertyValueSpecification\",\"valueRequired\":true,\"valueName\":\"search_term_string\"}}],\"inLanguage\":\"en-US\"}]}<\/script>\n<!-- \/ Yoast SEO plugin. -->","yoast_head_json":{"title":"Lokacija - 43. mednarodna konferenca o razvoju organizacijskih znanosti","robots":{"index":"index","follow":"follow","max-snippet":"max-snippet:-1","max-image-preview":"max-image-preview:large","max-video-preview":"max-video-preview:-1"},"canonical":"https:\/\/arhiv.fov.um.si\/konferenca24\/o-konferenci\/lokacija\/","og_locale":"en_US","og_type":"article","og_title":"Lokacija - 43. mednarodna konferenca o razvoju organizacijskih znanosti","og_url":"https:\/\/arhiv.fov.um.si\/konferenca24\/o-konferenci\/lokacija\/","og_site_name":"43. mednarodna konferenca o razvoju organizacijskih znanosti","article_modified_time":"2024-02-02T12:47:10+00:00","twitter_card":"summary_large_image","twitter_misc":{"Est. reading time":"3 minutes"},"schema":{"@context":"https:\/\/schema.org","@graph":[{"@type":"WebPage","@id":"https:\/\/arhiv.fov.um.si\/konferenca24\/o-konferenci\/lokacija\/","url":"https:\/\/arhiv.fov.um.si\/konferenca24\/o-konferenci\/lokacija\/","name":"Lokacija - 43. mednarodna konferenca o razvoju organizacijskih znanosti","isPartOf":{"@id":"https:\/\/arhiv.fov.um.si\/konferenca24\/#website"},"datePublished":"2015-05-31T14:17:17+00:00","dateModified":"2024-02-02T12:47:10+00:00","breadcrumb":{"@id":"https:\/\/arhiv.fov.um.si\/konferenca24\/o-konferenci\/lokacija\/#breadcrumb"},"inLanguage":"en-US","potentialAction":[{"@type":"ReadAction","target":["https:\/\/arhiv.fov.um.si\/konferenca24\/o-konferenci\/lokacija\/"]}]},{"@type":"BreadcrumbList","@id":"https:\/\/arhiv.fov.um.si\/konferenca24\/o-konferenci\/lokacija\/#breadcrumb","itemListElement":[{"@type":"ListItem","position":1,"name":"Home","item":"https:\/\/arhiv.fov.um.si\/konferenca24\/"},{"@type":"ListItem","position":2,"name":"O konferenci","item":"https:\/\/arhiv.fov.um.si\/konferenca24\/o-konferenci\/"},{"@type":"ListItem","position":3,"name":"Lokacija"}]},{"@type":"WebSite","@id":"https:\/\/arhiv.fov.um.si\/konferenca24\/#website","url":"https:\/\/arhiv.fov.um.si\/konferenca24\/","name":"43. mednarodna konferenca o razvoju organizacijskih znanosti","description":"","potentialAction":[{"@type":"SearchAction","target":{"@type":"EntryPoint","urlTemplate":"https:\/\/arhiv.fov.um.si\/konferenca24\/?s={search_term_string}"},"query-input":{"@type":"PropertyValueSpecification","valueRequired":true,"valueName":"search_term_string"}}],"inLanguage":"en-US"}]}},"rttpg_featured_image_url":null,"rttpg_author":{"display_name":"admin","author_link":"https:\/\/arhiv.fov.um.si\/konferenca24\/author\/admin\/"},"rttpg_comment":0,"rttpg_category":" <a href=\"https:\/\/arhiv.fov.um.si\/konferenca24\/\" rel=\"tag\">Sloven\u0161\u010dina<\/a>","rttpg_excerpt":null,"_links":{"self":[{"href":"https:\/\/arhiv.fov.um.si\/konferenca24\/wp-json\/wp\/v2\/pages\/382","targetHints":{"allow":["GET"]}}],"collection":[{"href":"https:\/\/arhiv.fov.um.si\/konferenca24\/wp-json\/wp\/v2\/pages"}],"about":[{"href":"https:\/\/arhiv.fov.um.si\/konferenca24\/wp-json\/wp\/v2\/types\/page"}],"author":[{"embeddable":true,"href":"https:\/\/arhiv.fov.um.si\/konferenca24\/wp-json\/wp\/v2\/users\/1"}],"replies":[{"embeddable":true,"href":"https:\/\/arhiv.fov.um.si\/konferenca24\/wp-json\/wp\/v2\/comments?post=382"}],"version-history":[{"count":41,"href":"https:\/\/arhiv.fov.um.si\/konferenca24\/wp-json\/wp\/v2\/pages\/382\/revisions"}],"predecessor-version":[{"id":4074,"href":"https:\/\/arhiv.fov.um.si\/konferenca24\/wp-json\/wp\/v2\/pages\/382\/revisions\/4074"}],"up":[{"embeddable":true,"href":"https:\/\/arhiv.fov.um.si\/konferenca24\/wp-json\/wp\/v2\/pages\/96"}],"wp:attachment":[{"href":"https:\/\/arhiv.fov.um.si\/konferenca24\/wp-json\/wp\/v2\/media?parent=382"}],"curies":[{"name":"wp","href":"https:\/\/api.w.org\/{rel}","templated":true}]}}