{"id":760,"date":"2019-08-22T08:06:58","date_gmt":"2019-08-22T07:06:58","guid":{"rendered":"http:\/\/localhost\/portoroz_novi\/?page_id=760"},"modified":"2024-01-09T11:00:31","modified_gmt":"2024-01-09T10:00:31","slug":"committees","status":"publish","type":"page","link":"https:\/\/arhiv.fov.um.si\/konferenca24\/en\/committees\/","title":{"rendered":"Committees"},"content":{"rendered":"<div id='av_section_1' class='avia-section main_color avia-section-large avia-no-shadow avia-full-stretch avia-bg-style-fixed  avia-builder-el-0  el_before_av_section  avia-builder-el-first    container_wrap sidebar_right' style='background-repeat: no-repeat; background-image: url(https:\/\/arhiv.fov.um.si\/konferenca24\/wp-content\/uploads\/2019\/07\/bg-header1-1030x549.jpg);background-attachment: fixed; background-position: bottom center;  '  data-section-bg-repeat='stretch'><div class='container' ><main  role=\"main\" itemprop=\"mainContentOfPage\"  class='template-page content  av-content-small alpha units'><div class='post-entry post-entry-type-page post-entry-760'><div class='entry-content-wrapper clearfix'>\n<\/div><\/div><\/main><!-- close content main element --><\/div><\/div><div id='av_section_2' class='avia-section main_color avia-section-default avia-no-border-styling avia-bg-style-scroll  avia-builder-el-1  el_after_av_section  avia-builder-el-last    container_wrap sidebar_right' style=' '  ><div class='container' ><div class='template-page content  av-content-small alpha units'><div class='post-entry post-entry-type-page post-entry-760'><div class='entry-content-wrapper clearfix'>\n<div class=\"flex_column av_one_full  flex_column_div first  avia-builder-el-2  avia-builder-el-no-sibling  \" style='margin-top:-90px; margin-bottom:0px; padding:30px; background-color:#ffffff; border-radius:0px; '><p><div style='padding-bottom:15px; color:#104670;' class='av-special-heading av-special-heading-h2 custom-color-heading blockquote modern-quote  avia-builder-el-3  el_before_av_tab_container  avia-builder-el-first   '><h2 class='av-special-heading-tag '  itemprop=\"headline\"  >Conference Committees<\/h2><div class='special-heading-border'><div class='special-heading-inner-border' style='border-color:#104670'><\/div><\/div><\/div><br \/>\n<div class=\"tabcontainer   top_tab   avia-builder-el-4  el_after_av_heading  el_before_av_tab_container  \">\n\n<section class=\"av_tab_section\"  itemscope=\"itemscope\" itemtype=\"https:\/\/schema.org\/CreativeWork\" >    <div aria-controls=\"tab-id-1\" role=\"tab\" tabindex=\"0\" data-fake-id=\"#tab-id-1\" class=\"tab active_tab\"  itemprop=\"headline\" >Programme Committee<\/div>\n    <div id=\"tab-id-1-container\" class=\"tab_content active_tab_content\" aria-hidden=\"false\">\n        <div class=\"tab_inner_content invers-color\"  itemprop=\"text\" >\n<p><strong>Polona \u0160prajc, Chair<\/strong><br \/>\nUniversity of Maribor, Faculty of Organizational Sciences, Slovenia<\/p>\n<p><strong>Alenka Baggia<\/strong><br \/>\nUniversity of Maribor, Faculty of Organizational Sciences, Slovenia<\/p>\n<p><strong>Zvone Balanti\u010d<\/strong><br \/>\nUniversity of Maribor, Faculty of Organizational Sciences, Slovenia<\/p>\n<p><strong>Mojca Bernik<br \/>\n<\/strong>University of Maribor, Faculty of Organizational Sciences, Slovenia<\/p>\n<p><strong>Roberto Biloslavo<\/strong><br \/>\nFaculty of Management University of Primorska, Slovenia<\/p>\n<p><strong>Alenka Brezav\u0161\u010dek<\/strong><br \/>\nUniversity of Maribor, Faculty of Organizational Sciences, Slovenia<\/p>\n<p><strong>Vesna Bucevska<\/strong><br \/>\nSs. Cyril and Methodius University in Skopje, Faculty of Economics -Skopje, North Macedonia<\/p>\n<p><strong>Kristina \u010crnjar<\/strong><br \/>\nFaculty of Tourism and Hospitality management, University of Rijeka, Croatia<\/p>\n<p><strong>Vlado Dimovski<\/strong><br \/>\nUniversity of Ljubljani, Faculty of Economics, Slovenia<\/p>\n<p><strong>Petr Doucek<\/strong><br \/>\nUniversity of Economics, Prague, Faculty of Informatics and Statistics, Czech Republic<\/p>\n<p><strong>Toma\u017e Kern<\/strong><br \/>\nUniversity of Maribor, Faculty of Organizational Sciences, Slovenia<\/p>\n<p><strong>Sandi Knez<\/strong><br \/>\nLetalska \u0161ola, Slovenija<\/p>\n<p><strong>Dra\u017een Ko\u0161ki<\/strong><br \/>\nJ. J. Strossmayer University of Osijek, Faculty of Economics in Osijek, Croatia<\/p>\n<p><strong>Robert Leskovar<\/strong><br \/>\nUniversity of Maribor, Faculty of Organizational Sciences, Slovenia<\/p>\n<p><strong>Mateja Lorber<\/strong><br \/>\nUniversity of Maribor Faculty of Health Sciences, Slovenia<\/p>\n<p><strong>Miha Mari\u010d<\/strong><br \/>\nUniversity of Maribor, Faculty of Organizational Sciences, Slovenia<\/p>\n<p><strong>Damjan Maleti\u010d<\/strong><br \/>\nUniversity of Maribor, Faculty of Organizational Sciences, Slovenia<\/p>\n<p><strong>Matja\u017e Maleti\u010d<\/strong><br \/>\nUniversity of Maribor, Faculty of Organizational Sciences, Slovenia<\/p>\n<p><strong>Sanja Marinkovi\u0107<\/strong><br \/>\nUniversity of Belgrade, Faculty of Organizational Sciences, Serbia<\/p>\n<p><strong>Marjeta Marolt<\/strong><br \/>\nUniversity of Maribor, Faculty of Organizational Sciences, Slovenia<\/p>\n<p><strong>Slavica Medi\u0107<\/strong><br \/>\nUniversity of Novi Sad, Faculty of Tehnical Sciences, Serbia<\/p>\n<p><strong>Bjoern Paape<\/strong><br \/>\nRWTH Aachen University, Germany<\/p>\n<p><strong>Anita Pavkovi\u0107<br \/>\n<\/strong>University of Zagreb, Faculty of Economics and Business, Croatia<\/p>\n<p><strong>Nata\u0161a Petrovi\u0107<\/strong><br \/>\nUniversity of Belgrade, Faculty of Organizational Sciences, Serbia<\/p>\n<p><strong>Iztok Podbregar<\/strong><br \/>\nUniversity of Maribor, Faculty of Organizational Sciences, Slovenia<\/p>\n<p><strong>Andreja Pucihar<\/strong><br \/>\nUniversity of Maribor, Faculty of Organizational Sciences, Slovenia<\/p>\n<p><strong>Vladislav Rajkovi\u010d<\/strong><br \/>\nUniversity of Maribor, Faculty of Organizational Sciences, Slovenia<\/p>\n<p><strong>Uro\u0161 Rajkovi\u010d<\/strong><br \/>\nUniversity of Maribor, Faculty of Organizational Sciences, Slovenia<\/p>\n<p><strong>Daniel Tomi\u0107<\/strong><br \/>\nJuraj Dobrila University of Pula, Faculty of Economics and Tourism \u201cDr. Mijo Mirkovic\u201d, Croatia<\/p>\n<p><strong>Marko Urh<\/strong><br \/>\nUniversity of Maribor, Faculty of Organizational Sciences, Slovenia<\/p>\n<p><strong>Bojan Vavtar<\/strong><br \/>\nUniversity of Maribor, Faculty of Organizational Sciences, Slovenia<\/p>\n<p><strong>Goran Vukovi\u010d<\/strong><br \/>\nUniversity of Maribor, Faculty of Organizational Sciences, Slovenia<\/p>\n<p><strong>Franc \u017deljko \u017dupani\u010d<\/strong><br \/>\nSlovenia Control, Ltd<\/p>\n<p><strong>Anja \u017dnidar\u0161i\u010d<\/strong><br \/>\nUniversity of Maribor, Faculty of Organizational Sciences, Slovenia<\/p>\n\n        <\/div>\n    <\/div>\n<\/section>\n\n<section class=\"av_tab_section\"  itemscope=\"itemscope\" itemtype=\"https:\/\/schema.org\/CreativeWork\" >    <div aria-controls=\"tab-id-2\" role=\"tab\" tabindex=\"0\" data-fake-id=\"#tab-id-2\" class=\"tab \"  itemprop=\"headline\" >Editorial Committee<\/div>\n    <div id=\"tab-id-2-container\" class=\"tab_content \" aria-hidden=\"true\">\n        <div class=\"tab_inner_content invers-color\"  itemprop=\"text\" >\n<p><strong>Polona \u0160prajc, Chair<\/strong><br \/>\nUniversity of Maribor, Faculty of Organizational Sciences, Slovenia<\/p>\n<p><strong>Damjan Maleti\u010d<\/strong><br \/>\nUniversity of Maribor, Faculty of Organizational Sciences, Slovenia<\/p>\n<p><strong>Nata\u0161a Petrovi\u0107<br \/>\n<\/strong>University of Belgrade, Faculty of Organizational Sciences, Serbia<strong><br \/>\n<\/strong><\/p>\n<p><strong>Iztok Podbregar<\/strong><br \/>\nUniversity of Maribor, Faculty of Organizational Sciences, Slovenia<\/p>\n<p><strong>Andrej \u0160kraba<\/strong><br \/>\nUniversity of Maribor, Faculty of Organizational Sciences, Slovenia<\/p>\n<p><strong>Daniel Tomi\u0107<\/strong><br \/>\nJuraj Dobrila University of Pula, Faculty of Economics and Tourism \u201cDr. Mijo Mirkovic\u201d, Croatia<\/p>\n<p><strong>Anja \u017dnidar\u0161i\u010d<\/strong><br \/>\nUniverza v Mariboru, Fakulteta za organizacijske vede, Slovenija<\/p>\n\n        <\/div>\n    <\/div>\n<\/section>\n\n<section class=\"av_tab_section\"  itemscope=\"itemscope\" itemtype=\"https:\/\/schema.org\/CreativeWork\" >    <div aria-controls=\"tab-id-3\" role=\"tab\" tabindex=\"0\" data-fake-id=\"#tab-id-3\" class=\"tab \"  itemprop=\"headline\" >Organizational Committee<\/div>\n    <div id=\"tab-id-3-container\" class=\"tab_content \" aria-hidden=\"true\">\n        <div class=\"tab_inner_content invers-color\"  itemprop=\"text\" >\n<p><strong>Polona \u0160prajc, Chair<\/strong><br \/>\nUniversity of Maribor, Faculty of Organizational Sciences, Slovenia<\/p>\n<p><strong>Ur\u0161a Bi\u017ei\u010d<\/strong><br \/>\nUniversity of Maribor, Faculty of Organizational Sciences, Slovenia<\/p>\n<p><strong>Petra Gorjanc<\/strong><br \/>\nUniversity of Maribor, Faculty of Organizational Sciences, Slovenia<\/p>\n<p><strong>Klara Knific<\/strong><br \/>\nUniversity of Maribor, Faculty of Organizational Sciences, Slovenia<\/p>\n<p><strong>Ana Kranner Porenta<\/strong><br \/>\nUniversity of Maribor, Faculty of Organizational Sciences, Slovenia<\/p>\n<p><strong>Alja\u017e Murko<\/strong><br \/>\nUniversity of Maribor, Faculty of Organizational Sciences, Sloveniaa<\/p>\n<p><strong>Iztok Podbregar<\/strong><br \/>\nUniversity of Maribor, Faculty of Organizational Sciences, Slovenia<\/p>\n\n        <\/div>\n    <\/div>\n<\/section>\n\n<\/div>\n<br \/>\n<div class=\"tabcontainer   av-desktop-hide av-medium-hide av-small-hide av-mini-hide top_tab   avia-builder-el-5  el_after_av_tab_container  avia-builder-el-last  \">\n\n<section class=\"av_tab_section\"  itemscope=\"itemscope\" itemtype=\"https:\/\/schema.org\/CreativeWork\" >    <div aria-controls=\"tab-id-4\" role=\"tab\" tabindex=\"0\" data-fake-id=\"#tab-id-4\" class=\"tab active_tab\"  itemprop=\"headline\" >Programme Committee<\/div>\n    <div id=\"tab-id-4-container\" class=\"tab_content active_tab_content\" aria-hidden=\"false\">\n        <div class=\"tab_inner_content invers-color\"  itemprop=\"text\" >\n<p>More information will be announced later&#8230;<\/p>\n\n        <\/div>\n    <\/div>\n<\/section>\n\n<section class=\"av_tab_section\"  itemscope=\"itemscope\" itemtype=\"https:\/\/schema.org\/CreativeWork\" >    <div aria-controls=\"tab-id-5\" role=\"tab\" tabindex=\"0\" data-fake-id=\"#tab-id-5\" class=\"tab \"  itemprop=\"headline\" >Editorial Committee<\/div>\n    <div id=\"tab-id-5-container\" class=\"tab_content \" aria-hidden=\"true\">\n        <div class=\"tab_inner_content invers-color\"  itemprop=\"text\" >\n<p>More information will be announced later&#8230;<\/p>\n\n        <\/div>\n    <\/div>\n<\/section>\n\n<section class=\"av_tab_section\"  itemscope=\"itemscope\" itemtype=\"https:\/\/schema.org\/CreativeWork\" >    <div aria-controls=\"tab-id-6\" role=\"tab\" tabindex=\"0\" data-fake-id=\"#tab-id-6\" class=\"tab \"  itemprop=\"headline\" >Organizational Committee<\/div>\n    <div id=\"tab-id-6-container\" class=\"tab_content \" aria-hidden=\"true\">\n        <div class=\"tab_inner_content invers-color\"  itemprop=\"text\" >\n<p>More information will be announced later&#8230;<\/p>\n\n        <\/div>\n    <\/div>\n<\/section>\n\n<\/div>\n<\/p><\/div><\/div><\/div><\/div><!-- close content main div --><\/div><\/div><div id='after_section_2' class='main_color av_default_container_wrap container_wrap sidebar_right' style=' '  ><div class='container' ><div class='template-page content  av-content-small alpha units'><div class='post-entry post-entry-type-page post-entry-760'><div class='entry-content-wrapper clearfix'>\n","protected":false},"excerpt":{"rendered":"","protected":false},"author":1,"featured_media":0,"parent":0,"menu_order":0,"comment_status":"closed","ping_status":"closed","template":"","meta":{"_exactmetrics_skip_tracking":false,"_exactmetrics_sitenote_active":false,"_exactmetrics_sitenote_note":"","_exactmetrics_sitenote_category":0,"_monsterinsights_skip_tracking":false,"_monsterinsights_sitenote_active":false,"_monsterinsights_sitenote_note":"","_monsterinsights_sitenote_category":0,"footnotes":""},"class_list":["post-760","page","type-page","status-publish","hentry"],"yoast_head":"<!-- This site is optimized with the Yoast SEO plugin v27.3 - https:\/\/yoast.com\/product\/yoast-seo-wordpress\/ -->\n<title>Committees - 43. mednarodna konferenca o razvoju organizacijskih znanosti<\/title>\n<meta name=\"robots\" content=\"index, follow, max-snippet:-1, max-image-preview:large, max-video-preview:-1\" \/>\n<link rel=\"canonical\" href=\"https:\/\/arhiv.fov.um.si\/konferenca24\/en\/committees\/\" \/>\n<meta property=\"og:locale\" content=\"en_US\" \/>\n<meta property=\"og:type\" content=\"article\" \/>\n<meta property=\"og:title\" content=\"Committees - 43. mednarodna konferenca o razvoju organizacijskih znanosti\" \/>\n<meta property=\"og:url\" content=\"https:\/\/arhiv.fov.um.si\/konferenca24\/en\/committees\/\" \/>\n<meta property=\"og:site_name\" content=\"43. mednarodna konferenca o razvoju organizacijskih znanosti\" \/>\n<meta property=\"article:modified_time\" content=\"2024-01-09T10:00:31+00:00\" \/>\n<meta name=\"twitter:card\" content=\"summary_large_image\" \/>\n<meta name=\"twitter:label1\" content=\"Est. reading time\" \/>\n\t<meta name=\"twitter:data1\" content=\"4 minutes\" \/>\n<script type=\"application\/ld+json\" class=\"yoast-schema-graph\">{\"@context\":\"https:\\\/\\\/schema.org\",\"@graph\":[{\"@type\":\"WebPage\",\"@id\":\"https:\\\/\\\/arhiv.fov.um.si\\\/konferenca24\\\/en\\\/committees\\\/\",\"url\":\"https:\\\/\\\/arhiv.fov.um.si\\\/konferenca24\\\/en\\\/committees\\\/\",\"name\":\"Committees - 43. mednarodna konferenca o razvoju organizacijskih znanosti\",\"isPartOf\":{\"@id\":\"https:\\\/\\\/arhiv.fov.um.si\\\/konferenca24\\\/#website\"},\"datePublished\":\"2019-08-22T07:06:58+00:00\",\"dateModified\":\"2024-01-09T10:00:31+00:00\",\"breadcrumb\":{\"@id\":\"https:\\\/\\\/arhiv.fov.um.si\\\/konferenca24\\\/en\\\/committees\\\/#breadcrumb\"},\"inLanguage\":\"en-US\",\"potentialAction\":[{\"@type\":\"ReadAction\",\"target\":[\"https:\\\/\\\/arhiv.fov.um.si\\\/konferenca24\\\/en\\\/committees\\\/\"]}]},{\"@type\":\"BreadcrumbList\",\"@id\":\"https:\\\/\\\/arhiv.fov.um.si\\\/konferenca24\\\/en\\\/committees\\\/#breadcrumb\",\"itemListElement\":[{\"@type\":\"ListItem\",\"position\":1,\"name\":\"Home\",\"item\":\"https:\\\/\\\/arhiv.fov.um.si\\\/konferenca24\\\/\"},{\"@type\":\"ListItem\",\"position\":2,\"name\":\"Committees\"}]},{\"@type\":\"WebSite\",\"@id\":\"https:\\\/\\\/arhiv.fov.um.si\\\/konferenca24\\\/#website\",\"url\":\"https:\\\/\\\/arhiv.fov.um.si\\\/konferenca24\\\/\",\"name\":\"43. mednarodna konferenca o razvoju organizacijskih znanosti\",\"description\":\"\",\"potentialAction\":[{\"@type\":\"SearchAction\",\"target\":{\"@type\":\"EntryPoint\",\"urlTemplate\":\"https:\\\/\\\/arhiv.fov.um.si\\\/konferenca24\\\/?s={search_term_string}\"},\"query-input\":{\"@type\":\"PropertyValueSpecification\",\"valueRequired\":true,\"valueName\":\"search_term_string\"}}],\"inLanguage\":\"en-US\"}]}<\/script>\n<!-- \/ Yoast SEO plugin. -->","yoast_head_json":{"title":"Committees - 43. mednarodna konferenca o razvoju organizacijskih znanosti","robots":{"index":"index","follow":"follow","max-snippet":"max-snippet:-1","max-image-preview":"max-image-preview:large","max-video-preview":"max-video-preview:-1"},"canonical":"https:\/\/arhiv.fov.um.si\/konferenca24\/en\/committees\/","og_locale":"en_US","og_type":"article","og_title":"Committees - 43. mednarodna konferenca o razvoju organizacijskih znanosti","og_url":"https:\/\/arhiv.fov.um.si\/konferenca24\/en\/committees\/","og_site_name":"43. mednarodna konferenca o razvoju organizacijskih znanosti","article_modified_time":"2024-01-09T10:00:31+00:00","twitter_card":"summary_large_image","twitter_misc":{"Est. reading time":"4 minutes"},"schema":{"@context":"https:\/\/schema.org","@graph":[{"@type":"WebPage","@id":"https:\/\/arhiv.fov.um.si\/konferenca24\/en\/committees\/","url":"https:\/\/arhiv.fov.um.si\/konferenca24\/en\/committees\/","name":"Committees - 43. mednarodna konferenca o razvoju organizacijskih znanosti","isPartOf":{"@id":"https:\/\/arhiv.fov.um.si\/konferenca24\/#website"},"datePublished":"2019-08-22T07:06:58+00:00","dateModified":"2024-01-09T10:00:31+00:00","breadcrumb":{"@id":"https:\/\/arhiv.fov.um.si\/konferenca24\/en\/committees\/#breadcrumb"},"inLanguage":"en-US","potentialAction":[{"@type":"ReadAction","target":["https:\/\/arhiv.fov.um.si\/konferenca24\/en\/committees\/"]}]},{"@type":"BreadcrumbList","@id":"https:\/\/arhiv.fov.um.si\/konferenca24\/en\/committees\/#breadcrumb","itemListElement":[{"@type":"ListItem","position":1,"name":"Home","item":"https:\/\/arhiv.fov.um.si\/konferenca24\/"},{"@type":"ListItem","position":2,"name":"Committees"}]},{"@type":"WebSite","@id":"https:\/\/arhiv.fov.um.si\/konferenca24\/#website","url":"https:\/\/arhiv.fov.um.si\/konferenca24\/","name":"43. mednarodna konferenca o razvoju organizacijskih znanosti","description":"","potentialAction":[{"@type":"SearchAction","target":{"@type":"EntryPoint","urlTemplate":"https:\/\/arhiv.fov.um.si\/konferenca24\/?s={search_term_string}"},"query-input":{"@type":"PropertyValueSpecification","valueRequired":true,"valueName":"search_term_string"}}],"inLanguage":"en-US"}]}},"rttpg_featured_image_url":null,"rttpg_author":{"display_name":"admin","author_link":"https:\/\/arhiv.fov.um.si\/konferenca24\/author\/admin\/"},"rttpg_comment":0,"rttpg_category":" <a href=\"https:\/\/arhiv.fov.um.si\/konferenca24\/en\/\" rel=\"tag\">English<\/a>","rttpg_excerpt":null,"_links":{"self":[{"href":"https:\/\/arhiv.fov.um.si\/konferenca24\/wp-json\/wp\/v2\/pages\/760","targetHints":{"allow":["GET"]}}],"collection":[{"href":"https:\/\/arhiv.fov.um.si\/konferenca24\/wp-json\/wp\/v2\/pages"}],"about":[{"href":"https:\/\/arhiv.fov.um.si\/konferenca24\/wp-json\/wp\/v2\/types\/page"}],"author":[{"embeddable":true,"href":"https:\/\/arhiv.fov.um.si\/konferenca24\/wp-json\/wp\/v2\/users\/1"}],"replies":[{"embeddable":true,"href":"https:\/\/arhiv.fov.um.si\/konferenca24\/wp-json\/wp\/v2\/comments?post=760"}],"version-history":[{"count":44,"href":"https:\/\/arhiv.fov.um.si\/konferenca24\/wp-json\/wp\/v2\/pages\/760\/revisions"}],"predecessor-version":[{"id":4043,"href":"https:\/\/arhiv.fov.um.si\/konferenca24\/wp-json\/wp\/v2\/pages\/760\/revisions\/4043"}],"wp:attachment":[{"href":"https:\/\/arhiv.fov.um.si\/konferenca24\/wp-json\/wp\/v2\/media?parent=760"}],"curies":[{"name":"wp","href":"https:\/\/api.w.org\/{rel}","templated":true}]}}