{"id":4646,"date":"2024-08-07T10:10:26","date_gmt":"2024-08-07T09:10:26","guid":{"rendered":"https:\/\/konferenca.fov.um.si\/?page_id=4646"},"modified":"2024-12-06T14:26:36","modified_gmt":"2024-12-06T13:26:36","slug":"odbori","status":"publish","type":"page","link":"https:\/\/arhiv.fov.um.si\/konferenca25\/odbori\/","title":{"rendered":"Odbori"},"content":{"rendered":"<p>[et_pb_section fb_built=&#8221;1&#8243; _builder_version=&#8221;4.27.0&#8243; _module_preset=&#8221;default&#8221; use_background_color_gradient=&#8221;on&#8221; background_color_gradient_direction=&#8221;91deg&#8221; background_color_gradient_stops=&#8221;#175988 0%|rgba(116, 155, 184, 1) 58%|#ffffff 100%&#8221; background_pattern_horizontal_offset=&#8221;0%&#8221; background_pattern_vertical_offset=&#8221;0%&#8221; custom_padding=&#8221;31px||18px|||&#8221; global_colors_info=&#8221;{}&#8221;][et_pb_row _builder_version=&#8221;4.27.0&#8243; _module_preset=&#8221;default&#8221; custom_margin=&#8221;|auto|32px|auto||&#8221; global_colors_info=&#8221;{}&#8221;][et_pb_column type=&#8221;4_4&#8243; _builder_version=&#8221;4.16&#8243; _module_preset=&#8221;default&#8221; global_colors_info=&#8221;{}&#8221;][et_pb_text _builder_version=&#8221;4.27.0&#8243; _module_preset=&#8221;d5dbb5d4-7ec7-4306-b6c5-1435f277faf4&#8243; text_font=&#8221;|700|||||||&#8221; text_font_size=&#8221;36px&#8221; header_font=&#8221;||||||||&#8221; header_text_color=&#8221;#000000&#8243; header_font_size=&#8221;60px&#8221; header_line_height=&#8221;1.2em&#8221; width=&#8221;70%&#8221; width_tablet=&#8221;&#8221; width_phone=&#8221;100%&#8221; width_last_edited=&#8221;on|phone&#8221; custom_margin=&#8221;||16px||false|false&#8221; header_font_size_tablet=&#8221;36px&#8221; header_font_size_phone=&#8221;24px&#8221; header_font_size_last_edited=&#8221;on|phone&#8221; global_colors_info=&#8221;{}&#8221;]<\/p>\n<p><span style=\"color: #ffffff;\">ODBORI<\/span><\/p>\n<p>[\/et_pb_text][et_pb_divider color=&#8221;#f7ca00&#8243; divider_position=&#8221;center&#8221; divider_weight=&#8221;3px&#8221; _builder_version=&#8221;4.27.0&#8243; _module_preset=&#8221;default&#8221; width=&#8221;15%&#8221; global_colors_info=&#8221;{}&#8221;][\/et_pb_divider][\/et_pb_column][\/et_pb_row][\/et_pb_section][et_pb_section fb_built=&#8221;1&#8243; _builder_version=&#8221;4.27.0&#8243; _module_preset=&#8221;default&#8221; background_color=&#8221;rgba(141,195,233,0.1)&#8221; custom_margin=&#8221;||||false|false&#8221; global_colors_info=&#8221;{}&#8221;][et_pb_row column_structure=&#8221;2_3,1_3&#8243; _builder_version=&#8221;4.27.0&#8243; _module_preset=&#8221;default&#8221; background_color=&#8221;#ffffff&#8221; custom_margin=&#8221;-80px||||false|false&#8221; custom_padding=&#8221;|2em||2em|false|false&#8221; border_radii=&#8221;on|0.5em|0.5em|0.5em|0.5em&#8221; global_colors_info=&#8221;{}&#8221;][et_pb_column type=&#8221;2_3&#8243; _builder_version=&#8221;4.27.0&#8243; _module_preset=&#8221;default&#8221; global_colors_info=&#8221;{}&#8221;][et_pb_tabs _builder_version=&#8221;4.27.4&#8243; _module_preset=&#8221;default&#8221; hover_enabled=&#8221;0&#8243; custom_css_free_form=&#8221;b, strong {||   color: #175988;||   }&#8221; global_colors_info=&#8221;{}&#8221; sticky_enabled=&#8221;0&#8243;][et_pb_tab title=&#8221;Programski odbor&#8221; _builder_version=&#8221;4.27.4&#8243; _module_preset=&#8221;default&#8221; body_text_color=&#8221;#666666&#8243; hover_enabled=&#8221;0&#8243; global_colors_info=&#8221;{}&#8221; sticky_enabled=&#8221;0&#8243;]<\/p>\n<p><strong>Polona \u0160prajc, predsednica<\/strong><br \/>Univerza v Mariboru, Fakulteta za organizacijske vede, Slovenija<\/p>\n<p><strong>Alenka Baggia<\/strong><br \/>Univerza v Mariboru, Fakulteta za organizacijske vede, Slovenija<\/p>\n<p><strong>Zvone Balanti\u010d<\/strong><br \/>Univerza v Mariboru, Fakulteta za organizacijske vede, Slovenija<\/p>\n<p><strong>Mojca Bernik<br \/><\/strong>Univerza v Mariboru, Fakulteta za organizacijske vede, Slovenija<strong><\/strong><\/p>\n<p><strong>Roberto Biloslavo<br \/><\/strong><span>Univerza na Primorskem, Fakulteta za management, Slovenija<\/span><\/p>\n<p><strong>Alenka Brezav\u0161\u010dek<\/strong><br \/>Univerza v Mariboru, Fakulteta za organizacijske vede, Slovenija<\/p>\n<p><strong>Vesna Bucevska<\/strong><br \/><span>Ss. Cyril and Methodius University in Skopje, Faculty of Economics -Skopje, North Macedonia<\/span><\/p>\n<p><strong>Kristina \u010crnjar<\/strong><br \/>Faculty of Tourism and Hospitality management, University of Rijeka, Croatia<\/p>\n<p><strong>Petr Doucek<br \/><\/strong>University of Economics, Prague, Faculty of Informatics and Statistics, Czech Republic<\/p>\n<p><strong>Sandra Jednak<br \/><\/strong>University of Belgrade, Faculty of Organizational Sciences, Serbia<\/p>\n<p><strong>Toma\u017e Kern<\/strong><br \/>Univerza v Mariboru, Fakulteta za organizacijske vede, Slovenija<\/p>\n<p><strong>Dra\u017een Ko\u0161ki<\/strong><br \/>J. J. Strossmayer University of Osijek, Faculty of Economics in Osijek, Croatia<\/p>\n<p><strong>Mateja Lorber<\/strong><br \/>Univerza v Mariboru, Fakulteta za zdravstvene vede, Slovenija<\/p>\n<p><strong>Miha Mari\u010d<\/strong><br \/>Univerza v Mariboru, Fakulteta za organizacijske vede, Slovenija<strong><\/strong><\/p>\n<p><strong>Sanja Marinkovi\u0107<\/strong><br \/><span>University of Belgrade, Faculty of Organizational Sciences, Serbia<\/span><\/p>\n<p><strong>Marjeta Marolt<\/strong><br \/>Univerza v Mariboru, Fakulteta za organizacijske vede, Slovenija<\/p>\n<p><strong>Christoph Maus<\/strong><br \/>RWTH Aachen University, Germany<\/p>\n<p><strong>Slavica Medi\u0107<\/strong><br \/>University of Novi Sad, Faculty of Tehnical Sciences, Serbia<\/p>\n<p><strong>Bjoern Paape<\/strong><br \/>RWTH Aachen University, Germany<\/p>\n<p><strong>Anita Pavkovi\u0107<\/strong><br \/>University of Zagreb, Faculty of Economics and Business, Croatia<\/p>\n<p><strong>Nata\u0161a Petrovi\u0107<\/strong><br \/>University of Belgrade, Faculty of Organizational Sciences, Serbia<\/p>\n<p><strong>Iztok Podbregar<\/strong><br \/>Univerza v Mariboru, Fakulteta za organizacijske vede, Slovenija<\/p>\n<p><strong>Andreja Pucihar<\/strong><br \/>Univerza v Mariboru, Fakulteta za organizacijske vede, Slovenija<\/p>\n<p><strong>Uro\u0161 Rajkovi\u010d<\/strong><br \/>Univerza v Mariboru, Fakulteta za organizacijske vede, Slovenija<\/p>\n<p><strong>Vladislav Rajkovi\u010d<\/strong><br \/>Univerza v Mariboru, Fakulteta za organizacijske vede, Slovenija<\/p>\n<p><strong>Daniel Tomi\u0107<\/strong><br \/><span>Juraj Dobrila University of Pula, Faculty of Economics and Tourism \u201cDr. Mijo Mirkovic\u201d, Croatia<\/span><\/p>\n<p><strong>Martina Tomi\u010di\u0107 Furjan<br \/><\/strong>University of Zagreb, Faculty of Organization and Informatics, Croatia<\/p>\n<p><strong>Marko Urh<\/strong><br \/>Univerza v Mariboru, Fakulteta za organizacijske vede, Slovenija<\/p>\n<p><strong>Goran Vukovi\u010d<\/strong><br \/>Univerza v Mariboru, Fakulteta za organizacijske vede, Slovenija<\/p>\n<p><strong>Anja \u017dnidar\u0161i\u010d<\/strong><br \/>Univerza v Mariboru, Fakulteta za organizacijske vede, Slovenija<\/p>\n<p>[\/et_pb_tab][et_pb_tab title=&#8221;Uredni\u0161ki odbor&#8221; _builder_version=&#8221;4.27.4&#8243; _module_preset=&#8221;default&#8221; global_colors_info=&#8221;{}&#8221;]<\/p>\n<p><strong>Polona \u0160prajc, predsednica<\/strong><br \/>Univerza v Mariboru, Fakulteta za organizacijske vede, Slovenija<\/p>\n<p><strong>Damjan Maleti\u010d<br \/><\/strong>Univerza v Mariboru, Fakulteta za organizacijske vede, Slovenija<\/p>\n<p><strong>Nata\u0161a Petrovi\u0107<\/strong><br \/>University of Belgrade, Faculty of Organizational Sciences, Serbia<\/p>\n<p><strong>Iztok Podbregar<\/strong><br \/>Univerza v Mariboru, Fakulteta za organizacijske vede, Slovenija<\/p>\n<p><strong>Andrej \u0160kraba<br \/><\/strong>Univerza v Mariboru, Fakulteta za organizacijske vede, Slovenija<\/p>\n<p><strong>Daniel Tomi\u0107<\/strong><br \/>Juraj Dobrila University of Pula, Faculty of Economics and Tourism \u201cDr. Mijo Mirkovic\u201d, Croatia<\/p>\n<p><strong>Anja \u017dnidar\u0161i\u010d<\/strong><br \/>Univerza v Mariboru, Fakulteta za organizacijske vede, Slovenija<\/p>\n<p>[\/et_pb_tab][et_pb_tab title=&#8221;Organizacijski odbor&#8221; _builder_version=&#8221;4.27.4&#8243; _module_preset=&#8221;default&#8221; global_colors_info=&#8221;{}&#8221;]<\/p>\n<p><strong>Polona \u0160prajc, predsednica<br \/><\/strong>Univerza v Mariboru, Fakulteta za organizacijske vede, Slovenija<\/p>\n<p><strong>Ur\u0161a Bi\u017ei\u010d<br \/><\/strong>Univerza v Mariboru, Fakulteta za organizacijske vede, Slovenija<\/p>\n<p><strong>Petra Gorjanc<br \/><\/strong>Univerza v Mariboru, Fakulteta za organizacijske vede, Slovenija<\/p>\n<p><strong>Klara Knific<br \/><\/strong>Univerza v Mariboru, Fakulteta za organizacijske vede, Slovenija<\/p>\n<p><strong>Ana Kranner Porenta<br \/><\/strong>Univerza v Mariboru, Fakulteta za organizacijske vede, Slovenija<\/p>\n<p><strong>Alja\u017e Murko<br \/><\/strong>Univerza v Mariboru, Fakulteta za organizacijske vede, Slovenija<\/p>\n<p><strong>Iztok Podbregar<br \/><\/strong>Univerza v Mariboru, Fakulteta za organizacijske vede, Slovenija<\/p>\n<p>[\/et_pb_tab][\/et_pb_tabs][\/et_pb_column][et_pb_column type=&#8221;1_3&#8243; _builder_version=&#8221;4.27.0&#8243; _module_preset=&#8221;default&#8221; background_color=&#8221;rgba(141,195,233,0.06)&#8221; border_radii=&#8221;on|0.7em|0.7em|0.7em|0.7em&#8221; global_colors_info=&#8221;{}&#8221;][et_pb_sidebar show_border=&#8221;off&#8221; _builder_version=&#8221;4.27.0&#8243; _module_preset=&#8221;default&#8221; header_font_size=&#8221;18px&#8221; body_font=&#8221;|600|||||||&#8221; body_text_color=&#8221;#175988&#8243; body_font_size=&#8221;14px&#8221; body_line_height=&#8221;2.2em&#8221; background_enable_color=&#8221;off&#8221; text_orientation=&#8221;left&#8221; custom_padding=&#8221;1em|1em||1em|false|false&#8221; border_radii=&#8221;on|0.5em|0.5em|0.5em|0.5em&#8221; border_width_all=&#8221;1px&#8221; global_colors_info=&#8221;{}&#8221;][\/et_pb_sidebar][et_pb_sidebar area=&#8221;sidebar-5&#8243; _builder_version=&#8221;4.27.0&#8243; _module_preset=&#8221;default&#8221; custom_margin=&#8221;-7em||||false|false&#8221; custom_padding=&#8221;1em|1em|0px|1em|false|false&#8221; global_colors_info=&#8221;{}&#8221;][\/et_pb_sidebar][\/et_pb_column][\/et_pb_row][\/et_pb_section]<\/p>\n","protected":false},"excerpt":{"rendered":"<p>ODBORIPolona \u0160prajc, predsednicaUniverza v Mariboru, Fakulteta za organizacijske vede, Slovenija Alenka BaggiaUniverza v Mariboru, Fakulteta za organizacijske vede, Slovenija Zvone Balanti\u010dUniverza v Mariboru, Fakulteta za organizacijske vede, Slovenija Mojca BernikUniverza v Mariboru, Fakulteta za organizacijske vede, Slovenija Roberto BiloslavoUniverza na Primorskem, Fakulteta za management, Slovenija Alenka Brezav\u0161\u010dekUniverza v Mariboru, Fakulteta za organizacijske vede, Slovenija Vesna [&hellip;]<\/p>\n","protected":false},"author":1,"featured_media":0,"parent":0,"menu_order":0,"comment_status":"closed","ping_status":"closed","template":"","meta":{"_et_pb_use_builder":"on","_et_pb_old_content":"","_et_gb_content_width":"","_exactmetrics_skip_tracking":false,"_exactmetrics_sitenote_active":false,"_exactmetrics_sitenote_note":"","_exactmetrics_sitenote_category":0,"_monsterinsights_skip_tracking":false,"_monsterinsights_sitenote_active":false,"_monsterinsights_sitenote_note":"","_monsterinsights_sitenote_category":0,"footnotes":""},"class_list":["post-4646","page","type-page","status-publish","hentry"],"yoast_head":"<!-- This site is optimized with the Yoast SEO plugin v27.3 - https:\/\/yoast.com\/product\/yoast-seo-wordpress\/ -->\n<title>Odbori - 44th International Conference on Organizational Science Development<\/title>\n<meta name=\"robots\" content=\"index, follow, max-snippet:-1, max-image-preview:large, max-video-preview:-1\" \/>\n<link rel=\"canonical\" href=\"https:\/\/arhiv.fov.um.si\/konferenca25\/odbori\/\" \/>\n<meta property=\"og:locale\" content=\"en_US\" \/>\n<meta property=\"og:type\" content=\"article\" \/>\n<meta property=\"og:title\" content=\"Odbori - 44th International Conference on Organizational Science Development\" \/>\n<meta property=\"og:description\" content=\"ODBORIPolona \u0160prajc, predsednicaUniverza v Mariboru, Fakulteta za organizacijske vede, Slovenija Alenka BaggiaUniverza v Mariboru, Fakulteta za organizacijske vede, Slovenija Zvone Balanti\u010dUniverza v Mariboru, Fakulteta za organizacijske vede, Slovenija Mojca BernikUniverza v Mariboru, Fakulteta za organizacijske vede, Slovenija Roberto BiloslavoUniverza na Primorskem, Fakulteta za management, Slovenija Alenka Brezav\u0161\u010dekUniverza v Mariboru, Fakulteta za organizacijske vede, Slovenija Vesna [&hellip;]\" \/>\n<meta property=\"og:url\" content=\"https:\/\/arhiv.fov.um.si\/konferenca25\/odbori\/\" \/>\n<meta property=\"og:site_name\" content=\"44th International Conference on Organizational Science Development\" \/>\n<meta property=\"article:modified_time\" content=\"2024-12-06T13:26:36+00:00\" \/>\n<meta name=\"twitter:card\" content=\"summary_large_image\" \/>\n<meta name=\"twitter:label1\" content=\"Est. reading time\" \/>\n\t<meta name=\"twitter:data1\" content=\"3 minutes\" \/>\n<script type=\"application\/ld+json\" class=\"yoast-schema-graph\">{\"@context\":\"https:\\\/\\\/schema.org\",\"@graph\":[{\"@type\":\"WebPage\",\"@id\":\"https:\\\/\\\/arhiv.fov.um.si\\\/konferenca25\\\/odbori\\\/\",\"url\":\"https:\\\/\\\/arhiv.fov.um.si\\\/konferenca25\\\/odbori\\\/\",\"name\":\"Odbori - 44th International Conference on Organizational Science Development\",\"isPartOf\":{\"@id\":\"https:\\\/\\\/arhiv.fov.um.si\\\/konferenca25\\\/#website\"},\"datePublished\":\"2024-08-07T09:10:26+00:00\",\"dateModified\":\"2024-12-06T13:26:36+00:00\",\"breadcrumb\":{\"@id\":\"https:\\\/\\\/arhiv.fov.um.si\\\/konferenca25\\\/odbori\\\/#breadcrumb\"},\"inLanguage\":\"en-US\",\"potentialAction\":[{\"@type\":\"ReadAction\",\"target\":[\"https:\\\/\\\/arhiv.fov.um.si\\\/konferenca25\\\/odbori\\\/\"]}]},{\"@type\":\"BreadcrumbList\",\"@id\":\"https:\\\/\\\/arhiv.fov.um.si\\\/konferenca25\\\/odbori\\\/#breadcrumb\",\"itemListElement\":[{\"@type\":\"ListItem\",\"position\":1,\"name\":\"Home\",\"item\":\"https:\\\/\\\/arhiv.fov.um.si\\\/konferenca25\\\/\"},{\"@type\":\"ListItem\",\"position\":2,\"name\":\"Odbori\"}]},{\"@type\":\"WebSite\",\"@id\":\"https:\\\/\\\/arhiv.fov.um.si\\\/konferenca25\\\/#website\",\"url\":\"https:\\\/\\\/arhiv.fov.um.si\\\/konferenca25\\\/\",\"name\":\"44th International Conference on Organizational Science Development\",\"description\":\"\",\"potentialAction\":[{\"@type\":\"SearchAction\",\"target\":{\"@type\":\"EntryPoint\",\"urlTemplate\":\"https:\\\/\\\/arhiv.fov.um.si\\\/konferenca25\\\/?s={search_term_string}\"},\"query-input\":{\"@type\":\"PropertyValueSpecification\",\"valueRequired\":true,\"valueName\":\"search_term_string\"}}],\"inLanguage\":\"en-US\"}]}<\/script>\n<!-- \/ Yoast SEO plugin. -->","yoast_head_json":{"title":"Odbori - 44th International Conference on Organizational Science Development","robots":{"index":"index","follow":"follow","max-snippet":"max-snippet:-1","max-image-preview":"max-image-preview:large","max-video-preview":"max-video-preview:-1"},"canonical":"https:\/\/arhiv.fov.um.si\/konferenca25\/odbori\/","og_locale":"en_US","og_type":"article","og_title":"Odbori - 44th International Conference on Organizational Science Development","og_description":"ODBORIPolona \u0160prajc, predsednicaUniverza v Mariboru, Fakulteta za organizacijske vede, Slovenija Alenka BaggiaUniverza v Mariboru, Fakulteta za organizacijske vede, Slovenija Zvone Balanti\u010dUniverza v Mariboru, Fakulteta za organizacijske vede, Slovenija Mojca BernikUniverza v Mariboru, Fakulteta za organizacijske vede, Slovenija Roberto BiloslavoUniverza na Primorskem, Fakulteta za management, Slovenija Alenka Brezav\u0161\u010dekUniverza v Mariboru, Fakulteta za organizacijske vede, Slovenija Vesna [&hellip;]","og_url":"https:\/\/arhiv.fov.um.si\/konferenca25\/odbori\/","og_site_name":"44th International Conference on Organizational Science Development","article_modified_time":"2024-12-06T13:26:36+00:00","twitter_card":"summary_large_image","twitter_misc":{"Est. reading time":"3 minutes"},"schema":{"@context":"https:\/\/schema.org","@graph":[{"@type":"WebPage","@id":"https:\/\/arhiv.fov.um.si\/konferenca25\/odbori\/","url":"https:\/\/arhiv.fov.um.si\/konferenca25\/odbori\/","name":"Odbori - 44th International Conference on Organizational Science Development","isPartOf":{"@id":"https:\/\/arhiv.fov.um.si\/konferenca25\/#website"},"datePublished":"2024-08-07T09:10:26+00:00","dateModified":"2024-12-06T13:26:36+00:00","breadcrumb":{"@id":"https:\/\/arhiv.fov.um.si\/konferenca25\/odbori\/#breadcrumb"},"inLanguage":"en-US","potentialAction":[{"@type":"ReadAction","target":["https:\/\/arhiv.fov.um.si\/konferenca25\/odbori\/"]}]},{"@type":"BreadcrumbList","@id":"https:\/\/arhiv.fov.um.si\/konferenca25\/odbori\/#breadcrumb","itemListElement":[{"@type":"ListItem","position":1,"name":"Home","item":"https:\/\/arhiv.fov.um.si\/konferenca25\/"},{"@type":"ListItem","position":2,"name":"Odbori"}]},{"@type":"WebSite","@id":"https:\/\/arhiv.fov.um.si\/konferenca25\/#website","url":"https:\/\/arhiv.fov.um.si\/konferenca25\/","name":"44th International Conference on Organizational Science Development","description":"","potentialAction":[{"@type":"SearchAction","target":{"@type":"EntryPoint","urlTemplate":"https:\/\/arhiv.fov.um.si\/konferenca25\/?s={search_term_string}"},"query-input":{"@type":"PropertyValueSpecification","valueRequired":true,"valueName":"search_term_string"}}],"inLanguage":"en-US"}]}},"rttpg_featured_image_url":null,"rttpg_author":{"display_name":"admin","author_link":"https:\/\/arhiv.fov.um.si\/konferenca25\/author\/admin\/"},"rttpg_comment":0,"rttpg_category":" <a href=\"https:\/\/arhiv.fov.um.si\/konferenca25\/\" rel=\"tag\">Sloven\u0161\u010dina<\/a>","rttpg_excerpt":"ODBORIPolona \u0160prajc, predsednicaUniverza v Mariboru, Fakulteta za organizacijske vede, Slovenija Alenka BaggiaUniverza v Mariboru, Fakulteta za organizacijske vede, Slovenija Zvone Balanti\u010dUniverza v Mariboru, Fakulteta za organizacijske vede, Slovenija Mojca BernikUniverza v Mariboru, Fakulteta za organizacijske vede, Slovenija Roberto BiloslavoUniverza na Primorskem, Fakulteta za management, Slovenija Alenka Brezav\u0161\u010dekUniverza v Mariboru, Fakulteta za organizacijske vede, Slovenija Vesna&hellip;","_links":{"self":[{"href":"https:\/\/arhiv.fov.um.si\/konferenca25\/wp-json\/wp\/v2\/pages\/4646","targetHints":{"allow":["GET"]}}],"collection":[{"href":"https:\/\/arhiv.fov.um.si\/konferenca25\/wp-json\/wp\/v2\/pages"}],"about":[{"href":"https:\/\/arhiv.fov.um.si\/konferenca25\/wp-json\/wp\/v2\/types\/page"}],"author":[{"embeddable":true,"href":"https:\/\/arhiv.fov.um.si\/konferenca25\/wp-json\/wp\/v2\/users\/1"}],"replies":[{"embeddable":true,"href":"https:\/\/arhiv.fov.um.si\/konferenca25\/wp-json\/wp\/v2\/comments?post=4646"}],"version-history":[{"count":21,"href":"https:\/\/arhiv.fov.um.si\/konferenca25\/wp-json\/wp\/v2\/pages\/4646\/revisions"}],"predecessor-version":[{"id":5371,"href":"https:\/\/arhiv.fov.um.si\/konferenca25\/wp-json\/wp\/v2\/pages\/4646\/revisions\/5371"}],"wp:attachment":[{"href":"https:\/\/arhiv.fov.um.si\/konferenca25\/wp-json\/wp\/v2\/media?parent=4646"}],"curies":[{"name":"wp","href":"https:\/\/api.w.org\/{rel}","templated":true}]}}