{"id":4693,"date":"2024-08-07T11:47:28","date_gmt":"2024-08-07T10:47:28","guid":{"rendered":"https:\/\/konferenca.fov.um.si\/?page_id=4693"},"modified":"2024-10-23T11:36:53","modified_gmt":"2024-10-23T10:36:53","slug":"vabilo","status":"publish","type":"page","link":"https:\/\/arhiv.fov.um.si\/konferenca25\/o-konferenci\/vabilo\/","title":{"rendered":"Vabilo"},"content":{"rendered":"<p>[et_pb_section fb_built=&#8221;1&#8243; _builder_version=&#8221;4.27.0&#8243; _module_preset=&#8221;default&#8221; use_background_color_gradient=&#8221;on&#8221; background_color_gradient_direction=&#8221;91deg&#8221; background_color_gradient_stops=&#8221;#175988 0%|rgba(116, 155, 184, 1) 58%|#ffffff 100%&#8221; background_pattern_horizontal_offset=&#8221;0%&#8221; background_pattern_vertical_offset=&#8221;0%&#8221; custom_padding=&#8221;31px||18px|||&#8221; global_colors_info=&#8221;{}&#8221;][et_pb_row _builder_version=&#8221;4.27.0&#8243; _module_preset=&#8221;default&#8221; custom_margin=&#8221;|auto|32px|auto||&#8221; global_colors_info=&#8221;{}&#8221;][et_pb_column type=&#8221;4_4&#8243; _builder_version=&#8221;4.16&#8243; _module_preset=&#8221;default&#8221; global_colors_info=&#8221;{}&#8221;][et_pb_text _builder_version=&#8221;4.27.0&#8243; _module_preset=&#8221;d5dbb5d4-7ec7-4306-b6c5-1435f277faf4&#8243; text_font=&#8221;|700|||||||&#8221; text_font_size=&#8221;36px&#8221; header_font=&#8221;||||||||&#8221; header_text_color=&#8221;#000000&#8243; header_font_size=&#8221;60px&#8221; header_line_height=&#8221;1.2em&#8221; width=&#8221;70%&#8221; width_tablet=&#8221;&#8221; width_phone=&#8221;100%&#8221; width_last_edited=&#8221;on|phone&#8221; custom_margin=&#8221;||16px||false|false&#8221; header_font_size_tablet=&#8221;36px&#8221; header_font_size_phone=&#8221;24px&#8221; header_font_size_last_edited=&#8221;on|phone&#8221; global_colors_info=&#8221;{}&#8221;]<\/p>\n<p><span style=\"color: #ffffff;\">VABILO<\/span><\/p>\n<p>[\/et_pb_text][et_pb_divider color=&#8221;#f7ca00&#8243; divider_position=&#8221;center&#8221; divider_weight=&#8221;3px&#8221; _builder_version=&#8221;4.27.0&#8243; _module_preset=&#8221;default&#8221; width=&#8221;15%&#8221; global_colors_info=&#8221;{}&#8221;][\/et_pb_divider][\/et_pb_column][\/et_pb_row][\/et_pb_section][et_pb_section fb_built=&#8221;1&#8243; _builder_version=&#8221;4.27.0&#8243; _module_preset=&#8221;default&#8221; background_color=&#8221;rgba(141,195,233,0.1)&#8221; custom_margin=&#8221;||||false|false&#8221; global_colors_info=&#8221;{}&#8221;][et_pb_row column_structure=&#8221;2_3,1_3&#8243; _builder_version=&#8221;4.27.0&#8243; _module_preset=&#8221;default&#8221; background_color=&#8221;#ffffff&#8221; custom_margin=&#8221;-80px||||false|false&#8221; custom_padding=&#8221;|2em||2em|false|false&#8221; border_radii=&#8221;on|0.5em|0.5em|0.5em|0.5em&#8221; global_colors_info=&#8221;{}&#8221;][et_pb_column type=&#8221;2_3&#8243; _builder_version=&#8221;4.27.0&#8243; _module_preset=&#8221;default&#8221; global_colors_info=&#8221;{}&#8221;][et_pb_text _builder_version=&#8221;4.27.2&#8243; _module_preset=&#8221;default&#8221; hover_enabled=&#8221;0&#8243; global_colors_info=&#8221;{}&#8221; sticky_enabled=&#8221;0&#8243;]<\/p>\n<p><strong>44. Mednarodna znanstvena konferenca o razvoju organizacijskih znanosti<\/strong><\/p>\n<p><strong>\u010cLOVEK, UMETNA INTELIGENCA IN ORGANIZACIJA<\/strong><\/p>\n<p>Fakulteta za organizacijske vede Univerze v Mariboru bo v letu 2025 organizirala \u017ee<strong><span>\u00a0<\/span>44. mednarodno konferenco o razvoju organizacijskih znanosti<\/strong>, ki bo potekala od 19. do 21. marca 2025 v Portoro\u017eu.<\/p>\n<p>Ve\u010d kot \u0161tiri desetletja mednarodne znanstvene konference o razvoju organizacijskih znanosti so obdobje, ki je skozi \u010das povezalo akademsko in strokovno javnost, \u0161tudentke in \u0161tudente, predstavnike iz gospodarstva, raziskovalnih in izobra\u017eevalnih ustanov, zdravstva, javne uprave, turizma, financ in \u0161tevilnih drugih podro\u010dij.<\/p>\n<p>Leto\u0161nja konferenca bo torej mesto, kjer se bodo prepletale razli\u010dne vsebine organizacije in managementa poslovnih procesov, informacijskih sistemov in kadrovskih sistemov z vidika vrednot, kompetenc in sprememb v organizacijah.<\/p>\n<p>Tako kot vsako leto bodo v program konference vklju\u010dena \u0161e dodatna izobra\u017eevanja v obliki predavanj, okroglih miz, seminarjev in delavnic ter \u0161tudentski posterji povezani z delovnim naslovom konference. Konferenca naj vam ponudi mo\u017enost, da \u0161ir\u0161i javnosti predstavite va\u0161 pogled na podro\u010dje, s katerim se ukvarjate.<\/p>\n<p><strong>Sprejeti referati bodo objavljeni v zborniku referatov (spletna oblika z ISBN) konference. (<a href=\"https:\/\/press.um.si\/index.php\/ump\/catalog\/book\/860\" role=\"link\">Pretekli zbornik<\/a>)<\/strong><\/p>\n<p>Med vsemi sprejetimi referati bo tri\u010dlanska komisija, sestavljena iz \u010dlanov mednarodnega uredni\u0161kega odbora, izbrala<span>\u00a0<\/span><strong>najbolj\u0161i raziskovalni referat v angle\u0161kem jeziku<\/strong>.<\/p>\n<p>Avtorji tega referata bodo povabljeni, da raz\u0161irjeni referat predlo\u017eijo v objavo reviji<span>\u00a0<\/span><a href=\"http:\/\/organizacija.fov.uni-mb.si\/index.php\/organizacija\/index\" role=\"link\"><strong>Organizacija<\/strong><\/a>, kjer bo obravnavan prednostno (fast track), po skraj\u0161anem recenzijskem postopku.<\/p>\n<p><img loading=\"lazy\" decoding=\"async\" src=\"https:\/\/konferenca.fov.um.si\/wp-content\/uploads\/2020\/11\/organizacija.jpg\" width=\"787\" height=\"297\" alt=\"\" class=\"wp-image-1664 alignnone size-full\" srcset=\"https:\/\/arhiv.fov.um.si\/konferenca25\/wp-content\/uploads\/2020\/11\/organizacija.jpg 787w, https:\/\/arhiv.fov.um.si\/konferenca25\/wp-content\/uploads\/2020\/11\/organizacija-300x113.jpg 300w, https:\/\/arhiv.fov.um.si\/konferenca25\/wp-content\/uploads\/2020\/11\/organizacija-768x290.jpg 768w, https:\/\/arhiv.fov.um.si\/konferenca25\/wp-content\/uploads\/2020\/11\/organizacija-705x266.jpg 705w, https:\/\/arhiv.fov.um.si\/konferenca25\/wp-content\/uploads\/2020\/11\/organizacija-450x170.jpg 450w\" sizes=\"(max-width: 787px) 100vw, 787px\" \/><\/p>\n<p>Prepletenost vsebin konference predstavlja izziv, zato bomo podro\u010dja, ki jih konferenca pokriva, ustrezno raz\u0161irili in dopolnili. Glede na prejete prispevke bomo oblikovali primerne sekcije, ki bodo sestavljale program konference.<\/p>\n<p><strong>PREDVIDENE TEME KONFERENCE (sekcije):<\/strong><\/p>\n<ul>\n<li>Organizacija in management<\/li>\n<li>Dru\u017ebena odgovornost<\/li>\n<li>Ekolo\u0161ki management<\/li>\n<li>E-izobra\u017eevanje<\/li>\n<li>Finan\u010dni management in ra\u010dunovodstvo<\/li>\n<li>Informatika<\/li>\n<li>Inovacijski management<\/li>\n<li>Inovacijski poslovni modeli<\/li>\n<li>In\u017eeniring poslovnih sistemov<\/li>\n<li>Kadrovski management<\/li>\n<li>Krizni management<\/li>\n<li>Kvantitativne metode v managementu<\/li>\n<li>Logistika<\/li>\n<li>Management finan\u010dnih institutcij<\/li>\n<li>Management javnega sektorja<\/li>\n<li>Management kakovosti<\/li>\n<li>Management v izobra\u017eevanju<\/li>\n<li>Management v \u0161portu<\/li>\n<li>Management v turizmu<\/li>\n<li>Management v zdravstvu in socialnem varstvu<\/li>\n<li>Marketing<\/li>\n<li>Organizacijsko vedenje<\/li>\n<li>Podjetni\u0161tvo in ekonomika<\/li>\n<li>Projektni management<\/li>\n<li>Trajnostni razvoj<\/li>\n<li><a href=\"https:\/\/konferenca.fov.um.si\/o-konferenci\/doktorska-sekcija\/\" role=\"link\">Doktorska sekcija<\/a><\/li>\n<li><a href=\"https:\/\/konferenca.fov.um.si\/o-konferenci\/poster-sekcija\/\">Poster sekcija<\/a><\/li>\n<\/ul>\n<p>Vsekakor so dobrodo\u0161li tudi referati z ostalih podro\u010dij managementa, organizacije in poslovnih ved.<\/p>\n<p>[\/et_pb_text][\/et_pb_column][et_pb_column type=&#8221;1_3&#8243; _builder_version=&#8221;4.27.0&#8243; _module_preset=&#8221;default&#8221; background_color=&#8221;rgba(141,195,233,0.06)&#8221; border_radii=&#8221;on|0.7em|0.7em|0.7em|0.7em&#8221; global_colors_info=&#8221;{}&#8221;][et_pb_sidebar show_border=&#8221;off&#8221; _builder_version=&#8221;4.27.0&#8243; _module_preset=&#8221;default&#8221; header_font_size=&#8221;18px&#8221; body_font=&#8221;|600|||||||&#8221; body_text_color=&#8221;#175988&#8243; body_font_size=&#8221;14px&#8221; body_line_height=&#8221;2.2em&#8221; background_enable_color=&#8221;off&#8221; text_orientation=&#8221;left&#8221; custom_padding=&#8221;1em|1em||1em|false|false&#8221; border_radii=&#8221;on|0.5em|0.5em|0.5em|0.5em&#8221; border_width_all=&#8221;1px&#8221; global_colors_info=&#8221;{}&#8221;][\/et_pb_sidebar][et_pb_sidebar area=&#8221;sidebar-5&#8243; _builder_version=&#8221;4.27.0&#8243; _module_preset=&#8221;default&#8221; custom_margin=&#8221;-7em||||false|false&#8221; custom_padding=&#8221;1em|1em|0px|1em|false|false&#8221; global_colors_info=&#8221;{}&#8221;][\/et_pb_sidebar][\/et_pb_column][\/et_pb_row][\/et_pb_section]<\/p>\n","protected":false},"excerpt":{"rendered":"<p>VABILO44. Mednarodna znanstvena konferenca o razvoju organizacijskih znanosti \u010cLOVEK, UMETNA INTELIGENCA IN ORGANIZACIJA Fakulteta za organizacijske vede Univerze v Mariboru bo v letu 2025 organizirala \u017ee\u00a044. mednarodno konferenco o razvoju organizacijskih znanosti, ki bo potekala od 19. do 21. marca 2025 v Portoro\u017eu. Ve\u010d kot \u0161tiri desetletja mednarodne znanstvene konference o razvoju organizacijskih znanosti so [&hellip;]<\/p>\n","protected":false},"author":1,"featured_media":0,"parent":4534,"menu_order":0,"comment_status":"closed","ping_status":"closed","template":"","meta":{"_et_pb_use_builder":"on","_et_pb_old_content":"<!-- wp:divi\/placeholder \/-->","_et_gb_content_width":"","_exactmetrics_skip_tracking":false,"_exactmetrics_sitenote_active":false,"_exactmetrics_sitenote_note":"","_exactmetrics_sitenote_category":0,"_monsterinsights_skip_tracking":false,"_monsterinsights_sitenote_active":false,"_monsterinsights_sitenote_note":"","_monsterinsights_sitenote_category":0,"footnotes":""},"class_list":["post-4693","page","type-page","status-publish","hentry"],"yoast_head":"<!-- This site is optimized with the Yoast SEO plugin v27.3 - https:\/\/yoast.com\/product\/yoast-seo-wordpress\/ -->\n<title>Vabilo - 44th International Conference on Organizational Science Development<\/title>\n<meta name=\"robots\" content=\"index, follow, max-snippet:-1, max-image-preview:large, max-video-preview:-1\" \/>\n<link rel=\"canonical\" href=\"https:\/\/arhiv.fov.um.si\/konferenca25\/o-konferenci\/vabilo\/\" \/>\n<meta property=\"og:locale\" content=\"en_US\" \/>\n<meta property=\"og:type\" content=\"article\" \/>\n<meta property=\"og:title\" content=\"Vabilo - 44th International Conference on Organizational Science Development\" \/>\n<meta property=\"og:description\" content=\"VABILO44. Mednarodna znanstvena konferenca o razvoju organizacijskih znanosti \u010cLOVEK, UMETNA INTELIGENCA IN ORGANIZACIJA Fakulteta za organizacijske vede Univerze v Mariboru bo v letu 2025 organizirala \u017ee\u00a044. mednarodno konferenco o razvoju organizacijskih znanosti, ki bo potekala od 19. do 21. marca 2025 v Portoro\u017eu. Ve\u010d kot \u0161tiri desetletja mednarodne znanstvene konference o razvoju organizacijskih znanosti so [&hellip;]\" \/>\n<meta property=\"og:url\" content=\"https:\/\/arhiv.fov.um.si\/konferenca25\/o-konferenci\/vabilo\/\" \/>\n<meta property=\"og:site_name\" content=\"44th International Conference on Organizational Science Development\" \/>\n<meta property=\"article:modified_time\" content=\"2024-10-23T10:36:53+00:00\" \/>\n<meta property=\"og:image\" content=\"https:\/\/konferenca.fov.um.si\/wp-content\/uploads\/2020\/11\/organizacija.jpg\" \/>\n<meta name=\"twitter:card\" content=\"summary_large_image\" \/>\n<meta name=\"twitter:label1\" content=\"Est. reading time\" \/>\n\t<meta name=\"twitter:data1\" content=\"3 minutes\" \/>\n<script type=\"application\/ld+json\" class=\"yoast-schema-graph\">{\"@context\":\"https:\\\/\\\/schema.org\",\"@graph\":[{\"@type\":\"WebPage\",\"@id\":\"https:\\\/\\\/arhiv.fov.um.si\\\/konferenca25\\\/o-konferenci\\\/vabilo\\\/\",\"url\":\"https:\\\/\\\/arhiv.fov.um.si\\\/konferenca25\\\/o-konferenci\\\/vabilo\\\/\",\"name\":\"Vabilo - 44th International Conference on Organizational Science Development\",\"isPartOf\":{\"@id\":\"https:\\\/\\\/arhiv.fov.um.si\\\/konferenca25\\\/#website\"},\"primaryImageOfPage\":{\"@id\":\"https:\\\/\\\/arhiv.fov.um.si\\\/konferenca25\\\/o-konferenci\\\/vabilo\\\/#primaryimage\"},\"image\":{\"@id\":\"https:\\\/\\\/arhiv.fov.um.si\\\/konferenca25\\\/o-konferenci\\\/vabilo\\\/#primaryimage\"},\"thumbnailUrl\":\"https:\\\/\\\/konferenca.fov.um.si\\\/wp-content\\\/uploads\\\/2020\\\/11\\\/organizacija.jpg\",\"datePublished\":\"2024-08-07T10:47:28+00:00\",\"dateModified\":\"2024-10-23T10:36:53+00:00\",\"breadcrumb\":{\"@id\":\"https:\\\/\\\/arhiv.fov.um.si\\\/konferenca25\\\/o-konferenci\\\/vabilo\\\/#breadcrumb\"},\"inLanguage\":\"en-US\",\"potentialAction\":[{\"@type\":\"ReadAction\",\"target\":[\"https:\\\/\\\/arhiv.fov.um.si\\\/konferenca25\\\/o-konferenci\\\/vabilo\\\/\"]}]},{\"@type\":\"ImageObject\",\"inLanguage\":\"en-US\",\"@id\":\"https:\\\/\\\/arhiv.fov.um.si\\\/konferenca25\\\/o-konferenci\\\/vabilo\\\/#primaryimage\",\"url\":\"https:\\\/\\\/konferenca.fov.um.si\\\/wp-content\\\/uploads\\\/2020\\\/11\\\/organizacija.jpg\",\"contentUrl\":\"https:\\\/\\\/konferenca.fov.um.si\\\/wp-content\\\/uploads\\\/2020\\\/11\\\/organizacija.jpg\"},{\"@type\":\"BreadcrumbList\",\"@id\":\"https:\\\/\\\/arhiv.fov.um.si\\\/konferenca25\\\/o-konferenci\\\/vabilo\\\/#breadcrumb\",\"itemListElement\":[{\"@type\":\"ListItem\",\"position\":1,\"name\":\"Home\",\"item\":\"https:\\\/\\\/arhiv.fov.um.si\\\/konferenca25\\\/\"},{\"@type\":\"ListItem\",\"position\":2,\"name\":\"O konferenci\",\"item\":\"https:\\\/\\\/arhiv.fov.um.si\\\/konferenca25\\\/o-konferenci\\\/\"},{\"@type\":\"ListItem\",\"position\":3,\"name\":\"Vabilo\"}]},{\"@type\":\"WebSite\",\"@id\":\"https:\\\/\\\/arhiv.fov.um.si\\\/konferenca25\\\/#website\",\"url\":\"https:\\\/\\\/arhiv.fov.um.si\\\/konferenca25\\\/\",\"name\":\"44th International Conference on Organizational Science Development\",\"description\":\"\",\"potentialAction\":[{\"@type\":\"SearchAction\",\"target\":{\"@type\":\"EntryPoint\",\"urlTemplate\":\"https:\\\/\\\/arhiv.fov.um.si\\\/konferenca25\\\/?s={search_term_string}\"},\"query-input\":{\"@type\":\"PropertyValueSpecification\",\"valueRequired\":true,\"valueName\":\"search_term_string\"}}],\"inLanguage\":\"en-US\"}]}<\/script>\n<!-- \/ Yoast SEO plugin. -->","yoast_head_json":{"title":"Vabilo - 44th International Conference on Organizational Science Development","robots":{"index":"index","follow":"follow","max-snippet":"max-snippet:-1","max-image-preview":"max-image-preview:large","max-video-preview":"max-video-preview:-1"},"canonical":"https:\/\/arhiv.fov.um.si\/konferenca25\/o-konferenci\/vabilo\/","og_locale":"en_US","og_type":"article","og_title":"Vabilo - 44th International Conference on Organizational Science Development","og_description":"VABILO44. Mednarodna znanstvena konferenca o razvoju organizacijskih znanosti \u010cLOVEK, UMETNA INTELIGENCA IN ORGANIZACIJA Fakulteta za organizacijske vede Univerze v Mariboru bo v letu 2025 organizirala \u017ee\u00a044. mednarodno konferenco o razvoju organizacijskih znanosti, ki bo potekala od 19. do 21. marca 2025 v Portoro\u017eu. Ve\u010d kot \u0161tiri desetletja mednarodne znanstvene konference o razvoju organizacijskih znanosti so [&hellip;]","og_url":"https:\/\/arhiv.fov.um.si\/konferenca25\/o-konferenci\/vabilo\/","og_site_name":"44th International Conference on Organizational Science Development","article_modified_time":"2024-10-23T10:36:53+00:00","og_image":[{"url":"https:\/\/konferenca.fov.um.si\/wp-content\/uploads\/2020\/11\/organizacija.jpg","type":"","width":"","height":""}],"twitter_card":"summary_large_image","twitter_misc":{"Est. reading time":"3 minutes"},"schema":{"@context":"https:\/\/schema.org","@graph":[{"@type":"WebPage","@id":"https:\/\/arhiv.fov.um.si\/konferenca25\/o-konferenci\/vabilo\/","url":"https:\/\/arhiv.fov.um.si\/konferenca25\/o-konferenci\/vabilo\/","name":"Vabilo - 44th International Conference on Organizational Science Development","isPartOf":{"@id":"https:\/\/arhiv.fov.um.si\/konferenca25\/#website"},"primaryImageOfPage":{"@id":"https:\/\/arhiv.fov.um.si\/konferenca25\/o-konferenci\/vabilo\/#primaryimage"},"image":{"@id":"https:\/\/arhiv.fov.um.si\/konferenca25\/o-konferenci\/vabilo\/#primaryimage"},"thumbnailUrl":"https:\/\/konferenca.fov.um.si\/wp-content\/uploads\/2020\/11\/organizacija.jpg","datePublished":"2024-08-07T10:47:28+00:00","dateModified":"2024-10-23T10:36:53+00:00","breadcrumb":{"@id":"https:\/\/arhiv.fov.um.si\/konferenca25\/o-konferenci\/vabilo\/#breadcrumb"},"inLanguage":"en-US","potentialAction":[{"@type":"ReadAction","target":["https:\/\/arhiv.fov.um.si\/konferenca25\/o-konferenci\/vabilo\/"]}]},{"@type":"ImageObject","inLanguage":"en-US","@id":"https:\/\/arhiv.fov.um.si\/konferenca25\/o-konferenci\/vabilo\/#primaryimage","url":"https:\/\/konferenca.fov.um.si\/wp-content\/uploads\/2020\/11\/organizacija.jpg","contentUrl":"https:\/\/konferenca.fov.um.si\/wp-content\/uploads\/2020\/11\/organizacija.jpg"},{"@type":"BreadcrumbList","@id":"https:\/\/arhiv.fov.um.si\/konferenca25\/o-konferenci\/vabilo\/#breadcrumb","itemListElement":[{"@type":"ListItem","position":1,"name":"Home","item":"https:\/\/arhiv.fov.um.si\/konferenca25\/"},{"@type":"ListItem","position":2,"name":"O konferenci","item":"https:\/\/arhiv.fov.um.si\/konferenca25\/o-konferenci\/"},{"@type":"ListItem","position":3,"name":"Vabilo"}]},{"@type":"WebSite","@id":"https:\/\/arhiv.fov.um.si\/konferenca25\/#website","url":"https:\/\/arhiv.fov.um.si\/konferenca25\/","name":"44th International Conference on Organizational Science Development","description":"","potentialAction":[{"@type":"SearchAction","target":{"@type":"EntryPoint","urlTemplate":"https:\/\/arhiv.fov.um.si\/konferenca25\/?s={search_term_string}"},"query-input":{"@type":"PropertyValueSpecification","valueRequired":true,"valueName":"search_term_string"}}],"inLanguage":"en-US"}]}},"rttpg_featured_image_url":null,"rttpg_author":{"display_name":"admin","author_link":"https:\/\/arhiv.fov.um.si\/konferenca25\/author\/admin\/"},"rttpg_comment":0,"rttpg_category":" <a href=\"https:\/\/arhiv.fov.um.si\/konferenca25\/\" rel=\"tag\">Sloven\u0161\u010dina<\/a>","rttpg_excerpt":"VABILO44. Mednarodna znanstvena konferenca o razvoju organizacijskih znanosti \u010cLOVEK, UMETNA INTELIGENCA IN ORGANIZACIJA Fakulteta za organizacijske vede Univerze v Mariboru bo v letu 2025 organizirala \u017ee\u00a044. mednarodno konferenco o razvoju organizacijskih znanosti, ki bo potekala od 19. do 21. marca 2025 v Portoro\u017eu. Ve\u010d kot \u0161tiri desetletja mednarodne znanstvene konference o razvoju organizacijskih znanosti so&hellip;","_links":{"self":[{"href":"https:\/\/arhiv.fov.um.si\/konferenca25\/wp-json\/wp\/v2\/pages\/4693","targetHints":{"allow":["GET"]}}],"collection":[{"href":"https:\/\/arhiv.fov.um.si\/konferenca25\/wp-json\/wp\/v2\/pages"}],"about":[{"href":"https:\/\/arhiv.fov.um.si\/konferenca25\/wp-json\/wp\/v2\/types\/page"}],"author":[{"embeddable":true,"href":"https:\/\/arhiv.fov.um.si\/konferenca25\/wp-json\/wp\/v2\/users\/1"}],"replies":[{"embeddable":true,"href":"https:\/\/arhiv.fov.um.si\/konferenca25\/wp-json\/wp\/v2\/comments?post=4693"}],"version-history":[{"count":7,"href":"https:\/\/arhiv.fov.um.si\/konferenca25\/wp-json\/wp\/v2\/pages\/4693\/revisions"}],"predecessor-version":[{"id":5264,"href":"https:\/\/arhiv.fov.um.si\/konferenca25\/wp-json\/wp\/v2\/pages\/4693\/revisions\/5264"}],"up":[{"embeddable":true,"href":"https:\/\/arhiv.fov.um.si\/konferenca25\/wp-json\/wp\/v2\/pages\/4534"}],"wp:attachment":[{"href":"https:\/\/arhiv.fov.um.si\/konferenca25\/wp-json\/wp\/v2\/media?parent=4693"}],"curies":[{"name":"wp","href":"https:\/\/api.w.org\/{rel}","templated":true}]}}