{"id":4701,"date":"2024-08-07T11:49:26","date_gmt":"2024-08-07T10:49:26","guid":{"rendered":"https:\/\/konferenca.fov.um.si\/?page_id=4701"},"modified":"2024-08-12T09:31:46","modified_gmt":"2024-08-12T08:31:46","slug":"doktorska-sekcija","status":"publish","type":"page","link":"https:\/\/arhiv.fov.um.si\/konferenca25\/o-konferenci\/doktorska-sekcija\/","title":{"rendered":"Doktorska sekcija"},"content":{"rendered":"<p>[et_pb_section fb_built=&#8221;1&#8243; _builder_version=&#8221;4.27.0&#8243; _module_preset=&#8221;default&#8221; use_background_color_gradient=&#8221;on&#8221; background_color_gradient_direction=&#8221;91deg&#8221; background_color_gradient_stops=&#8221;#175988 0%|rgba(116, 155, 184, 1) 58%|#ffffff 100%&#8221; background_pattern_horizontal_offset=&#8221;0%&#8221; background_pattern_vertical_offset=&#8221;0%&#8221; custom_padding=&#8221;31px||18px|||&#8221; global_colors_info=&#8221;{}&#8221;][et_pb_row _builder_version=&#8221;4.27.0&#8243; _module_preset=&#8221;default&#8221; custom_margin=&#8221;|auto|32px|auto||&#8221; global_colors_info=&#8221;{}&#8221;][et_pb_column type=&#8221;4_4&#8243; _builder_version=&#8221;4.16&#8243; _module_preset=&#8221;default&#8221; global_colors_info=&#8221;{}&#8221;][et_pb_text _builder_version=&#8221;4.27.0&#8243; _module_preset=&#8221;d5dbb5d4-7ec7-4306-b6c5-1435f277faf4&#8243; text_font=&#8221;|700|||||||&#8221; text_font_size=&#8221;36px&#8221; header_font=&#8221;||||||||&#8221; header_text_color=&#8221;#000000&#8243; header_font_size=&#8221;60px&#8221; header_line_height=&#8221;1.2em&#8221; width=&#8221;70%&#8221; width_tablet=&#8221;&#8221; width_phone=&#8221;100%&#8221; width_last_edited=&#8221;on|phone&#8221; custom_margin=&#8221;||16px||false|false&#8221; header_font_size_tablet=&#8221;36px&#8221; header_font_size_phone=&#8221;24px&#8221; header_font_size_last_edited=&#8221;on|phone&#8221; global_colors_info=&#8221;{}&#8221;]<\/p>\n<p><span style=\"color: #ffffff;\">DOKTORSKA SEKCIJA<\/span><\/p>\n<p>[\/et_pb_text][et_pb_divider color=&#8221;#f7ca00&#8243; divider_position=&#8221;center&#8221; divider_weight=&#8221;3px&#8221; _builder_version=&#8221;4.27.0&#8243; _module_preset=&#8221;default&#8221; width=&#8221;15%&#8221; global_colors_info=&#8221;{}&#8221;][\/et_pb_divider][\/et_pb_column][\/et_pb_row][\/et_pb_section][et_pb_section fb_built=&#8221;1&#8243; _builder_version=&#8221;4.27.0&#8243; _module_preset=&#8221;default&#8221; background_color=&#8221;rgba(141,195,233,0.1)&#8221; custom_margin=&#8221;||||false|false&#8221; global_colors_info=&#8221;{}&#8221;][et_pb_row column_structure=&#8221;2_3,1_3&#8243; _builder_version=&#8221;4.27.0&#8243; _module_preset=&#8221;default&#8221; background_color=&#8221;#ffffff&#8221; custom_margin=&#8221;-80px||||false|false&#8221; custom_padding=&#8221;|2em||2em|false|false&#8221; border_radii=&#8221;on|0.5em|0.5em|0.5em|0.5em&#8221; global_colors_info=&#8221;{}&#8221;][et_pb_column type=&#8221;2_3&#8243; _builder_version=&#8221;4.27.0&#8243; _module_preset=&#8221;default&#8221; global_colors_info=&#8221;{}&#8221;][et_pb_text _builder_version=&#8221;4.27.0&#8243; _module_preset=&#8221;default&#8221; hover_enabled=&#8221;0&#8243; global_colors_info=&#8221;{}&#8221; sticky_enabled=&#8221;0&#8243;]<\/p>\n<p>Namen sekcije doktorskih \u0161tudentov 44. mednarodne konference o razvoju organizacijskih znanosti je spodbuditi in omogo\u010diti sodelovanje med doktorskimi \u0161tudenti razli\u010dnih univerz.<\/p>\n<p>Cilj te sekcije je omogo\u010diti doktorskim \u0161tudentom, da predstavijo svoje raziskave pred akademsko skupnostjo ter dobijo povratno informacijo od izku\u0161enih raziskovalcev z razli\u010dnih podro\u010dij, obenem pa dobijo prilo\u017enost za izmenjavo znanj in izku\u0161enj z namenom spodbujanja mladih znanstvenikov k sodelovanju.<\/p>\n<p>Od doktorskih \u0161tudentov se pri\u010dakuje, da predstavijo \u017ee dose\u017eene, delne ali kon\u010dne rezultate svojih raziskav. Ta sekcija je interdisciplinarna, tako da bodo teme odra\u017eale aktualne raziskave, ki jih izvajajo doktorski \u0161tudenti na razli\u010dnih podro\u010djih.<\/p>\n<p>Vsak kandidat bo imel na voljo omejen \u010das za predstavitev svojega dela ter diskusijo s publiko.<\/p>\n<p><strong>Predlagana struktura prispevkov je:<\/strong><\/p>\n<ol>\n<li>Uvod (opredelitev raziskovanega vpra\u0161anja, aktualnosti in izvirnosti raziskave)<\/li>\n<li>Metodologija (opredelitev raziskovalne strategije in metod)<\/li>\n<li>Rezultati (predstavitev dosedanjih rezultatov)<\/li>\n<li>Zaklju\u010dki<\/li>\n<\/ol>\n<p>Obseg celotnega referata je omejen do 12 strani.<\/p>\n<p>Uradni jezik te sekcije je\u00a0<strong>izklju\u010dno angle\u0161\u010dina<\/strong>.<\/p>\n<p>Avtor \u010dlanka je prvenstveno doktorski \u0161tudent (drugi avtor je lahko mentor). Prispevki bodo objavljeni v zborniku konference.<\/p>\n<p><strong>Med sprejetimi referati doktorske sekcije bo izbran najbolj\u0161i referat.<\/strong><\/p>\n<p>Sprejeti referati bodo objavljeni v zborniku referatov (spletna oblika z ISBN) konference.<\/p>\n<p>[\/et_pb_text][\/et_pb_column][et_pb_column type=&#8221;1_3&#8243; _builder_version=&#8221;4.27.0&#8243; _module_preset=&#8221;default&#8221; background_color=&#8221;rgba(141,195,233,0.06)&#8221; border_radii=&#8221;on|0.7em|0.7em|0.7em|0.7em&#8221; global_colors_info=&#8221;{}&#8221;][et_pb_sidebar show_border=&#8221;off&#8221; _builder_version=&#8221;4.27.0&#8243; _module_preset=&#8221;default&#8221; header_font_size=&#8221;18px&#8221; body_font=&#8221;|600|||||||&#8221; body_text_color=&#8221;#175988&#8243; body_font_size=&#8221;14px&#8221; body_line_height=&#8221;2.2em&#8221; background_enable_color=&#8221;off&#8221; text_orientation=&#8221;left&#8221; custom_padding=&#8221;1em|1em||1em|false|false&#8221; border_radii=&#8221;on|0.5em|0.5em|0.5em|0.5em&#8221; border_width_all=&#8221;1px&#8221; global_colors_info=&#8221;{}&#8221;][\/et_pb_sidebar][et_pb_sidebar area=&#8221;sidebar-5&#8243; _builder_version=&#8221;4.27.0&#8243; _module_preset=&#8221;default&#8221; custom_margin=&#8221;-7em||||false|false&#8221; custom_padding=&#8221;1em|1em|0px|1em|false|false&#8221; global_colors_info=&#8221;{}&#8221;][\/et_pb_sidebar][\/et_pb_column][\/et_pb_row][\/et_pb_section]<\/p>\n","protected":false},"excerpt":{"rendered":"<p>DOKTORSKA SEKCIJANamen sekcije doktorskih \u0161tudentov 44. mednarodne konference o razvoju organizacijskih znanosti je spodbuditi in omogo\u010diti sodelovanje med doktorskimi \u0161tudenti razli\u010dnih univerz. Cilj te sekcije je omogo\u010diti doktorskim \u0161tudentom, da predstavijo svoje raziskave pred akademsko skupnostjo ter dobijo povratno informacijo od izku\u0161enih raziskovalcev z razli\u010dnih podro\u010dij, obenem pa dobijo prilo\u017enost za izmenjavo znanj in izku\u0161enj [&hellip;]<\/p>\n","protected":false},"author":1,"featured_media":0,"parent":4534,"menu_order":0,"comment_status":"closed","ping_status":"closed","template":"","meta":{"_et_pb_use_builder":"on","_et_pb_old_content":"<!-- wp:divi\/placeholder \/-->","_et_gb_content_width":"","_exactmetrics_skip_tracking":false,"_exactmetrics_sitenote_active":false,"_exactmetrics_sitenote_note":"","_exactmetrics_sitenote_category":0,"_monsterinsights_skip_tracking":false,"_monsterinsights_sitenote_active":false,"_monsterinsights_sitenote_note":"","_monsterinsights_sitenote_category":0,"footnotes":""},"class_list":["post-4701","page","type-page","status-publish","hentry"],"yoast_head":"<!-- This site is optimized with the Yoast SEO plugin v27.3 - https:\/\/yoast.com\/product\/yoast-seo-wordpress\/ -->\n<title>Doktorska sekcija - 44th International Conference on Organizational Science Development<\/title>\n<meta name=\"robots\" content=\"index, follow, max-snippet:-1, max-image-preview:large, max-video-preview:-1\" \/>\n<link rel=\"canonical\" href=\"https:\/\/arhiv.fov.um.si\/konferenca25\/o-konferenci\/doktorska-sekcija\/\" \/>\n<meta property=\"og:locale\" content=\"en_US\" \/>\n<meta property=\"og:type\" content=\"article\" \/>\n<meta property=\"og:title\" content=\"Doktorska sekcija - 44th International Conference on Organizational Science Development\" \/>\n<meta property=\"og:description\" content=\"DOKTORSKA SEKCIJANamen sekcije doktorskih \u0161tudentov 44. mednarodne konference o razvoju organizacijskih znanosti je spodbuditi in omogo\u010diti sodelovanje med doktorskimi \u0161tudenti razli\u010dnih univerz. Cilj te sekcije je omogo\u010diti doktorskim \u0161tudentom, da predstavijo svoje raziskave pred akademsko skupnostjo ter dobijo povratno informacijo od izku\u0161enih raziskovalcev z razli\u010dnih podro\u010dij, obenem pa dobijo prilo\u017enost za izmenjavo znanj in izku\u0161enj [&hellip;]\" \/>\n<meta property=\"og:url\" content=\"https:\/\/arhiv.fov.um.si\/konferenca25\/o-konferenci\/doktorska-sekcija\/\" \/>\n<meta property=\"og:site_name\" content=\"44th International Conference on Organizational Science Development\" \/>\n<meta property=\"article:modified_time\" content=\"2024-08-12T08:31:46+00:00\" \/>\n<meta name=\"twitter:card\" content=\"summary_large_image\" \/>\n<meta name=\"twitter:label1\" content=\"Est. reading time\" \/>\n\t<meta name=\"twitter:data1\" content=\"2 minutes\" \/>\n<script type=\"application\/ld+json\" class=\"yoast-schema-graph\">{\"@context\":\"https:\\\/\\\/schema.org\",\"@graph\":[{\"@type\":\"WebPage\",\"@id\":\"https:\\\/\\\/arhiv.fov.um.si\\\/konferenca25\\\/o-konferenci\\\/doktorska-sekcija\\\/\",\"url\":\"https:\\\/\\\/arhiv.fov.um.si\\\/konferenca25\\\/o-konferenci\\\/doktorska-sekcija\\\/\",\"name\":\"Doktorska sekcija - 44th International Conference on Organizational Science Development\",\"isPartOf\":{\"@id\":\"https:\\\/\\\/arhiv.fov.um.si\\\/konferenca25\\\/#website\"},\"datePublished\":\"2024-08-07T10:49:26+00:00\",\"dateModified\":\"2024-08-12T08:31:46+00:00\",\"breadcrumb\":{\"@id\":\"https:\\\/\\\/arhiv.fov.um.si\\\/konferenca25\\\/o-konferenci\\\/doktorska-sekcija\\\/#breadcrumb\"},\"inLanguage\":\"en-US\",\"potentialAction\":[{\"@type\":\"ReadAction\",\"target\":[\"https:\\\/\\\/arhiv.fov.um.si\\\/konferenca25\\\/o-konferenci\\\/doktorska-sekcija\\\/\"]}]},{\"@type\":\"BreadcrumbList\",\"@id\":\"https:\\\/\\\/arhiv.fov.um.si\\\/konferenca25\\\/o-konferenci\\\/doktorska-sekcija\\\/#breadcrumb\",\"itemListElement\":[{\"@type\":\"ListItem\",\"position\":1,\"name\":\"Home\",\"item\":\"https:\\\/\\\/arhiv.fov.um.si\\\/konferenca25\\\/\"},{\"@type\":\"ListItem\",\"position\":2,\"name\":\"O konferenci\",\"item\":\"https:\\\/\\\/arhiv.fov.um.si\\\/konferenca25\\\/o-konferenci\\\/\"},{\"@type\":\"ListItem\",\"position\":3,\"name\":\"Doktorska sekcija\"}]},{\"@type\":\"WebSite\",\"@id\":\"https:\\\/\\\/arhiv.fov.um.si\\\/konferenca25\\\/#website\",\"url\":\"https:\\\/\\\/arhiv.fov.um.si\\\/konferenca25\\\/\",\"name\":\"44th International Conference on Organizational Science Development\",\"description\":\"\",\"potentialAction\":[{\"@type\":\"SearchAction\",\"target\":{\"@type\":\"EntryPoint\",\"urlTemplate\":\"https:\\\/\\\/arhiv.fov.um.si\\\/konferenca25\\\/?s={search_term_string}\"},\"query-input\":{\"@type\":\"PropertyValueSpecification\",\"valueRequired\":true,\"valueName\":\"search_term_string\"}}],\"inLanguage\":\"en-US\"}]}<\/script>\n<!-- \/ Yoast SEO plugin. -->","yoast_head_json":{"title":"Doktorska sekcija - 44th International Conference on Organizational Science Development","robots":{"index":"index","follow":"follow","max-snippet":"max-snippet:-1","max-image-preview":"max-image-preview:large","max-video-preview":"max-video-preview:-1"},"canonical":"https:\/\/arhiv.fov.um.si\/konferenca25\/o-konferenci\/doktorska-sekcija\/","og_locale":"en_US","og_type":"article","og_title":"Doktorska sekcija - 44th International Conference on Organizational Science Development","og_description":"DOKTORSKA SEKCIJANamen sekcije doktorskih \u0161tudentov 44. mednarodne konference o razvoju organizacijskih znanosti je spodbuditi in omogo\u010diti sodelovanje med doktorskimi \u0161tudenti razli\u010dnih univerz. Cilj te sekcije je omogo\u010diti doktorskim \u0161tudentom, da predstavijo svoje raziskave pred akademsko skupnostjo ter dobijo povratno informacijo od izku\u0161enih raziskovalcev z razli\u010dnih podro\u010dij, obenem pa dobijo prilo\u017enost za izmenjavo znanj in izku\u0161enj [&hellip;]","og_url":"https:\/\/arhiv.fov.um.si\/konferenca25\/o-konferenci\/doktorska-sekcija\/","og_site_name":"44th International Conference on Organizational Science Development","article_modified_time":"2024-08-12T08:31:46+00:00","twitter_card":"summary_large_image","twitter_misc":{"Est. reading time":"2 minutes"},"schema":{"@context":"https:\/\/schema.org","@graph":[{"@type":"WebPage","@id":"https:\/\/arhiv.fov.um.si\/konferenca25\/o-konferenci\/doktorska-sekcija\/","url":"https:\/\/arhiv.fov.um.si\/konferenca25\/o-konferenci\/doktorska-sekcija\/","name":"Doktorska sekcija - 44th International Conference on Organizational Science Development","isPartOf":{"@id":"https:\/\/arhiv.fov.um.si\/konferenca25\/#website"},"datePublished":"2024-08-07T10:49:26+00:00","dateModified":"2024-08-12T08:31:46+00:00","breadcrumb":{"@id":"https:\/\/arhiv.fov.um.si\/konferenca25\/o-konferenci\/doktorska-sekcija\/#breadcrumb"},"inLanguage":"en-US","potentialAction":[{"@type":"ReadAction","target":["https:\/\/arhiv.fov.um.si\/konferenca25\/o-konferenci\/doktorska-sekcija\/"]}]},{"@type":"BreadcrumbList","@id":"https:\/\/arhiv.fov.um.si\/konferenca25\/o-konferenci\/doktorska-sekcija\/#breadcrumb","itemListElement":[{"@type":"ListItem","position":1,"name":"Home","item":"https:\/\/arhiv.fov.um.si\/konferenca25\/"},{"@type":"ListItem","position":2,"name":"O konferenci","item":"https:\/\/arhiv.fov.um.si\/konferenca25\/o-konferenci\/"},{"@type":"ListItem","position":3,"name":"Doktorska sekcija"}]},{"@type":"WebSite","@id":"https:\/\/arhiv.fov.um.si\/konferenca25\/#website","url":"https:\/\/arhiv.fov.um.si\/konferenca25\/","name":"44th International Conference on Organizational Science Development","description":"","potentialAction":[{"@type":"SearchAction","target":{"@type":"EntryPoint","urlTemplate":"https:\/\/arhiv.fov.um.si\/konferenca25\/?s={search_term_string}"},"query-input":{"@type":"PropertyValueSpecification","valueRequired":true,"valueName":"search_term_string"}}],"inLanguage":"en-US"}]}},"rttpg_featured_image_url":null,"rttpg_author":{"display_name":"admin","author_link":"https:\/\/arhiv.fov.um.si\/konferenca25\/author\/admin\/"},"rttpg_comment":0,"rttpg_category":" <a href=\"https:\/\/arhiv.fov.um.si\/konferenca25\/\" rel=\"tag\">Sloven\u0161\u010dina<\/a>","rttpg_excerpt":"DOKTORSKA SEKCIJANamen sekcije doktorskih \u0161tudentov 44. mednarodne konference o razvoju organizacijskih znanosti je spodbuditi in omogo\u010diti sodelovanje med doktorskimi \u0161tudenti razli\u010dnih univerz. Cilj te sekcije je omogo\u010diti doktorskim \u0161tudentom, da predstavijo svoje raziskave pred akademsko skupnostjo ter dobijo povratno informacijo od izku\u0161enih raziskovalcev z razli\u010dnih podro\u010dij, obenem pa dobijo prilo\u017enost za izmenjavo znanj in izku\u0161enj&hellip;","_links":{"self":[{"href":"https:\/\/arhiv.fov.um.si\/konferenca25\/wp-json\/wp\/v2\/pages\/4701","targetHints":{"allow":["GET"]}}],"collection":[{"href":"https:\/\/arhiv.fov.um.si\/konferenca25\/wp-json\/wp\/v2\/pages"}],"about":[{"href":"https:\/\/arhiv.fov.um.si\/konferenca25\/wp-json\/wp\/v2\/types\/page"}],"author":[{"embeddable":true,"href":"https:\/\/arhiv.fov.um.si\/konferenca25\/wp-json\/wp\/v2\/users\/1"}],"replies":[{"embeddable":true,"href":"https:\/\/arhiv.fov.um.si\/konferenca25\/wp-json\/wp\/v2\/comments?post=4701"}],"version-history":[{"count":5,"href":"https:\/\/arhiv.fov.um.si\/konferenca25\/wp-json\/wp\/v2\/pages\/4701\/revisions"}],"predecessor-version":[{"id":5131,"href":"https:\/\/arhiv.fov.um.si\/konferenca25\/wp-json\/wp\/v2\/pages\/4701\/revisions\/5131"}],"up":[{"embeddable":true,"href":"https:\/\/arhiv.fov.um.si\/konferenca25\/wp-json\/wp\/v2\/pages\/4534"}],"wp:attachment":[{"href":"https:\/\/arhiv.fov.um.si\/konferenca25\/wp-json\/wp\/v2\/media?parent=4701"}],"curies":[{"name":"wp","href":"https:\/\/api.w.org\/{rel}","templated":true}]}}