{"id":4703,"date":"2024-08-07T11:49:37","date_gmt":"2024-08-07T10:49:37","guid":{"rendered":"https:\/\/konferenca.fov.um.si\/?page_id=4703"},"modified":"2024-08-13T13:19:04","modified_gmt":"2024-08-13T12:19:04","slug":"poster-sekcija","status":"publish","type":"page","link":"https:\/\/arhiv.fov.um.si\/konferenca25\/o-konferenci\/poster-sekcija\/","title":{"rendered":"Poster sekcija"},"content":{"rendered":"<p>[et_pb_section fb_built=&#8221;1&#8243; _builder_version=&#8221;4.27.0&#8243; _module_preset=&#8221;default&#8221; use_background_color_gradient=&#8221;on&#8221; background_color_gradient_direction=&#8221;91deg&#8221; background_color_gradient_stops=&#8221;#175988 0%|rgba(116, 155, 184, 1) 58%|#ffffff 100%&#8221; background_pattern_horizontal_offset=&#8221;0%&#8221; background_pattern_vertical_offset=&#8221;0%&#8221; custom_padding=&#8221;31px||18px|||&#8221; global_colors_info=&#8221;{}&#8221;][et_pb_row _builder_version=&#8221;4.27.0&#8243; _module_preset=&#8221;default&#8221; custom_margin=&#8221;|auto|32px|auto||&#8221; global_colors_info=&#8221;{}&#8221;][et_pb_column type=&#8221;4_4&#8243; _builder_version=&#8221;4.16&#8243; _module_preset=&#8221;default&#8221; global_colors_info=&#8221;{}&#8221;][et_pb_text _builder_version=&#8221;4.27.0&#8243; _module_preset=&#8221;d5dbb5d4-7ec7-4306-b6c5-1435f277faf4&#8243; text_font=&#8221;|700|||||||&#8221; text_font_size=&#8221;36px&#8221; header_font=&#8221;||||||||&#8221; header_text_color=&#8221;#000000&#8243; header_font_size=&#8221;60px&#8221; header_line_height=&#8221;1.2em&#8221; width=&#8221;70%&#8221; width_tablet=&#8221;&#8221; width_phone=&#8221;100%&#8221; width_last_edited=&#8221;on|phone&#8221; custom_margin=&#8221;||16px||false|false&#8221; header_font_size_tablet=&#8221;36px&#8221; header_font_size_phone=&#8221;24px&#8221; header_font_size_last_edited=&#8221;on|phone&#8221; global_colors_info=&#8221;{}&#8221;]<\/p>\n<p><span style=\"color: #ffffff;\">POSTER SEKCIJA<\/span><\/p>\n<p>[\/et_pb_text][et_pb_divider color=&#8221;#f7ca00&#8243; divider_position=&#8221;center&#8221; divider_weight=&#8221;3px&#8221; _builder_version=&#8221;4.27.0&#8243; _module_preset=&#8221;default&#8221; width=&#8221;15%&#8221; global_colors_info=&#8221;{}&#8221;][\/et_pb_divider][\/et_pb_column][\/et_pb_row][\/et_pb_section][et_pb_section fb_built=&#8221;1&#8243; _builder_version=&#8221;4.27.0&#8243; _module_preset=&#8221;default&#8221; background_color=&#8221;rgba(141,195,233,0.1)&#8221; custom_margin=&#8221;||||false|false&#8221; global_colors_info=&#8221;{}&#8221;][et_pb_row column_structure=&#8221;2_3,1_3&#8243; _builder_version=&#8221;4.27.0&#8243; _module_preset=&#8221;default&#8221; background_color=&#8221;#ffffff&#8221; custom_margin=&#8221;-80px||||false|false&#8221; custom_padding=&#8221;|2em||2em|false|false&#8221; border_radii=&#8221;on|0.5em|0.5em|0.5em|0.5em&#8221; global_colors_info=&#8221;{}&#8221;][et_pb_column type=&#8221;2_3&#8243; _builder_version=&#8221;4.27.0&#8243; _module_preset=&#8221;default&#8221; global_colors_info=&#8221;{}&#8221;][et_pb_text _builder_version=&#8221;4.27.0&#8243; _module_preset=&#8221;default&#8221; hover_enabled=&#8221;0&#8243; global_colors_info=&#8221;{}&#8221; sticky_enabled=&#8221;0&#8243;]<\/p>\n<p>V okviru 44. mednarodne konference o razvoju organizacijskih znanosti bomo vsem \u0161tudentom \u017eeljnim sodelovanja pri iskanju novih in sodobnih re\u0161itev omogo\u010dili, da tudi izven procesa izobra\u017eevanja poka\u017eejo svoje poglede in ideje, ki bi lahko spodbudile razvoj okolja. Omogo\u010dili bomo permanentno in aktivno predstavitev inovativnih re\u0161itev v delovanju organizacij. To predstavitev bodo pripravili \u0161tudenti v okviru Sekcije posterjev in bo namenjena kongresni publiki.<\/p>\n<p>Mentorji, spodbudite svoje \u0161tudente, diplomante, magistrante in doktorande, da svoje ideje predstavijo v Sekciji posterjev. Raziskovalni rezultati in metodologija bo lahko povsem enakovredni ostalim debatnim sekcijam, saj bomo izbrali deset najbolj\u0161ih predstavitev in avtorje pozvali, naj posredujejo raz\u0161irjene oblike svojih raziskav. Te bodo enakovredne objavam, ki bodo sprejete v zbornik konference.<\/p>\n<p>Posterji, ki jih bodo \u0161tudenti, poleg opisa pripravili v sodelovanju z mentorjem, bodo predstavljeni v posebni sekciji. Ocenjevala jih bo posebna strokovna komisija. Izbrani posterji bodo nagrajeni.<\/p>\n<p><strong>Posterje pa lahko pripravijo tudi drugi udele\u017eenci konference.<\/strong><\/p>\n<p>Avtorji posterjev naj svoje strokovno podro\u010dje omejijo v okviru tematike leto\u0161nje konference. Strokovno podro\u010dje tematik je \u0161iroko in je namenjeno prav vsem \u0161tudentom, ne glede na smer in vrsto izobra\u017eevanja. \u0160tudenti lahko predstavijo lastno avtorsko delo, ki po mnenju njihovih mentorjev izpolnjuje zastavljene okvire.<\/p>\n<p>Izkoristite mo\u017enost promocije znanja, idej in strategij ter mre\u017eenja v okviru konference. Svojo karierno pot lahko za\u010dnete dovolj zgodaj in vanjo vpnete potrebna znanja, ki jih pridobivate s formalnim in neformalnim izobra\u017eevanjem.<\/p>\n<p>Po posvetu z mentorjem mora \u0161tudent ali skupina \u0161tudentov oz. drugi avtorji predlo\u017eiti kratek predlog (najve\u010d 2 strani), ki opisuje idejo, ugotovitev ali predstavitev lastne raziskave.<\/p>\n<p>Svoje predloge po\u0161ljite na naslov<span>\u00a0<\/span><strong>cis.fov@um.si<\/strong><span>\u00a0<\/span>s pripisom<span>\u00a0<\/span><strong>Prijava projekta \u2013 Posterji, najkasneje do 31. januarja 2025<\/strong>.<\/p>\n<p>O sprejetju va\u0161ega predloga bo odlo\u010dala posebna komisija.<\/p>\n<p>Svoje ideje bodo \u0161tudenti predstavili na sami konferenci, na katero se prijavijo kot udele\u017eenci. Na konferenco s seboj prinesejo tudi plakate, ki jih bodo izobesili na panoje. Plakati bodo na ogled ves \u010das konference.<\/p>\n<p>Sekcija posterjev bo imela tudi svoj termin predstavitev, ko se od avtorjev pri\u010dakuje obvezna prisotnost. V tem terminu so predvidena individualna sre\u010danja z zainteresirano publiko in individualne predstavitve avtorskih del obiskovalcem. Pri \u0161tudentskih predstavitvah je lahko prisoten tudi mentor.<\/p>\n<p><strong>Opis posterja mora vsebovati:<\/strong><\/p>\n<ul>\n<li>naslov,<\/li>\n<li>sporo\u010dilo (podnaslov),<\/li>\n<li>uvod,<\/li>\n<li>eksperiment,<\/li>\n<li>rezultate,<\/li>\n<li>diskusijo in<\/li>\n<li>zaklju\u010dke.<\/li>\n<\/ul>\n<p>Nasvet: Pazite, da na posterju ni preve\u010d teksta, izogibajte se nepregledni strukturi in nejasnim slikam. Opis posterja je omejen na 10.000 znakov (s presledki) oziroma 5 strani.<\/p>\n<p>Uradna jezika te sekcije sta angle\u0161\u010dina in sloven\u0161\u010dina.<\/p>\n<p><a href=\"https:\/\/konferenca.fov.um.si\/wp-content\/uploads\/2019\/11\/Navodila-za-oblikovanje-posterja.pdf\" role=\"link\">Navodila za oblikovanje posterja<\/a><\/p>\n<p><a href=\"https:\/\/konferenca.fov.um.si\/wp-content\/uploads\/2024\/08\/Poster_predloga_25.pptx\" role=\"link\">Predloga za oblikovanje posterja<\/a><\/p>\n<p>[\/et_pb_text][\/et_pb_column][et_pb_column type=&#8221;1_3&#8243; _builder_version=&#8221;4.27.0&#8243; _module_preset=&#8221;default&#8221; background_color=&#8221;rgba(141,195,233,0.06)&#8221; border_radii=&#8221;on|0.7em|0.7em|0.7em|0.7em&#8221; global_colors_info=&#8221;{}&#8221;][et_pb_sidebar show_border=&#8221;off&#8221; _builder_version=&#8221;4.27.0&#8243; _module_preset=&#8221;default&#8221; header_font_size=&#8221;18px&#8221; body_font=&#8221;|600|||||||&#8221; body_text_color=&#8221;#175988&#8243; body_font_size=&#8221;14px&#8221; body_line_height=&#8221;2.2em&#8221; background_enable_color=&#8221;off&#8221; text_orientation=&#8221;left&#8221; custom_padding=&#8221;1em|1em||1em|false|false&#8221; border_radii=&#8221;on|0.5em|0.5em|0.5em|0.5em&#8221; border_width_all=&#8221;1px&#8221; global_colors_info=&#8221;{}&#8221;][\/et_pb_sidebar][et_pb_sidebar area=&#8221;sidebar-5&#8243; _builder_version=&#8221;4.27.0&#8243; _module_preset=&#8221;default&#8221; custom_margin=&#8221;-7em||||false|false&#8221; custom_padding=&#8221;1em|1em|0px|1em|false|false&#8221; global_colors_info=&#8221;{}&#8221;][\/et_pb_sidebar][\/et_pb_column][\/et_pb_row][\/et_pb_section]<\/p>\n","protected":false},"excerpt":{"rendered":"<p>POSTER SEKCIJAV okviru 44. mednarodne konference o razvoju organizacijskih znanosti bomo vsem \u0161tudentom \u017eeljnim sodelovanja pri iskanju novih in sodobnih re\u0161itev omogo\u010dili, da tudi izven procesa izobra\u017eevanja poka\u017eejo svoje poglede in ideje, ki bi lahko spodbudile razvoj okolja. Omogo\u010dili bomo permanentno in aktivno predstavitev inovativnih re\u0161itev v delovanju organizacij. To predstavitev bodo pripravili \u0161tudenti v [&hellip;]<\/p>\n","protected":false},"author":1,"featured_media":0,"parent":4534,"menu_order":0,"comment_status":"closed","ping_status":"closed","template":"","meta":{"_et_pb_use_builder":"on","_et_pb_old_content":"<!-- wp:divi\/placeholder \/-->","_et_gb_content_width":"","_exactmetrics_skip_tracking":false,"_exactmetrics_sitenote_active":false,"_exactmetrics_sitenote_note":"","_exactmetrics_sitenote_category":0,"_monsterinsights_skip_tracking":false,"_monsterinsights_sitenote_active":false,"_monsterinsights_sitenote_note":"","_monsterinsights_sitenote_category":0,"footnotes":""},"class_list":["post-4703","page","type-page","status-publish","hentry"],"yoast_head":"<!-- This site is optimized with the Yoast SEO plugin v27.3 - https:\/\/yoast.com\/product\/yoast-seo-wordpress\/ -->\n<title>Poster sekcija - 44th International Conference on Organizational Science Development<\/title>\n<meta name=\"robots\" content=\"index, follow, max-snippet:-1, max-image-preview:large, max-video-preview:-1\" \/>\n<link rel=\"canonical\" href=\"https:\/\/arhiv.fov.um.si\/konferenca25\/o-konferenci\/poster-sekcija\/\" \/>\n<meta property=\"og:locale\" content=\"en_US\" \/>\n<meta property=\"og:type\" content=\"article\" \/>\n<meta property=\"og:title\" content=\"Poster sekcija - 44th International Conference on Organizational Science Development\" \/>\n<meta property=\"og:description\" content=\"POSTER SEKCIJAV okviru 44. mednarodne konference o razvoju organizacijskih znanosti bomo vsem \u0161tudentom \u017eeljnim sodelovanja pri iskanju novih in sodobnih re\u0161itev omogo\u010dili, da tudi izven procesa izobra\u017eevanja poka\u017eejo svoje poglede in ideje, ki bi lahko spodbudile razvoj okolja. Omogo\u010dili bomo permanentno in aktivno predstavitev inovativnih re\u0161itev v delovanju organizacij. To predstavitev bodo pripravili \u0161tudenti v [&hellip;]\" \/>\n<meta property=\"og:url\" content=\"https:\/\/arhiv.fov.um.si\/konferenca25\/o-konferenci\/poster-sekcija\/\" \/>\n<meta property=\"og:site_name\" content=\"44th International Conference on Organizational Science Development\" \/>\n<meta property=\"article:modified_time\" content=\"2024-08-13T12:19:04+00:00\" \/>\n<meta name=\"twitter:card\" content=\"summary_large_image\" \/>\n<meta name=\"twitter:label1\" content=\"Est. reading time\" \/>\n\t<meta name=\"twitter:data1\" content=\"3 minutes\" \/>\n<script type=\"application\/ld+json\" class=\"yoast-schema-graph\">{\"@context\":\"https:\\\/\\\/schema.org\",\"@graph\":[{\"@type\":\"WebPage\",\"@id\":\"https:\\\/\\\/arhiv.fov.um.si\\\/konferenca25\\\/o-konferenci\\\/poster-sekcija\\\/\",\"url\":\"https:\\\/\\\/arhiv.fov.um.si\\\/konferenca25\\\/o-konferenci\\\/poster-sekcija\\\/\",\"name\":\"Poster sekcija - 44th International Conference on Organizational Science Development\",\"isPartOf\":{\"@id\":\"https:\\\/\\\/arhiv.fov.um.si\\\/konferenca25\\\/#website\"},\"datePublished\":\"2024-08-07T10:49:37+00:00\",\"dateModified\":\"2024-08-13T12:19:04+00:00\",\"breadcrumb\":{\"@id\":\"https:\\\/\\\/arhiv.fov.um.si\\\/konferenca25\\\/o-konferenci\\\/poster-sekcija\\\/#breadcrumb\"},\"inLanguage\":\"en-US\",\"potentialAction\":[{\"@type\":\"ReadAction\",\"target\":[\"https:\\\/\\\/arhiv.fov.um.si\\\/konferenca25\\\/o-konferenci\\\/poster-sekcija\\\/\"]}]},{\"@type\":\"BreadcrumbList\",\"@id\":\"https:\\\/\\\/arhiv.fov.um.si\\\/konferenca25\\\/o-konferenci\\\/poster-sekcija\\\/#breadcrumb\",\"itemListElement\":[{\"@type\":\"ListItem\",\"position\":1,\"name\":\"Home\",\"item\":\"https:\\\/\\\/arhiv.fov.um.si\\\/konferenca25\\\/\"},{\"@type\":\"ListItem\",\"position\":2,\"name\":\"O konferenci\",\"item\":\"https:\\\/\\\/arhiv.fov.um.si\\\/konferenca25\\\/o-konferenci\\\/\"},{\"@type\":\"ListItem\",\"position\":3,\"name\":\"Poster sekcija\"}]},{\"@type\":\"WebSite\",\"@id\":\"https:\\\/\\\/arhiv.fov.um.si\\\/konferenca25\\\/#website\",\"url\":\"https:\\\/\\\/arhiv.fov.um.si\\\/konferenca25\\\/\",\"name\":\"44th International Conference on Organizational Science Development\",\"description\":\"\",\"potentialAction\":[{\"@type\":\"SearchAction\",\"target\":{\"@type\":\"EntryPoint\",\"urlTemplate\":\"https:\\\/\\\/arhiv.fov.um.si\\\/konferenca25\\\/?s={search_term_string}\"},\"query-input\":{\"@type\":\"PropertyValueSpecification\",\"valueRequired\":true,\"valueName\":\"search_term_string\"}}],\"inLanguage\":\"en-US\"}]}<\/script>\n<!-- \/ Yoast SEO plugin. -->","yoast_head_json":{"title":"Poster sekcija - 44th International Conference on Organizational Science Development","robots":{"index":"index","follow":"follow","max-snippet":"max-snippet:-1","max-image-preview":"max-image-preview:large","max-video-preview":"max-video-preview:-1"},"canonical":"https:\/\/arhiv.fov.um.si\/konferenca25\/o-konferenci\/poster-sekcija\/","og_locale":"en_US","og_type":"article","og_title":"Poster sekcija - 44th International Conference on Organizational Science Development","og_description":"POSTER SEKCIJAV okviru 44. mednarodne konference o razvoju organizacijskih znanosti bomo vsem \u0161tudentom \u017eeljnim sodelovanja pri iskanju novih in sodobnih re\u0161itev omogo\u010dili, da tudi izven procesa izobra\u017eevanja poka\u017eejo svoje poglede in ideje, ki bi lahko spodbudile razvoj okolja. Omogo\u010dili bomo permanentno in aktivno predstavitev inovativnih re\u0161itev v delovanju organizacij. To predstavitev bodo pripravili \u0161tudenti v [&hellip;]","og_url":"https:\/\/arhiv.fov.um.si\/konferenca25\/o-konferenci\/poster-sekcija\/","og_site_name":"44th International Conference on Organizational Science Development","article_modified_time":"2024-08-13T12:19:04+00:00","twitter_card":"summary_large_image","twitter_misc":{"Est. reading time":"3 minutes"},"schema":{"@context":"https:\/\/schema.org","@graph":[{"@type":"WebPage","@id":"https:\/\/arhiv.fov.um.si\/konferenca25\/o-konferenci\/poster-sekcija\/","url":"https:\/\/arhiv.fov.um.si\/konferenca25\/o-konferenci\/poster-sekcija\/","name":"Poster sekcija - 44th International Conference on Organizational Science Development","isPartOf":{"@id":"https:\/\/arhiv.fov.um.si\/konferenca25\/#website"},"datePublished":"2024-08-07T10:49:37+00:00","dateModified":"2024-08-13T12:19:04+00:00","breadcrumb":{"@id":"https:\/\/arhiv.fov.um.si\/konferenca25\/o-konferenci\/poster-sekcija\/#breadcrumb"},"inLanguage":"en-US","potentialAction":[{"@type":"ReadAction","target":["https:\/\/arhiv.fov.um.si\/konferenca25\/o-konferenci\/poster-sekcija\/"]}]},{"@type":"BreadcrumbList","@id":"https:\/\/arhiv.fov.um.si\/konferenca25\/o-konferenci\/poster-sekcija\/#breadcrumb","itemListElement":[{"@type":"ListItem","position":1,"name":"Home","item":"https:\/\/arhiv.fov.um.si\/konferenca25\/"},{"@type":"ListItem","position":2,"name":"O konferenci","item":"https:\/\/arhiv.fov.um.si\/konferenca25\/o-konferenci\/"},{"@type":"ListItem","position":3,"name":"Poster sekcija"}]},{"@type":"WebSite","@id":"https:\/\/arhiv.fov.um.si\/konferenca25\/#website","url":"https:\/\/arhiv.fov.um.si\/konferenca25\/","name":"44th International Conference on Organizational Science Development","description":"","potentialAction":[{"@type":"SearchAction","target":{"@type":"EntryPoint","urlTemplate":"https:\/\/arhiv.fov.um.si\/konferenca25\/?s={search_term_string}"},"query-input":{"@type":"PropertyValueSpecification","valueRequired":true,"valueName":"search_term_string"}}],"inLanguage":"en-US"}]}},"rttpg_featured_image_url":null,"rttpg_author":{"display_name":"admin","author_link":"https:\/\/arhiv.fov.um.si\/konferenca25\/author\/admin\/"},"rttpg_comment":0,"rttpg_category":" <a href=\"https:\/\/arhiv.fov.um.si\/konferenca25\/\" rel=\"tag\">Sloven\u0161\u010dina<\/a>","rttpg_excerpt":"POSTER SEKCIJAV okviru 44. mednarodne konference o razvoju organizacijskih znanosti bomo vsem \u0161tudentom \u017eeljnim sodelovanja pri iskanju novih in sodobnih re\u0161itev omogo\u010dili, da tudi izven procesa izobra\u017eevanja poka\u017eejo svoje poglede in ideje, ki bi lahko spodbudile razvoj okolja. Omogo\u010dili bomo permanentno in aktivno predstavitev inovativnih re\u0161itev v delovanju organizacij. To predstavitev bodo pripravili \u0161tudenti v&hellip;","_links":{"self":[{"href":"https:\/\/arhiv.fov.um.si\/konferenca25\/wp-json\/wp\/v2\/pages\/4703","targetHints":{"allow":["GET"]}}],"collection":[{"href":"https:\/\/arhiv.fov.um.si\/konferenca25\/wp-json\/wp\/v2\/pages"}],"about":[{"href":"https:\/\/arhiv.fov.um.si\/konferenca25\/wp-json\/wp\/v2\/types\/page"}],"author":[{"embeddable":true,"href":"https:\/\/arhiv.fov.um.si\/konferenca25\/wp-json\/wp\/v2\/users\/1"}],"replies":[{"embeddable":true,"href":"https:\/\/arhiv.fov.um.si\/konferenca25\/wp-json\/wp\/v2\/comments?post=4703"}],"version-history":[{"count":7,"href":"https:\/\/arhiv.fov.um.si\/konferenca25\/wp-json\/wp\/v2\/pages\/4703\/revisions"}],"predecessor-version":[{"id":5244,"href":"https:\/\/arhiv.fov.um.si\/konferenca25\/wp-json\/wp\/v2\/pages\/4703\/revisions\/5244"}],"up":[{"embeddable":true,"href":"https:\/\/arhiv.fov.um.si\/konferenca25\/wp-json\/wp\/v2\/pages\/4534"}],"wp:attachment":[{"href":"https:\/\/arhiv.fov.um.si\/konferenca25\/wp-json\/wp\/v2\/media?parent=4703"}],"curies":[{"name":"wp","href":"https:\/\/api.w.org\/{rel}","templated":true}]}}