{"id":4705,"date":"2024-08-07T11:49:53","date_gmt":"2024-08-07T10:49:53","guid":{"rendered":"https:\/\/konferenca.fov.um.si\/?page_id=4705"},"modified":"2025-02-26T10:07:37","modified_gmt":"2025-02-26T09:07:37","slug":"studentsko-tekmovanje-v-studiji-primera","status":"publish","type":"page","link":"https:\/\/arhiv.fov.um.si\/konferenca25\/o-konferenci\/studentsko-tekmovanje-v-studiji-primera\/","title":{"rendered":"\u0160tudentsko tekmovanje v \u0161tudiji primera"},"content":{"rendered":"<p>[et_pb_section fb_built=&#8221;1&#8243; _builder_version=&#8221;4.27.0&#8243; _module_preset=&#8221;default&#8221; use_background_color_gradient=&#8221;on&#8221; background_color_gradient_direction=&#8221;91deg&#8221; background_color_gradient_stops=&#8221;#175988 0%|rgba(116, 155, 184, 1) 58%|#ffffff 100%&#8221; background_pattern_horizontal_offset=&#8221;0%&#8221; background_pattern_vertical_offset=&#8221;0%&#8221; custom_padding=&#8221;31px||18px|||&#8221; global_colors_info=&#8221;{}&#8221;][et_pb_row _builder_version=&#8221;4.27.0&#8243; _module_preset=&#8221;default&#8221; custom_margin=&#8221;|auto|32px|auto||&#8221; global_colors_info=&#8221;{}&#8221;][et_pb_column type=&#8221;4_4&#8243; _builder_version=&#8221;4.16&#8243; _module_preset=&#8221;default&#8221; global_colors_info=&#8221;{}&#8221;][et_pb_text _builder_version=&#8221;4.27.4&#8243; _module_preset=&#8221;d5dbb5d4-7ec7-4306-b6c5-1435f277faf4&#8243; text_font=&#8221;|700|||||||&#8221; text_font_size=&#8221;28px&#8221; text_line_height=&#8221;1.8em&#8221; header_font=&#8221;||||||||&#8221; header_text_color=&#8221;#000000&#8243; header_font_size=&#8221;60px&#8221; header_line_height=&#8221;1.2em&#8221; width=&#8221;70%&#8221; width_tablet=&#8221;&#8221; width_phone=&#8221;100%&#8221; width_last_edited=&#8221;on|phone&#8221; custom_margin=&#8221;||16px||false|false&#8221; header_font_size_tablet=&#8221;36px&#8221; header_font_size_phone=&#8221;24px&#8221; header_font_size_last_edited=&#8221;on|phone&#8221; global_colors_info=&#8221;{}&#8221;]<span style=\"color: #ffffff;\">\u0160TUDENTSKO TEKMOVANJE V \u0160TUDIJI PRIMERA -STUDENT CASE STUDY COMPETITION 2025<\/span>[\/et_pb_text][et_pb_divider color=&#8221;#f7ca00&#8243; divider_position=&#8221;center&#8221; divider_weight=&#8221;3px&#8221; _builder_version=&#8221;4.27.0&#8243; _module_preset=&#8221;default&#8221; width=&#8221;15%&#8221; global_colors_info=&#8221;{}&#8221;][\/et_pb_divider][\/et_pb_column][\/et_pb_row][\/et_pb_section][et_pb_section fb_built=&#8221;1&#8243; _builder_version=&#8221;4.27.0&#8243; _module_preset=&#8221;default&#8221; background_color=&#8221;rgba(141,195,233,0.1)&#8221; custom_margin=&#8221;||||false|false&#8221; global_colors_info=&#8221;{}&#8221;][et_pb_row column_structure=&#8221;2_3,1_3&#8243; _builder_version=&#8221;4.27.0&#8243; _module_preset=&#8221;default&#8221; background_color=&#8221;#ffffff&#8221; custom_margin=&#8221;-80px||||false|false&#8221; custom_padding=&#8221;|2em||2em|false|false&#8221; border_radii=&#8221;on|0.5em|0.5em|0.5em|0.5em&#8221; global_colors_info=&#8221;{}&#8221;][et_pb_column type=&#8221;2_3&#8243; _builder_version=&#8221;4.27.0&#8243; _module_preset=&#8221;default&#8221; global_colors_info=&#8221;{}&#8221;][et_pb_text _builder_version=&#8221;4.27.2&#8243; _module_preset=&#8221;default&#8221; global_colors_info=&#8221;{}&#8221; custom_padding=&#8221;3px|||||&#8221;]<\/p>\n<h4><span style=\"color: #000000;\"><strong>Dear students &amp; mentors,<\/strong><\/span><\/h4>\n<p>&nbsp;<\/p>\n<p><span style=\"color: #000000;\"><span style=\"font-size: large;\"><strong>due to objective reasons, the Case Study Competition 2025 for students is postponed to next year. Thank you for your understanding.<\/strong><\/span><strong> <\/strong><\/span><\/p>\n<p><strong>________________________________________________________________________________________________________________<\/strong><\/p>\n<p>The concept of a case study is a methodologically and educationally oriented challenge, aimed at integration of different theoretical concepts and situations from the real business environment, in other words, a Case Study is a documented study of specific real-life situations, used as a training tool, where students are required to analyse the prescribed case and present their solutions to the company representatives. For this reason alone, the Case Study methodology allows participants a detailed insight into a practical business-oriented problem of a studied organization or a company, through diverse discussions as a method of active learning, which promotes the implementation and development of critical and creative thinking needed in the field of management.<\/p>\n<p>But case study competition isn\u2019t just a competition. It is a chance to present yourselves as an active part of student community, meet new people and employees (or company representatives) and learn new valuable skills.<\/p>\n<p><span data-teams=\"true\"><\/span><\/p>\n<p><span data-teams=\"true\">If you are interested in participating in the case study competition, please fill the questionnaire <a href=\"https:\/\/1ka.arnes.si\/a\/2a6a80fe\">here<\/a>,\u00a0and we will send you more information.<\/span><\/p>\n<h4><\/h4>\n<hr \/>\n<p>In case you need any help or if you have questions contact Career Center of the Faculty of Organizational Sciences<\/p>\n<p>Telephone number: +386 4 23 74 245Email address:<span>\u00a0<\/span><a href=\"mailto:karierni.fov@um.si\" role=\"link\">karierni.fov@um.si<\/a><\/p>\n<p><img loading=\"lazy\" decoding=\"async\" src=\"https:\/\/konferenca.fov.um.si\/wp-content\/uploads\/2023\/10\/2013_manjsa-1030x863.jpg\" width=\"1030\" height=\"863\" alt=\"\" class=\"wp-image-3753 alignnone size-large\" srcset=\"https:\/\/arhiv.fov.um.si\/konferenca25\/wp-content\/uploads\/2023\/10\/2013_manjsa-1030x863.jpg 1030w, https:\/\/arhiv.fov.um.si\/konferenca25\/wp-content\/uploads\/2023\/10\/2013_manjsa-300x251.jpg 300w, https:\/\/arhiv.fov.um.si\/konferenca25\/wp-content\/uploads\/2023\/10\/2013_manjsa-768x643.jpg 768w, https:\/\/arhiv.fov.um.si\/konferenca25\/wp-content\/uploads\/2023\/10\/2013_manjsa-1536x1286.jpg 1536w, https:\/\/arhiv.fov.um.si\/konferenca25\/wp-content\/uploads\/2023\/10\/2013_manjsa-2048x1715.jpg 2048w, https:\/\/arhiv.fov.um.si\/konferenca25\/wp-content\/uploads\/2023\/10\/2013_manjsa-1500x1256.jpg 1500w, https:\/\/arhiv.fov.um.si\/konferenca25\/wp-content\/uploads\/2023\/10\/2013_manjsa-705x590.jpg 705w, https:\/\/arhiv.fov.um.si\/konferenca25\/wp-content\/uploads\/2023\/10\/2013_manjsa-450x377.jpg 450w\" sizes=\"(max-width: 1030px) 100vw, 1030px\" \/><\/p>\n<p>[\/et_pb_text][\/et_pb_column][et_pb_column type=&#8221;1_3&#8243; _builder_version=&#8221;4.27.0&#8243; _module_preset=&#8221;default&#8221; background_color=&#8221;rgba(141,195,233,0.06)&#8221; border_radii=&#8221;on|0.7em|0.7em|0.7em|0.7em&#8221; global_colors_info=&#8221;{}&#8221;][et_pb_sidebar show_border=&#8221;off&#8221; _builder_version=&#8221;4.27.0&#8243; _module_preset=&#8221;default&#8221; header_font_size=&#8221;18px&#8221; body_font=&#8221;|600|||||||&#8221; body_text_color=&#8221;#175988&#8243; body_font_size=&#8221;14px&#8221; body_line_height=&#8221;2.2em&#8221; background_enable_color=&#8221;off&#8221; text_orientation=&#8221;left&#8221; custom_padding=&#8221;1em|1em||1em|false|false&#8221; border_radii=&#8221;on|0.5em|0.5em|0.5em|0.5em&#8221; border_width_all=&#8221;1px&#8221; global_colors_info=&#8221;{}&#8221;][\/et_pb_sidebar][et_pb_sidebar area=&#8221;sidebar-5&#8243; _builder_version=&#8221;4.27.0&#8243; _module_preset=&#8221;default&#8221; custom_margin=&#8221;-7em||||false|false&#8221; custom_padding=&#8221;1em|1em|0px|1em|false|false&#8221; global_colors_info=&#8221;{}&#8221;][\/et_pb_sidebar][\/et_pb_column][\/et_pb_row][\/et_pb_section]<\/p>\n","protected":false},"excerpt":{"rendered":"<p>\u0160TUDENTSKO TEKMOVANJE V \u0160TUDIJI PRIMERA -STUDENT CASE STUDY COMPETITION 2025Dear students &amp; mentors, &nbsp; due to objective reasons, the Case Study Competition 2025 for students is postponed to next year. Thank you for your understanding. ________________________________________________________________________________________________________________ The concept of a case study is a methodologically and educationally oriented challenge, aimed at integration of different theoretical [&hellip;]<\/p>\n","protected":false},"author":1,"featured_media":0,"parent":4534,"menu_order":0,"comment_status":"closed","ping_status":"closed","template":"","meta":{"_et_pb_use_builder":"on","_et_pb_old_content":"<!-- wp:divi\/placeholder \/-->","_et_gb_content_width":"","_exactmetrics_skip_tracking":false,"_exactmetrics_sitenote_active":false,"_exactmetrics_sitenote_note":"","_exactmetrics_sitenote_category":0,"_monsterinsights_skip_tracking":false,"_monsterinsights_sitenote_active":false,"_monsterinsights_sitenote_note":"","_monsterinsights_sitenote_category":0,"footnotes":""},"class_list":["post-4705","page","type-page","status-publish","hentry"],"yoast_head":"<!-- This site is optimized with the Yoast SEO plugin v27.3 - https:\/\/yoast.com\/product\/yoast-seo-wordpress\/ -->\n<title>\u0160tudentsko tekmovanje v \u0161tudiji primera - 44th International Conference on Organizational Science Development<\/title>\n<meta name=\"robots\" content=\"index, follow, max-snippet:-1, max-image-preview:large, max-video-preview:-1\" \/>\n<link rel=\"canonical\" href=\"https:\/\/arhiv.fov.um.si\/konferenca25\/o-konferenci\/studentsko-tekmovanje-v-studiji-primera\/\" \/>\n<meta property=\"og:locale\" content=\"en_US\" \/>\n<meta property=\"og:type\" content=\"article\" \/>\n<meta property=\"og:title\" content=\"\u0160tudentsko tekmovanje v \u0161tudiji primera - 44th International Conference on Organizational Science Development\" \/>\n<meta property=\"og:description\" content=\"\u0160TUDENTSKO TEKMOVANJE V \u0160TUDIJI PRIMERA -STUDENT CASE STUDY COMPETITION 2025Dear students &amp; mentors, &nbsp; due to objective reasons, the Case Study Competition 2025 for students is postponed to next year. Thank you for your understanding. ________________________________________________________________________________________________________________ The concept of a case study is a methodologically and educationally oriented challenge, aimed at integration of different theoretical [&hellip;]\" \/>\n<meta property=\"og:url\" content=\"https:\/\/arhiv.fov.um.si\/konferenca25\/o-konferenci\/studentsko-tekmovanje-v-studiji-primera\/\" \/>\n<meta property=\"og:site_name\" content=\"44th International Conference on Organizational Science Development\" \/>\n<meta property=\"article:modified_time\" content=\"2025-02-26T09:07:37+00:00\" \/>\n<meta property=\"og:image\" content=\"https:\/\/konferenca.fov.um.si\/wp-content\/uploads\/2023\/10\/2013_manjsa-1030x863.jpg\" \/>\n<meta name=\"twitter:card\" content=\"summary_large_image\" \/>\n<meta name=\"twitter:label1\" content=\"Est. reading time\" \/>\n\t<meta name=\"twitter:data1\" content=\"4 minutes\" \/>\n<script type=\"application\/ld+json\" class=\"yoast-schema-graph\">{\"@context\":\"https:\\\/\\\/schema.org\",\"@graph\":[{\"@type\":\"WebPage\",\"@id\":\"https:\\\/\\\/arhiv.fov.um.si\\\/konferenca25\\\/o-konferenci\\\/studentsko-tekmovanje-v-studiji-primera\\\/\",\"url\":\"https:\\\/\\\/arhiv.fov.um.si\\\/konferenca25\\\/o-konferenci\\\/studentsko-tekmovanje-v-studiji-primera\\\/\",\"name\":\"\u0160tudentsko tekmovanje v \u0161tudiji primera - 44th International Conference on Organizational Science Development\",\"isPartOf\":{\"@id\":\"https:\\\/\\\/arhiv.fov.um.si\\\/konferenca25\\\/#website\"},\"primaryImageOfPage\":{\"@id\":\"https:\\\/\\\/arhiv.fov.um.si\\\/konferenca25\\\/o-konferenci\\\/studentsko-tekmovanje-v-studiji-primera\\\/#primaryimage\"},\"image\":{\"@id\":\"https:\\\/\\\/arhiv.fov.um.si\\\/konferenca25\\\/o-konferenci\\\/studentsko-tekmovanje-v-studiji-primera\\\/#primaryimage\"},\"thumbnailUrl\":\"https:\\\/\\\/konferenca.fov.um.si\\\/wp-content\\\/uploads\\\/2023\\\/10\\\/2013_manjsa-1030x863.jpg\",\"datePublished\":\"2024-08-07T10:49:53+00:00\",\"dateModified\":\"2025-02-26T09:07:37+00:00\",\"breadcrumb\":{\"@id\":\"https:\\\/\\\/arhiv.fov.um.si\\\/konferenca25\\\/o-konferenci\\\/studentsko-tekmovanje-v-studiji-primera\\\/#breadcrumb\"},\"inLanguage\":\"en-US\",\"potentialAction\":[{\"@type\":\"ReadAction\",\"target\":[\"https:\\\/\\\/arhiv.fov.um.si\\\/konferenca25\\\/o-konferenci\\\/studentsko-tekmovanje-v-studiji-primera\\\/\"]}]},{\"@type\":\"ImageObject\",\"inLanguage\":\"en-US\",\"@id\":\"https:\\\/\\\/arhiv.fov.um.si\\\/konferenca25\\\/o-konferenci\\\/studentsko-tekmovanje-v-studiji-primera\\\/#primaryimage\",\"url\":\"https:\\\/\\\/konferenca.fov.um.si\\\/wp-content\\\/uploads\\\/2023\\\/10\\\/2013_manjsa-1030x863.jpg\",\"contentUrl\":\"https:\\\/\\\/konferenca.fov.um.si\\\/wp-content\\\/uploads\\\/2023\\\/10\\\/2013_manjsa-1030x863.jpg\"},{\"@type\":\"BreadcrumbList\",\"@id\":\"https:\\\/\\\/arhiv.fov.um.si\\\/konferenca25\\\/o-konferenci\\\/studentsko-tekmovanje-v-studiji-primera\\\/#breadcrumb\",\"itemListElement\":[{\"@type\":\"ListItem\",\"position\":1,\"name\":\"Home\",\"item\":\"https:\\\/\\\/arhiv.fov.um.si\\\/konferenca25\\\/\"},{\"@type\":\"ListItem\",\"position\":2,\"name\":\"O konferenci\",\"item\":\"https:\\\/\\\/arhiv.fov.um.si\\\/konferenca25\\\/o-konferenci\\\/\"},{\"@type\":\"ListItem\",\"position\":3,\"name\":\"\u0160tudentsko tekmovanje v \u0161tudiji primera\"}]},{\"@type\":\"WebSite\",\"@id\":\"https:\\\/\\\/arhiv.fov.um.si\\\/konferenca25\\\/#website\",\"url\":\"https:\\\/\\\/arhiv.fov.um.si\\\/konferenca25\\\/\",\"name\":\"44th International Conference on Organizational Science Development\",\"description\":\"\",\"potentialAction\":[{\"@type\":\"SearchAction\",\"target\":{\"@type\":\"EntryPoint\",\"urlTemplate\":\"https:\\\/\\\/arhiv.fov.um.si\\\/konferenca25\\\/?s={search_term_string}\"},\"query-input\":{\"@type\":\"PropertyValueSpecification\",\"valueRequired\":true,\"valueName\":\"search_term_string\"}}],\"inLanguage\":\"en-US\"}]}<\/script>\n<!-- \/ Yoast SEO plugin. -->","yoast_head_json":{"title":"\u0160tudentsko tekmovanje v \u0161tudiji primera - 44th International Conference on Organizational Science Development","robots":{"index":"index","follow":"follow","max-snippet":"max-snippet:-1","max-image-preview":"max-image-preview:large","max-video-preview":"max-video-preview:-1"},"canonical":"https:\/\/arhiv.fov.um.si\/konferenca25\/o-konferenci\/studentsko-tekmovanje-v-studiji-primera\/","og_locale":"en_US","og_type":"article","og_title":"\u0160tudentsko tekmovanje v \u0161tudiji primera - 44th International Conference on Organizational Science Development","og_description":"\u0160TUDENTSKO TEKMOVANJE V \u0160TUDIJI PRIMERA -STUDENT CASE STUDY COMPETITION 2025Dear students &amp; mentors, &nbsp; due to objective reasons, the Case Study Competition 2025 for students is postponed to next year. Thank you for your understanding. ________________________________________________________________________________________________________________ The concept of a case study is a methodologically and educationally oriented challenge, aimed at integration of different theoretical [&hellip;]","og_url":"https:\/\/arhiv.fov.um.si\/konferenca25\/o-konferenci\/studentsko-tekmovanje-v-studiji-primera\/","og_site_name":"44th International Conference on Organizational Science Development","article_modified_time":"2025-02-26T09:07:37+00:00","og_image":[{"url":"https:\/\/konferenca.fov.um.si\/wp-content\/uploads\/2023\/10\/2013_manjsa-1030x863.jpg","type":"","width":"","height":""}],"twitter_card":"summary_large_image","twitter_misc":{"Est. reading time":"4 minutes"},"schema":{"@context":"https:\/\/schema.org","@graph":[{"@type":"WebPage","@id":"https:\/\/arhiv.fov.um.si\/konferenca25\/o-konferenci\/studentsko-tekmovanje-v-studiji-primera\/","url":"https:\/\/arhiv.fov.um.si\/konferenca25\/o-konferenci\/studentsko-tekmovanje-v-studiji-primera\/","name":"\u0160tudentsko tekmovanje v \u0161tudiji primera - 44th International Conference on Organizational Science Development","isPartOf":{"@id":"https:\/\/arhiv.fov.um.si\/konferenca25\/#website"},"primaryImageOfPage":{"@id":"https:\/\/arhiv.fov.um.si\/konferenca25\/o-konferenci\/studentsko-tekmovanje-v-studiji-primera\/#primaryimage"},"image":{"@id":"https:\/\/arhiv.fov.um.si\/konferenca25\/o-konferenci\/studentsko-tekmovanje-v-studiji-primera\/#primaryimage"},"thumbnailUrl":"https:\/\/konferenca.fov.um.si\/wp-content\/uploads\/2023\/10\/2013_manjsa-1030x863.jpg","datePublished":"2024-08-07T10:49:53+00:00","dateModified":"2025-02-26T09:07:37+00:00","breadcrumb":{"@id":"https:\/\/arhiv.fov.um.si\/konferenca25\/o-konferenci\/studentsko-tekmovanje-v-studiji-primera\/#breadcrumb"},"inLanguage":"en-US","potentialAction":[{"@type":"ReadAction","target":["https:\/\/arhiv.fov.um.si\/konferenca25\/o-konferenci\/studentsko-tekmovanje-v-studiji-primera\/"]}]},{"@type":"ImageObject","inLanguage":"en-US","@id":"https:\/\/arhiv.fov.um.si\/konferenca25\/o-konferenci\/studentsko-tekmovanje-v-studiji-primera\/#primaryimage","url":"https:\/\/konferenca.fov.um.si\/wp-content\/uploads\/2023\/10\/2013_manjsa-1030x863.jpg","contentUrl":"https:\/\/konferenca.fov.um.si\/wp-content\/uploads\/2023\/10\/2013_manjsa-1030x863.jpg"},{"@type":"BreadcrumbList","@id":"https:\/\/arhiv.fov.um.si\/konferenca25\/o-konferenci\/studentsko-tekmovanje-v-studiji-primera\/#breadcrumb","itemListElement":[{"@type":"ListItem","position":1,"name":"Home","item":"https:\/\/arhiv.fov.um.si\/konferenca25\/"},{"@type":"ListItem","position":2,"name":"O konferenci","item":"https:\/\/arhiv.fov.um.si\/konferenca25\/o-konferenci\/"},{"@type":"ListItem","position":3,"name":"\u0160tudentsko tekmovanje v \u0161tudiji primera"}]},{"@type":"WebSite","@id":"https:\/\/arhiv.fov.um.si\/konferenca25\/#website","url":"https:\/\/arhiv.fov.um.si\/konferenca25\/","name":"44th International Conference on Organizational Science Development","description":"","potentialAction":[{"@type":"SearchAction","target":{"@type":"EntryPoint","urlTemplate":"https:\/\/arhiv.fov.um.si\/konferenca25\/?s={search_term_string}"},"query-input":{"@type":"PropertyValueSpecification","valueRequired":true,"valueName":"search_term_string"}}],"inLanguage":"en-US"}]}},"rttpg_featured_image_url":null,"rttpg_author":{"display_name":"admin","author_link":"https:\/\/arhiv.fov.um.si\/konferenca25\/author\/admin\/"},"rttpg_comment":0,"rttpg_category":" <a href=\"https:\/\/arhiv.fov.um.si\/konferenca25\/\" rel=\"tag\">Sloven\u0161\u010dina<\/a>","rttpg_excerpt":"\u0160TUDENTSKO TEKMOVANJE V \u0160TUDIJI PRIMERA -STUDENT CASE STUDY COMPETITION 2025Dear students &amp; mentors, &nbsp; due to objective reasons, the Case Study Competition 2025 for students is postponed to next year. Thank you for your understanding. ________________________________________________________________________________________________________________ The concept of a case study is a methodologically and educationally oriented challenge, aimed at integration of different theoretical&hellip;","_links":{"self":[{"href":"https:\/\/arhiv.fov.um.si\/konferenca25\/wp-json\/wp\/v2\/pages\/4705","targetHints":{"allow":["GET"]}}],"collection":[{"href":"https:\/\/arhiv.fov.um.si\/konferenca25\/wp-json\/wp\/v2\/pages"}],"about":[{"href":"https:\/\/arhiv.fov.um.si\/konferenca25\/wp-json\/wp\/v2\/types\/page"}],"author":[{"embeddable":true,"href":"https:\/\/arhiv.fov.um.si\/konferenca25\/wp-json\/wp\/v2\/users\/1"}],"replies":[{"embeddable":true,"href":"https:\/\/arhiv.fov.um.si\/konferenca25\/wp-json\/wp\/v2\/comments?post=4705"}],"version-history":[{"count":18,"href":"https:\/\/arhiv.fov.um.si\/konferenca25\/wp-json\/wp\/v2\/pages\/4705\/revisions"}],"predecessor-version":[{"id":5502,"href":"https:\/\/arhiv.fov.um.si\/konferenca25\/wp-json\/wp\/v2\/pages\/4705\/revisions\/5502"}],"up":[{"embeddable":true,"href":"https:\/\/arhiv.fov.um.si\/konferenca25\/wp-json\/wp\/v2\/pages\/4534"}],"wp:attachment":[{"href":"https:\/\/arhiv.fov.um.si\/konferenca25\/wp-json\/wp\/v2\/media?parent=4705"}],"curies":[{"name":"wp","href":"https:\/\/api.w.org\/{rel}","templated":true}]}}