{"id":4797,"date":"2024-08-08T09:03:03","date_gmt":"2024-08-08T08:03:03","guid":{"rendered":"https:\/\/konferenca.fov.um.si\/?page_id=4797"},"modified":"2025-02-27T09:33:33","modified_gmt":"2025-02-27T08:33:33","slug":"dusan-barac","status":"publish","type":"page","link":"https:\/\/arhiv.fov.um.si\/konferenca25\/dusan-barac\/","title":{"rendered":"Dusan Barac"},"content":{"rendered":"<p>[et_pb_section fb_built=&#8221;1&#8243; _builder_version=&#8221;4.27.0&#8243; _module_preset=&#8221;default&#8221; use_background_color_gradient=&#8221;on&#8221; background_color_gradient_direction=&#8221;91deg&#8221; background_color_gradient_stops=&#8221;#175988 0%|rgba(116, 155, 184, 1) 58%|#ffffff 100%&#8221; background_pattern_horizontal_offset=&#8221;0%&#8221; background_pattern_vertical_offset=&#8221;0%&#8221; custom_padding=&#8221;31px||18px|||&#8221; global_colors_info=&#8221;{}&#8221;][et_pb_row _builder_version=&#8221;4.27.0&#8243; _module_preset=&#8221;default&#8221; custom_margin=&#8221;|auto|32px|auto||&#8221; global_colors_info=&#8221;{}&#8221;][et_pb_column type=&#8221;4_4&#8243; _builder_version=&#8221;4.16&#8243; _module_preset=&#8221;default&#8221; global_colors_info=&#8221;{}&#8221;][et_pb_text _builder_version=&#8221;4.27.4&#8243; _module_preset=&#8221;d5dbb5d4-7ec7-4306-b6c5-1435f277faf4&#8243; text_font=&#8221;|700|||||||&#8221; text_font_size=&#8221;36px&#8221; header_font=&#8221;||||||||&#8221; header_text_color=&#8221;#000000&#8243; header_font_size=&#8221;60px&#8221; header_line_height=&#8221;1.2em&#8221; width=&#8221;70%&#8221; width_tablet=&#8221;&#8221; width_phone=&#8221;100%&#8221; width_last_edited=&#8221;on|phone&#8221; custom_margin=&#8221;||16px||false|false&#8221; header_font_size_tablet=&#8221;36px&#8221; header_font_size_phone=&#8221;24px&#8221; header_font_size_last_edited=&#8221;on|phone&#8221; global_colors_info=&#8221;{}&#8221;]<span style=\"color: #ffffff;\">VABLJEN PREDAVATELJ<\/span>[\/et_pb_text][et_pb_divider color=&#8221;#f7ca00&#8243; divider_position=&#8221;center&#8221; divider_weight=&#8221;3px&#8221; _builder_version=&#8221;4.27.0&#8243; _module_preset=&#8221;default&#8221; width=&#8221;15%&#8221; global_colors_info=&#8221;{}&#8221;][\/et_pb_divider][\/et_pb_column][\/et_pb_row][\/et_pb_section][et_pb_section fb_built=&#8221;1&#8243; _builder_version=&#8221;4.27.0&#8243; _module_preset=&#8221;default&#8221; background_color=&#8221;rgba(141,195,233,0.1)&#8221; custom_margin=&#8221;||||false|false&#8221; global_colors_info=&#8221;{}&#8221;][et_pb_row column_structure=&#8221;1_4,3_4&#8243; _builder_version=&#8221;4.27.0&#8243; _module_preset=&#8221;default&#8221; background_color=&#8221;#ffffff&#8221; custom_margin=&#8221;-80px||||false|false&#8221; custom_padding=&#8221;|2em||2em|false|false&#8221; border_radii=&#8221;on|0.5em|0.5em|0.5em|0.5em&#8221; global_colors_info=&#8221;{}&#8221;][et_pb_column type=&#8221;1_4&#8243; _builder_version=&#8221;4.27.0&#8243; _module_preset=&#8221;default&#8221; global_colors_info=&#8221;{}&#8221;][et_pb_image src=&#8221;https:\/\/konferenca.fov.um.si\/wp-content\/uploads\/2025\/02\/barac_original.png&#8221; title_text=&#8221;barac_original&#8221; _builder_version=&#8221;4.27.4&#8243; _module_preset=&#8221;default&#8221; global_colors_info=&#8221;{}&#8221;][\/et_pb_image][\/et_pb_column][et_pb_column type=&#8221;3_4&#8243; _builder_version=&#8221;4.27.0&#8243; _module_preset=&#8221;default&#8221; global_colors_info=&#8221;{}&#8221;][et_pb_text _builder_version=&#8221;4.27.4&#8243; _module_preset=&#8221;default&#8221; text_font_size=&#8221;15px&#8221; hover_enabled=&#8221;0&#8243; global_colors_info=&#8221;{}&#8221; sticky_enabled=&#8221;0&#8243;]<\/p>\n<h2><strong>Full Prof. Du\u0161an M. Bara\u0107, PhD<\/strong><\/h2>\n<p>[\/et_pb_text][et_pb_text _builder_version=&#8221;4.27.4&#8243; _module_preset=&#8221;default&#8221; text_font_size=&#8221;15px&#8221; global_colors_info=&#8221;{}&#8221;]<\/p>\n<p>Du\u0161an Bara\u0107 has contributed to a wide range of IT initiatives, spanning both IT outsourcing and the development of cutting-edge IT solutions. His roles have varied from software engineer to business consultant, demonstrating versatility across the industry. With over 18 years of consulting experience, he specializes in IT project execution, the creation of e-commerce and e-business platforms, digital transformation, CRM, web and mobile application development, and the implementation of advanced e-learning systems. His core areas of interest include digital transformation, e-commerce ecosystems, IT project management, web and mobile innovations, AI-based apps and services, e-learning technologies, and digital startups. He has an extensive publication record, with more than 25 papers featured in leading international journals with impact factors.<\/p>\n<p>[\/et_pb_text][\/et_pb_column][\/et_pb_row][et_pb_row _builder_version=&#8221;4.27.0&#8243; _module_preset=&#8221;default&#8221; background_color=&#8221;#ffffff&#8221; custom_margin=&#8221;||||false|false&#8221; custom_padding=&#8221;7px|2em||2em|false|false&#8221; border_radii=&#8221;on|0.5em|0.5em|0.5em|0.5em&#8221; global_colors_info=&#8221;{}&#8221;][et_pb_column type=&#8221;4_4&#8243; _builder_version=&#8221;4.27.0&#8243; _module_preset=&#8221;default&#8221; global_colors_info=&#8221;{}&#8221;][et_pb_divider color=&#8221;#cccccc&#8221; _builder_version=&#8221;4.27.0&#8243; _module_preset=&#8221;default&#8221; custom_margin=&#8221;||0px||false|false&#8221; custom_padding=&#8221;||0px|||&#8221; global_colors_info=&#8221;{}&#8221;][\/et_pb_divider][et_pb_text _builder_version=&#8221;4.27.4&#8243; _module_preset=&#8221;default&#8221; text_font_size=&#8221;16px&#8221; global_colors_info=&#8221;{}&#8221;]<strong>Navigating the Digital Frontier with the AI at the Helm<\/strong>[\/et_pb_text][et_pb_text _builder_version=&#8221;4.27.4&#8243; _module_preset=&#8221;default&#8221; text_font_size=&#8221;16px&#8221; global_colors_info=&#8221;{}&#8221;]<\/p>\n<p>This lecture explores the strategic role of AI in reshaping modern organization and business ecosystems, streamlining operations, and fostering innovations. It highlights the vast potential of AI-driven solutions and provides a broader perspective on effectively integrating AI into digital transformation initiatives. By highlighting real-world applications and strategic approaches, this lecture aims to provide a comprehensive perspective and a roadmap for harnessing AI to drive sustainable growth, create new business opportunities and competitive advantage in the digital landscape.<\/p>\n<p>[\/et_pb_text][\/et_pb_column][\/et_pb_row][\/et_pb_section]<\/p>\n","protected":false},"excerpt":{"rendered":"<p>VABLJEN PREDAVATELJFull Prof. Du\u0161an M. Bara\u0107, PhDDu\u0161an Bara\u0107 has contributed to a wide range of IT initiatives, spanning both IT outsourcing and the development of cutting-edge IT solutions. His roles have varied from software engineer to business consultant, demonstrating versatility across the industry. With over 18 years of consulting experience, he specializes in IT project [&hellip;]<\/p>\n","protected":false},"author":1,"featured_media":0,"parent":0,"menu_order":0,"comment_status":"closed","ping_status":"closed","template":"","meta":{"_et_pb_use_builder":"on","_et_pb_old_content":"","_et_gb_content_width":"","_exactmetrics_skip_tracking":false,"_exactmetrics_sitenote_active":false,"_exactmetrics_sitenote_note":"","_exactmetrics_sitenote_category":0,"_monsterinsights_skip_tracking":false,"_monsterinsights_sitenote_active":false,"_monsterinsights_sitenote_note":"","_monsterinsights_sitenote_category":0,"footnotes":""},"class_list":["post-4797","page","type-page","status-publish","hentry"],"yoast_head":"<!-- This site is optimized with the Yoast SEO plugin v27.3 - https:\/\/yoast.com\/product\/yoast-seo-wordpress\/ -->\n<title>Dusan Barac - 44th International Conference on Organizational Science Development<\/title>\n<meta name=\"robots\" content=\"index, follow, max-snippet:-1, max-image-preview:large, max-video-preview:-1\" \/>\n<link rel=\"canonical\" href=\"https:\/\/arhiv.fov.um.si\/konferenca25\/dusan-barac\/\" \/>\n<meta property=\"og:locale\" content=\"en_US\" \/>\n<meta property=\"og:type\" content=\"article\" \/>\n<meta property=\"og:title\" content=\"Dusan Barac - 44th International Conference on Organizational Science Development\" \/>\n<meta property=\"og:description\" content=\"VABLJEN PREDAVATELJFull Prof. Du\u0161an M. Bara\u0107, PhDDu\u0161an Bara\u0107 has contributed to a wide range of IT initiatives, spanning both IT outsourcing and the development of cutting-edge IT solutions. His roles have varied from software engineer to business consultant, demonstrating versatility across the industry. With over 18 years of consulting experience, he specializes in IT project [&hellip;]\" \/>\n<meta property=\"og:url\" content=\"https:\/\/arhiv.fov.um.si\/konferenca25\/dusan-barac\/\" \/>\n<meta property=\"og:site_name\" content=\"44th International Conference on Organizational Science Development\" \/>\n<meta property=\"article:modified_time\" content=\"2025-02-27T08:33:33+00:00\" \/>\n<meta name=\"twitter:card\" content=\"summary_large_image\" \/>\n<meta name=\"twitter:label1\" content=\"Est. reading time\" \/>\n\t<meta name=\"twitter:data1\" content=\"1 minute\" \/>\n<script type=\"application\/ld+json\" class=\"yoast-schema-graph\">{\"@context\":\"https:\\\/\\\/schema.org\",\"@graph\":[{\"@type\":\"WebPage\",\"@id\":\"https:\\\/\\\/arhiv.fov.um.si\\\/konferenca25\\\/dusan-barac\\\/\",\"url\":\"https:\\\/\\\/arhiv.fov.um.si\\\/konferenca25\\\/dusan-barac\\\/\",\"name\":\"Dusan Barac - 44th International Conference on Organizational Science Development\",\"isPartOf\":{\"@id\":\"https:\\\/\\\/arhiv.fov.um.si\\\/konferenca25\\\/#website\"},\"datePublished\":\"2024-08-08T08:03:03+00:00\",\"dateModified\":\"2025-02-27T08:33:33+00:00\",\"breadcrumb\":{\"@id\":\"https:\\\/\\\/arhiv.fov.um.si\\\/konferenca25\\\/dusan-barac\\\/#breadcrumb\"},\"inLanguage\":\"en-US\",\"potentialAction\":[{\"@type\":\"ReadAction\",\"target\":[\"https:\\\/\\\/arhiv.fov.um.si\\\/konferenca25\\\/dusan-barac\\\/\"]}]},{\"@type\":\"BreadcrumbList\",\"@id\":\"https:\\\/\\\/arhiv.fov.um.si\\\/konferenca25\\\/dusan-barac\\\/#breadcrumb\",\"itemListElement\":[{\"@type\":\"ListItem\",\"position\":1,\"name\":\"Home\",\"item\":\"https:\\\/\\\/arhiv.fov.um.si\\\/konferenca25\\\/\"},{\"@type\":\"ListItem\",\"position\":2,\"name\":\"Dusan Barac\"}]},{\"@type\":\"WebSite\",\"@id\":\"https:\\\/\\\/arhiv.fov.um.si\\\/konferenca25\\\/#website\",\"url\":\"https:\\\/\\\/arhiv.fov.um.si\\\/konferenca25\\\/\",\"name\":\"44th International Conference on Organizational Science Development\",\"description\":\"\",\"potentialAction\":[{\"@type\":\"SearchAction\",\"target\":{\"@type\":\"EntryPoint\",\"urlTemplate\":\"https:\\\/\\\/arhiv.fov.um.si\\\/konferenca25\\\/?s={search_term_string}\"},\"query-input\":{\"@type\":\"PropertyValueSpecification\",\"valueRequired\":true,\"valueName\":\"search_term_string\"}}],\"inLanguage\":\"en-US\"}]}<\/script>\n<!-- \/ Yoast SEO plugin. -->","yoast_head_json":{"title":"Dusan Barac - 44th International Conference on Organizational Science Development","robots":{"index":"index","follow":"follow","max-snippet":"max-snippet:-1","max-image-preview":"max-image-preview:large","max-video-preview":"max-video-preview:-1"},"canonical":"https:\/\/arhiv.fov.um.si\/konferenca25\/dusan-barac\/","og_locale":"en_US","og_type":"article","og_title":"Dusan Barac - 44th International Conference on Organizational Science Development","og_description":"VABLJEN PREDAVATELJFull Prof. Du\u0161an M. Bara\u0107, PhDDu\u0161an Bara\u0107 has contributed to a wide range of IT initiatives, spanning both IT outsourcing and the development of cutting-edge IT solutions. His roles have varied from software engineer to business consultant, demonstrating versatility across the industry. With over 18 years of consulting experience, he specializes in IT project [&hellip;]","og_url":"https:\/\/arhiv.fov.um.si\/konferenca25\/dusan-barac\/","og_site_name":"44th International Conference on Organizational Science Development","article_modified_time":"2025-02-27T08:33:33+00:00","twitter_card":"summary_large_image","twitter_misc":{"Est. reading time":"1 minute"},"schema":{"@context":"https:\/\/schema.org","@graph":[{"@type":"WebPage","@id":"https:\/\/arhiv.fov.um.si\/konferenca25\/dusan-barac\/","url":"https:\/\/arhiv.fov.um.si\/konferenca25\/dusan-barac\/","name":"Dusan Barac - 44th International Conference on Organizational Science Development","isPartOf":{"@id":"https:\/\/arhiv.fov.um.si\/konferenca25\/#website"},"datePublished":"2024-08-08T08:03:03+00:00","dateModified":"2025-02-27T08:33:33+00:00","breadcrumb":{"@id":"https:\/\/arhiv.fov.um.si\/konferenca25\/dusan-barac\/#breadcrumb"},"inLanguage":"en-US","potentialAction":[{"@type":"ReadAction","target":["https:\/\/arhiv.fov.um.si\/konferenca25\/dusan-barac\/"]}]},{"@type":"BreadcrumbList","@id":"https:\/\/arhiv.fov.um.si\/konferenca25\/dusan-barac\/#breadcrumb","itemListElement":[{"@type":"ListItem","position":1,"name":"Home","item":"https:\/\/arhiv.fov.um.si\/konferenca25\/"},{"@type":"ListItem","position":2,"name":"Dusan Barac"}]},{"@type":"WebSite","@id":"https:\/\/arhiv.fov.um.si\/konferenca25\/#website","url":"https:\/\/arhiv.fov.um.si\/konferenca25\/","name":"44th International Conference on Organizational Science Development","description":"","potentialAction":[{"@type":"SearchAction","target":{"@type":"EntryPoint","urlTemplate":"https:\/\/arhiv.fov.um.si\/konferenca25\/?s={search_term_string}"},"query-input":{"@type":"PropertyValueSpecification","valueRequired":true,"valueName":"search_term_string"}}],"inLanguage":"en-US"}]}},"rttpg_featured_image_url":null,"rttpg_author":{"display_name":"admin","author_link":"https:\/\/arhiv.fov.um.si\/konferenca25\/author\/admin\/"},"rttpg_comment":0,"rttpg_category":" <a href=\"https:\/\/arhiv.fov.um.si\/konferenca25\/\" rel=\"tag\">Sloven\u0161\u010dina<\/a>","rttpg_excerpt":"VABLJEN PREDAVATELJFull Prof. Du\u0161an M. Bara\u0107, PhDDu\u0161an Bara\u0107 has contributed to a wide range of IT initiatives, spanning both IT outsourcing and the development of cutting-edge IT solutions. His roles have varied from software engineer to business consultant, demonstrating versatility across the industry. With over 18 years of consulting experience, he specializes in IT project&hellip;","_links":{"self":[{"href":"https:\/\/arhiv.fov.um.si\/konferenca25\/wp-json\/wp\/v2\/pages\/4797","targetHints":{"allow":["GET"]}}],"collection":[{"href":"https:\/\/arhiv.fov.um.si\/konferenca25\/wp-json\/wp\/v2\/pages"}],"about":[{"href":"https:\/\/arhiv.fov.um.si\/konferenca25\/wp-json\/wp\/v2\/types\/page"}],"author":[{"embeddable":true,"href":"https:\/\/arhiv.fov.um.si\/konferenca25\/wp-json\/wp\/v2\/users\/1"}],"replies":[{"embeddable":true,"href":"https:\/\/arhiv.fov.um.si\/konferenca25\/wp-json\/wp\/v2\/comments?post=4797"}],"version-history":[{"count":11,"href":"https:\/\/arhiv.fov.um.si\/konferenca25\/wp-json\/wp\/v2\/pages\/4797\/revisions"}],"predecessor-version":[{"id":5564,"href":"https:\/\/arhiv.fov.um.si\/konferenca25\/wp-json\/wp\/v2\/pages\/4797\/revisions\/5564"}],"wp:attachment":[{"href":"https:\/\/arhiv.fov.um.si\/konferenca25\/wp-json\/wp\/v2\/media?parent=4797"}],"curies":[{"name":"wp","href":"https:\/\/api.w.org\/{rel}","templated":true}]}}