{"id":4534,"date":"2024-08-06T08:10:25","date_gmt":"2024-08-06T07:10:25","guid":{"rendered":"https:\/\/konferenca.fov.um.si\/?page_id=4534"},"modified":"2025-10-20T13:53:56","modified_gmt":"2025-10-20T12:53:56","slug":"o-konferenci","status":"publish","type":"page","link":"https:\/\/arhiv.fov.um.si\/konferenca26\/o-konferenci\/","title":{"rendered":"O konferenci"},"content":{"rendered":"<p>[et_pb_section fb_built=&#8221;1&#8243; _builder_version=&#8221;4.27.0&#8243; _module_preset=&#8221;default&#8221; use_background_color_gradient=&#8221;on&#8221; background_color_gradient_direction=&#8221;91deg&#8221; background_color_gradient_stops=&#8221;#175988 0%|rgba(116, 155, 184, 1) 58%|#ffffff 100%&#8221; background_pattern_horizontal_offset=&#8221;0%&#8221; background_pattern_vertical_offset=&#8221;0%&#8221; custom_padding=&#8221;31px||18px|||&#8221; global_colors_info=&#8221;{}&#8221;][et_pb_row _builder_version=&#8221;4.27.0&#8243; _module_preset=&#8221;default&#8221; custom_margin=&#8221;|auto|32px|auto||&#8221; global_colors_info=&#8221;{}&#8221;][et_pb_column type=&#8221;4_4&#8243; _builder_version=&#8221;4.16&#8243; _module_preset=&#8221;default&#8221; global_colors_info=&#8221;{}&#8221;][et_pb_text _builder_version=&#8221;4.27.0&#8243; _module_preset=&#8221;d5dbb5d4-7ec7-4306-b6c5-1435f277faf4&#8243; text_font=&#8221;|700|||||||&#8221; text_font_size=&#8221;36px&#8221; header_font=&#8221;||||||||&#8221; header_text_color=&#8221;#000000&#8243; header_font_size=&#8221;60px&#8221; header_line_height=&#8221;1.2em&#8221; width=&#8221;70%&#8221; width_tablet=&#8221;&#8221; width_phone=&#8221;100%&#8221; width_last_edited=&#8221;on|phone&#8221; custom_margin=&#8221;||16px||false|false&#8221; header_font_size_tablet=&#8221;36px&#8221; header_font_size_phone=&#8221;24px&#8221; header_font_size_last_edited=&#8221;on|phone&#8221; global_colors_info=&#8221;{}&#8221;]<\/p>\n<p><span style=\"color: #ffffff;\">O KONFERENCI<\/span><\/p>\n<p>[\/et_pb_text][et_pb_divider color=&#8221;#f7ca00&#8243; divider_position=&#8221;center&#8221; divider_weight=&#8221;3px&#8221; _builder_version=&#8221;4.27.0&#8243; _module_preset=&#8221;default&#8221; width=&#8221;15%&#8221; global_colors_info=&#8221;{}&#8221;][\/et_pb_divider][\/et_pb_column][\/et_pb_row][\/et_pb_section][et_pb_section fb_built=&#8221;1&#8243; _builder_version=&#8221;4.27.0&#8243; _module_preset=&#8221;default&#8221; background_color=&#8221;rgba(141,195,233,0.1)&#8221; custom_margin=&#8221;||||false|false&#8221; global_colors_info=&#8221;{}&#8221;][et_pb_row column_structure=&#8221;2_3,1_3&#8243; _builder_version=&#8221;4.27.0&#8243; _module_preset=&#8221;default&#8221; background_color=&#8221;#ffffff&#8221; custom_margin=&#8221;-80px||||false|false&#8221; custom_padding=&#8221;|2em||2em|false|false&#8221; border_radii=&#8221;on|0.5em|0.5em|0.5em|0.5em&#8221; global_colors_info=&#8221;{}&#8221;][et_pb_column type=&#8221;2_3&#8243; _builder_version=&#8221;4.27.0&#8243; _module_preset=&#8221;default&#8221; global_colors_info=&#8221;{}&#8221;][et_pb_text _builder_version=&#8221;4.27.4&#8243; _module_preset=&#8221;default&#8221; hover_enabled=&#8221;0&#8243; global_colors_info=&#8221;{}&#8221; sticky_enabled=&#8221;0&#8243;]<\/p>\n<p><strong>45. mednarodna znanstvena konferenca o razvoju organizacijskih znanosti<\/strong><br \/><strong>ORGANIZACIJA IN DOLGO\u017dIVA DRU\u017dBA<\/strong><\/p>\n<p>Spremembe v demografski strukturi prebivalstva, dru\u017ebeni in gospodarski razvoj ter spremembe v dru\u017ebi nasploh vodijo v spremenjene okoli\u0161\u010dine delovanja posameznika in dru\u017ebe tudi v organizacijskih vedah. V vseh organizacijah je spremljanje notranjega in zunanjega okolja za sledenje prilo\u017enosti in nevarnosti nuja in prakti\u010dno del vsakdana. Prilagoditve v organizacijah, ki jih narekujejo spremembe starostne strukture dru\u017ebe, zahtevajo celovito soo\u010danje z izzivi na \u0161tevilnih aspektih delovanja organizacij.<\/p>\n<p>Starost je del posameznika, seveda pa tudi dru\u017ebe nasploh. Sinergija med starostnimi skupinami je potrebna tako kot v \u0161ir\u0161i dru\u017ebi, potrebna tudi v organizacijah. Organizacije predstavljajo preplet posameznikov, v katerem se skozi medsebojna razmerja oblikujejo in uresni\u010dujejo skupni cilji. Ob upo\u0161tevanju, da je preplet ne samo vsebinski, temve\u010d vklju\u010duje tudi individualne karakteristike posameznika v skupini, se potreba po novih dognanjih in raziskovanju v tem kontekstu ka\u017ee kot skupna skupina realnost sodobnih organizacij.<\/p>\n<p>V smeri leto\u0161nje 45. konference o razvoju organizacijskih znanosti z naslovom \u00bbOrganizacija in dolgo\u017eiva dru\u017eba\u00ab spodbujamo sodelovanje akademskega okolja in gospodarstva, pri gradnji mostov sinergije, ki izhajajo iz razumevanja pomena dolgo\u017eive dru\u017ebe. Stebri leto\u0161nje konference naj bodo izhodi\u0161\u010de ter prilo\u017enost, da se ustvarja novo znanje, ki bo imelo mesto tako v znanstvenem kot tudi v aplikativnem prostoru. Usmerjeni so v razumevanje zunanjega okolja organizacij, trga dela, kakovostnega, zdravega in varnega okolja organizacij, poudarka na medgeneracijskem povezovanju v okviru organizacij, komunikacijski in tehnolo\u0161ki povezljivosti ne glede na starost in prilagoditev, potrebnih za oblikovanje okolja, ki je in bo prijazno za vse, ne glede na starost.<\/p>\n<p>\u010ceravno nas tehnologija v marsi\u010dem navidezno odmika od na\u0161ih socialnih stikov, pa je na drugi strani ves \u010das prilo\u017enost, da jo uporabimo v smeri, ki ustvarja socialno sinergijo. Sploh v kontekstu dolgo\u017eive dru\u017ebe, gre za ustvarjanje zavedanja organizacij in posameznikov, da je osve\u0161\u010denost ter informiranost o novostih nuja vseh nas. \u010clovek in organizacija bosta namre\u010d prepletena ves \u010das, zato naj bodo spremembe \u00a0usmerjene v soo\u010danje z izzivi ter ustvarjanje dru\u017ebenega dobrega.<\/p>\n<p>Veseli bomo va\u0161ega prispevka in sodelovanja na 45. mednarodni znanstveni konferenci o razvoju organizacijskih znanosti.<\/p>\n<p><img loading=\"lazy\" decoding=\"async\" src=\"https:\/\/konferenca.fov.um.si\/wp-content\/uploads\/2021\/10\/Slika1-e1666863513646.jpg\" width=\"100\" height=\"118\" alt=\"\" class=\"wp-image-2646 alignnone size-full\" \/><\/p>\n<p><strong>Red. prof. dr. Polona \u0160prajc<\/strong><br \/><strong>Predsednica programskega odbora 45. mednarodne konference o razvoju org. znanosti<\/strong><\/p>\n<p>[\/et_pb_text][\/et_pb_column][et_pb_column type=&#8221;1_3&#8243; _builder_version=&#8221;4.27.0&#8243; _module_preset=&#8221;default&#8221; background_color=&#8221;rgba(141,195,233,0.06)&#8221; border_radii=&#8221;on|0.7em|0.7em|0.7em|0.7em&#8221; global_colors_info=&#8221;{}&#8221;][et_pb_sidebar show_border=&#8221;off&#8221; _builder_version=&#8221;4.27.0&#8243; _module_preset=&#8221;default&#8221; header_font_size=&#8221;18px&#8221; body_font=&#8221;|600|||||||&#8221; body_text_color=&#8221;#175988&#8243; body_font_size=&#8221;14px&#8221; body_line_height=&#8221;2.2em&#8221; background_enable_color=&#8221;off&#8221; text_orientation=&#8221;left&#8221; custom_padding=&#8221;1em|1em||1em|false|false&#8221; border_radii=&#8221;on|0.5em|0.5em|0.5em|0.5em&#8221; border_width_all=&#8221;1px&#8221; global_colors_info=&#8221;{}&#8221;][\/et_pb_sidebar][et_pb_sidebar area=&#8221;sidebar-5&#8243; _builder_version=&#8221;4.27.0&#8243; _module_preset=&#8221;default&#8221; custom_margin=&#8221;-7em||||false|false&#8221; custom_padding=&#8221;1em|1em|0px|1em|false|false&#8221; global_colors_info=&#8221;{}&#8221;][\/et_pb_sidebar][\/et_pb_column][\/et_pb_row][\/et_pb_section]<\/p>\n","protected":false},"excerpt":{"rendered":"<p>O KONFERENCI45. mednarodna znanstvena konferenca o razvoju organizacijskih znanostiORGANIZACIJA IN DOLGO\u017dIVA DRU\u017dBA Spremembe v demografski strukturi prebivalstva, dru\u017ebeni in gospodarski razvoj ter spremembe v dru\u017ebi nasploh vodijo v spremenjene okoli\u0161\u010dine delovanja posameznika in dru\u017ebe tudi v organizacijskih vedah. V vseh organizacijah je spremljanje notranjega in zunanjega okolja za sledenje prilo\u017enosti in nevarnosti nuja in prakti\u010dno [&hellip;]<\/p>\n","protected":false},"author":1,"featured_media":0,"parent":0,"menu_order":0,"comment_status":"closed","ping_status":"closed","template":"","meta":{"_et_pb_use_builder":"on","_et_pb_old_content":"","_et_gb_content_width":"","footnotes":""},"class_list":["post-4534","page","type-page","status-publish","hentry"],"yoast_head":"<!-- This site is optimized with the Yoast SEO plugin v27.5 - https:\/\/yoast.com\/product\/yoast-seo-wordpress\/ -->\n<title>O konferenci - 45. mednarodna konferenca o razvoju organizacijskih znanosti<\/title>\n<meta name=\"robots\" content=\"index, follow, max-snippet:-1, max-image-preview:large, max-video-preview:-1\" \/>\n<link rel=\"canonical\" href=\"https:\/\/arhiv.fov.um.si\/konferenca26\/o-konferenci\/\" \/>\n<meta property=\"og:locale\" content=\"en_US\" \/>\n<meta property=\"og:type\" content=\"article\" \/>\n<meta property=\"og:title\" content=\"O konferenci - 45. mednarodna konferenca o razvoju organizacijskih znanosti\" \/>\n<meta property=\"og:description\" content=\"O KONFERENCI45. mednarodna znanstvena konferenca o razvoju organizacijskih znanostiORGANIZACIJA IN DOLGO\u017dIVA DRU\u017dBA Spremembe v demografski strukturi prebivalstva, dru\u017ebeni in gospodarski razvoj ter spremembe v dru\u017ebi nasploh vodijo v spremenjene okoli\u0161\u010dine delovanja posameznika in dru\u017ebe tudi v organizacijskih vedah. V vseh organizacijah je spremljanje notranjega in zunanjega okolja za sledenje prilo\u017enosti in nevarnosti nuja in prakti\u010dno [&hellip;]\" \/>\n<meta property=\"og:url\" content=\"https:\/\/arhiv.fov.um.si\/konferenca26\/o-konferenci\/\" \/>\n<meta property=\"og:site_name\" content=\"45. mednarodna konferenca o razvoju organizacijskih znanosti\" \/>\n<meta property=\"article:modified_time\" content=\"2025-10-20T12:53:56+00:00\" \/>\n<meta property=\"og:image\" content=\"https:\/\/konferenca.fov.um.si\/wp-content\/uploads\/2021\/10\/Slika1-e1666863513646.jpg\" \/>\n<meta name=\"twitter:card\" content=\"summary_large_image\" \/>\n<meta name=\"twitter:label1\" content=\"Est. reading time\" \/>\n\t<meta name=\"twitter:data1\" content=\"3 minutes\" \/>\n<script type=\"application\/ld+json\" class=\"yoast-schema-graph\">{\"@context\":\"https:\\\/\\\/schema.org\",\"@graph\":[{\"@type\":\"WebPage\",\"@id\":\"https:\\\/\\\/arhiv.fov.um.si\\\/konferenca26\\\/o-konferenci\\\/\",\"url\":\"https:\\\/\\\/arhiv.fov.um.si\\\/konferenca26\\\/o-konferenci\\\/\",\"name\":\"O konferenci - 45. mednarodna konferenca o razvoju organizacijskih znanosti\",\"isPartOf\":{\"@id\":\"https:\\\/\\\/arhiv.fov.um.si\\\/konferenca26\\\/#website\"},\"primaryImageOfPage\":{\"@id\":\"https:\\\/\\\/arhiv.fov.um.si\\\/konferenca26\\\/o-konferenci\\\/#primaryimage\"},\"image\":{\"@id\":\"https:\\\/\\\/arhiv.fov.um.si\\\/konferenca26\\\/o-konferenci\\\/#primaryimage\"},\"thumbnailUrl\":\"https:\\\/\\\/konferenca.fov.um.si\\\/wp-content\\\/uploads\\\/2021\\\/10\\\/Slika1-e1666863513646.jpg\",\"datePublished\":\"2024-08-06T07:10:25+00:00\",\"dateModified\":\"2025-10-20T12:53:56+00:00\",\"breadcrumb\":{\"@id\":\"https:\\\/\\\/arhiv.fov.um.si\\\/konferenca26\\\/o-konferenci\\\/#breadcrumb\"},\"inLanguage\":\"en-US\",\"potentialAction\":[{\"@type\":\"ReadAction\",\"target\":[\"https:\\\/\\\/arhiv.fov.um.si\\\/konferenca26\\\/o-konferenci\\\/\"]}]},{\"@type\":\"ImageObject\",\"inLanguage\":\"en-US\",\"@id\":\"https:\\\/\\\/arhiv.fov.um.si\\\/konferenca26\\\/o-konferenci\\\/#primaryimage\",\"url\":\"https:\\\/\\\/konferenca.fov.um.si\\\/wp-content\\\/uploads\\\/2021\\\/10\\\/Slika1-e1666863513646.jpg\",\"contentUrl\":\"https:\\\/\\\/konferenca.fov.um.si\\\/wp-content\\\/uploads\\\/2021\\\/10\\\/Slika1-e1666863513646.jpg\"},{\"@type\":\"BreadcrumbList\",\"@id\":\"https:\\\/\\\/arhiv.fov.um.si\\\/konferenca26\\\/o-konferenci\\\/#breadcrumb\",\"itemListElement\":[{\"@type\":\"ListItem\",\"position\":1,\"name\":\"Home\",\"item\":\"https:\\\/\\\/arhiv.fov.um.si\\\/konferenca26\\\/\"},{\"@type\":\"ListItem\",\"position\":2,\"name\":\"O konferenci\"}]},{\"@type\":\"WebSite\",\"@id\":\"https:\\\/\\\/arhiv.fov.um.si\\\/konferenca26\\\/#website\",\"url\":\"https:\\\/\\\/arhiv.fov.um.si\\\/konferenca26\\\/\",\"name\":\"45. mednarodna konferenca o razvoju organizacijskih znanosti\",\"description\":\"\",\"potentialAction\":[{\"@type\":\"SearchAction\",\"target\":{\"@type\":\"EntryPoint\",\"urlTemplate\":\"https:\\\/\\\/arhiv.fov.um.si\\\/konferenca26\\\/?s={search_term_string}\"},\"query-input\":{\"@type\":\"PropertyValueSpecification\",\"valueRequired\":true,\"valueName\":\"search_term_string\"}}],\"inLanguage\":\"en-US\"}]}<\/script>\n<!-- \/ Yoast SEO plugin. -->","yoast_head_json":{"title":"O konferenci - 45. mednarodna konferenca o razvoju organizacijskih znanosti","robots":{"index":"index","follow":"follow","max-snippet":"max-snippet:-1","max-image-preview":"max-image-preview:large","max-video-preview":"max-video-preview:-1"},"canonical":"https:\/\/arhiv.fov.um.si\/konferenca26\/o-konferenci\/","og_locale":"en_US","og_type":"article","og_title":"O konferenci - 45. mednarodna konferenca o razvoju organizacijskih znanosti","og_description":"O KONFERENCI45. mednarodna znanstvena konferenca o razvoju organizacijskih znanostiORGANIZACIJA IN DOLGO\u017dIVA DRU\u017dBA Spremembe v demografski strukturi prebivalstva, dru\u017ebeni in gospodarski razvoj ter spremembe v dru\u017ebi nasploh vodijo v spremenjene okoli\u0161\u010dine delovanja posameznika in dru\u017ebe tudi v organizacijskih vedah. V vseh organizacijah je spremljanje notranjega in zunanjega okolja za sledenje prilo\u017enosti in nevarnosti nuja in prakti\u010dno [&hellip;]","og_url":"https:\/\/arhiv.fov.um.si\/konferenca26\/o-konferenci\/","og_site_name":"45. mednarodna konferenca o razvoju organizacijskih znanosti","article_modified_time":"2025-10-20T12:53:56+00:00","og_image":[{"url":"https:\/\/konferenca.fov.um.si\/wp-content\/uploads\/2021\/10\/Slika1-e1666863513646.jpg","type":"","width":"","height":""}],"twitter_card":"summary_large_image","twitter_misc":{"Est. reading time":"3 minutes"},"schema":{"@context":"https:\/\/schema.org","@graph":[{"@type":"WebPage","@id":"https:\/\/arhiv.fov.um.si\/konferenca26\/o-konferenci\/","url":"https:\/\/arhiv.fov.um.si\/konferenca26\/o-konferenci\/","name":"O konferenci - 45. mednarodna konferenca o razvoju organizacijskih znanosti","isPartOf":{"@id":"https:\/\/arhiv.fov.um.si\/konferenca26\/#website"},"primaryImageOfPage":{"@id":"https:\/\/arhiv.fov.um.si\/konferenca26\/o-konferenci\/#primaryimage"},"image":{"@id":"https:\/\/arhiv.fov.um.si\/konferenca26\/o-konferenci\/#primaryimage"},"thumbnailUrl":"https:\/\/konferenca.fov.um.si\/wp-content\/uploads\/2021\/10\/Slika1-e1666863513646.jpg","datePublished":"2024-08-06T07:10:25+00:00","dateModified":"2025-10-20T12:53:56+00:00","breadcrumb":{"@id":"https:\/\/arhiv.fov.um.si\/konferenca26\/o-konferenci\/#breadcrumb"},"inLanguage":"en-US","potentialAction":[{"@type":"ReadAction","target":["https:\/\/arhiv.fov.um.si\/konferenca26\/o-konferenci\/"]}]},{"@type":"ImageObject","inLanguage":"en-US","@id":"https:\/\/arhiv.fov.um.si\/konferenca26\/o-konferenci\/#primaryimage","url":"https:\/\/konferenca.fov.um.si\/wp-content\/uploads\/2021\/10\/Slika1-e1666863513646.jpg","contentUrl":"https:\/\/konferenca.fov.um.si\/wp-content\/uploads\/2021\/10\/Slika1-e1666863513646.jpg"},{"@type":"BreadcrumbList","@id":"https:\/\/arhiv.fov.um.si\/konferenca26\/o-konferenci\/#breadcrumb","itemListElement":[{"@type":"ListItem","position":1,"name":"Home","item":"https:\/\/arhiv.fov.um.si\/konferenca26\/"},{"@type":"ListItem","position":2,"name":"O konferenci"}]},{"@type":"WebSite","@id":"https:\/\/arhiv.fov.um.si\/konferenca26\/#website","url":"https:\/\/arhiv.fov.um.si\/konferenca26\/","name":"45. mednarodna konferenca o razvoju organizacijskih znanosti","description":"","potentialAction":[{"@type":"SearchAction","target":{"@type":"EntryPoint","urlTemplate":"https:\/\/arhiv.fov.um.si\/konferenca26\/?s={search_term_string}"},"query-input":{"@type":"PropertyValueSpecification","valueRequired":true,"valueName":"search_term_string"}}],"inLanguage":"en-US"}]}},"rttpg_featured_image_url":null,"rttpg_author":{"display_name":"admin","author_link":"https:\/\/arhiv.fov.um.si\/konferenca26\/author\/admin\/"},"rttpg_comment":0,"rttpg_category":" <a href=\"https:\/\/arhiv.fov.um.si\/konferenca26\/\" rel=\"tag\">Sloven\u0161\u010dina<\/a>","rttpg_excerpt":"O KONFERENCI45. mednarodna znanstvena konferenca o razvoju organizacijskih znanostiORGANIZACIJA IN DOLGO\u017dIVA DRU\u017dBA Spremembe v demografski strukturi prebivalstva, dru\u017ebeni in gospodarski razvoj ter spremembe v dru\u017ebi nasploh vodijo v spremenjene okoli\u0161\u010dine delovanja posameznika in dru\u017ebe tudi v organizacijskih vedah. V vseh organizacijah je spremljanje notranjega in zunanjega okolja za sledenje prilo\u017enosti in nevarnosti nuja in prakti\u010dno&hellip;","_links":{"self":[{"href":"https:\/\/arhiv.fov.um.si\/konferenca26\/wp-json\/wp\/v2\/pages\/4534","targetHints":{"allow":["GET"]}}],"collection":[{"href":"https:\/\/arhiv.fov.um.si\/konferenca26\/wp-json\/wp\/v2\/pages"}],"about":[{"href":"https:\/\/arhiv.fov.um.si\/konferenca26\/wp-json\/wp\/v2\/types\/page"}],"author":[{"embeddable":true,"href":"https:\/\/arhiv.fov.um.si\/konferenca26\/wp-json\/wp\/v2\/users\/1"}],"replies":[{"embeddable":true,"href":"https:\/\/arhiv.fov.um.si\/konferenca26\/wp-json\/wp\/v2\/comments?post=4534"}],"version-history":[{"count":28,"href":"https:\/\/arhiv.fov.um.si\/konferenca26\/wp-json\/wp\/v2\/pages\/4534\/revisions"}],"predecessor-version":[{"id":6033,"href":"https:\/\/arhiv.fov.um.si\/konferenca26\/wp-json\/wp\/v2\/pages\/4534\/revisions\/6033"}],"wp:attachment":[{"href":"https:\/\/arhiv.fov.um.si\/konferenca26\/wp-json\/wp\/v2\/media?parent=4534"}],"curies":[{"name":"wp","href":"https:\/\/api.w.org\/{rel}","templated":true}]}}