{"id":4874,"date":"2024-08-08T11:56:18","date_gmt":"2024-08-08T10:56:18","guid":{"rendered":"https:\/\/konferenca.fov.um.si\/?page_id=4874"},"modified":"2026-03-05T15:15:50","modified_gmt":"2026-03-05T14:15:50","slug":"committees","status":"publish","type":"page","link":"https:\/\/arhiv.fov.um.si\/konferenca26\/en\/committees\/","title":{"rendered":"Committees"},"content":{"rendered":"<p>[et_pb_section fb_built=&#8221;1&#8243; _builder_version=&#8221;4.27.0&#8243; _module_preset=&#8221;default&#8221; use_background_color_gradient=&#8221;on&#8221; background_color_gradient_direction=&#8221;91deg&#8221; background_color_gradient_stops=&#8221;#175988 0%|rgba(116, 155, 184, 1) 58%|#ffffff 100%&#8221; background_pattern_horizontal_offset=&#8221;0%&#8221; background_pattern_vertical_offset=&#8221;0%&#8221; custom_padding=&#8221;31px||18px|||&#8221; global_colors_info=&#8221;{}&#8221;][et_pb_row _builder_version=&#8221;4.27.0&#8243; _module_preset=&#8221;default&#8221; custom_margin=&#8221;|auto|32px|auto||&#8221; global_colors_info=&#8221;{}&#8221;][et_pb_column type=&#8221;4_4&#8243; _builder_version=&#8221;4.16&#8243; _module_preset=&#8221;default&#8221; global_colors_info=&#8221;{}&#8221;][et_pb_text _builder_version=&#8221;4.27.0&#8243; _module_preset=&#8221;d5dbb5d4-7ec7-4306-b6c5-1435f277faf4&#8243; text_font=&#8221;|700|||||||&#8221; text_font_size=&#8221;36px&#8221; header_font=&#8221;||||||||&#8221; header_text_color=&#8221;#000000&#8243; header_font_size=&#8221;60px&#8221; header_line_height=&#8221;1.2em&#8221; width=&#8221;70%&#8221; width_tablet=&#8221;&#8221; width_phone=&#8221;100%&#8221; width_last_edited=&#8221;on|phone&#8221; custom_margin=&#8221;||16px||false|false&#8221; header_font_size_tablet=&#8221;36px&#8221; header_font_size_phone=&#8221;24px&#8221; header_font_size_last_edited=&#8221;on|phone&#8221; global_colors_info=&#8221;{}&#8221;]<\/p>\n<p><span style=\"color: #ffffff;\">CONFERENCE COMMITTEES<\/span><\/p>\n<p>[\/et_pb_text][et_pb_divider color=&#8221;#f7ca00&#8243; divider_position=&#8221;center&#8221; divider_weight=&#8221;3px&#8221; _builder_version=&#8221;4.27.0&#8243; _module_preset=&#8221;default&#8221; width=&#8221;15%&#8221; global_colors_info=&#8221;{}&#8221;][\/et_pb_divider][\/et_pb_column][\/et_pb_row][\/et_pb_section][et_pb_section fb_built=&#8221;1&#8243; _builder_version=&#8221;4.27.0&#8243; _module_preset=&#8221;default&#8221; background_color=&#8221;rgba(141,195,233,0.1)&#8221; custom_margin=&#8221;||||false|false&#8221; global_colors_info=&#8221;{}&#8221;][et_pb_row column_structure=&#8221;2_3,1_3&#8243; _builder_version=&#8221;4.27.4&#8243; _module_preset=&#8221;default&#8221; background_color=&#8221;#ffffff&#8221; custom_margin=&#8221;-80px||||false|false&#8221; custom_padding=&#8221;|2em||2em|false|false&#8221; border_radii=&#8221;on|0.5em|0.5em|0.5em|0.5em&#8221; global_colors_info=&#8221;{}&#8221;][et_pb_column type=&#8221;2_3&#8243; _builder_version=&#8221;4.27.0&#8243; _module_preset=&#8221;default&#8221; global_colors_info=&#8221;{}&#8221;][et_pb_tabs disabled_on=&#8221;off|off|off&#8221; _builder_version=&#8221;4.27.5&#8243; _module_preset=&#8221;default&#8221; hover_enabled=&#8221;0&#8243; custom_css_free_form=&#8221;b, strong {||   color: #175988;||   }&#8221; global_colors_info=&#8221;{}&#8221; sticky_enabled=&#8221;0&#8243;][et_pb_tab title=&#8221;Programme Committee&#8221; _builder_version=&#8221;4.27.5&#8243; _module_preset=&#8221;default&#8221; hover_enabled=&#8221;0&#8243; global_colors_info=&#8221;{}&#8221; sticky_enabled=&#8221;0&#8243;]<\/p>\n<div class=\"et_pb_column et_pb_column_2_3 et_pb_column_1  et_pb_css_mix_blend_mode_passthrough\">\n<div class=\"et_pb_module et_pb_text et_pb_text_1  et_pb_text_align_left et_pb_bg_layout_light\">\n<div class=\"et_pb_text_inner\">\n<p><strong>Polona \u0160prajc, Chair<\/strong><br \/>University of Maribor, Faculty of Organizational Sciences, Slovenia<\/p>\n<p><strong>Alenka Baggia<\/strong><br \/>University of Maribor, Faculty of Organizational Sciences, Slovenia<\/p>\n<p><strong>Zvone Balanti\u010d<\/strong><br \/>University of Maribor, Faculty of Organizational Sciences, Slovenia<\/p>\n<p><strong>Mojca Bernik<br \/><\/strong>University of Maribor, Faculty of Organizational Sciences, Slovenia<\/p>\n<p><strong>Roberto Biloslavo<\/strong><br \/>Evro-Sredozemska Univerza EMUNI<\/p>\n<p><strong>Alenka Brezav\u0161\u010dek<\/strong><br \/>University of Maribor, Faculty of Organizational Sciences, Slovenia<\/p>\n<p><strong>Vesna Bucevska<\/strong><br \/><span>Ss. Cyril and Methodius University in Skopje, Faculty of Economics -Skopje, North Macedonia<\/span><\/p>\n<p><span><strong>Kristina \u010crnjar<\/strong><br \/>Faculty of Tourism and Hospitality Management, University of Rijeka<\/span><\/p>\n<p><span><strong>Vlado Dimovski<\/strong><br \/>Univerza v Ljubljani, Ekonomska fakulteta<\/span><\/p>\n<p><span><strong>Jasmina Dla\u010di\u0107<br \/><\/strong>University of Rijeka, Faculty of Economics and Business, Croatia<\/span><\/p>\n<p><strong>Petr Doucek<\/strong><br \/>University of Economics, Prague, Faculty of Informatics and Statistics, Czech Republic<\/p>\n<p><strong>Sandra Jednak<\/strong><br \/>University of Belgrade, Faculty of Organizational Sciences, Serbia<\/p>\n<p><strong>Toma\u017e Kern<\/strong><br \/>University of Maribor, Faculty of Organizational Sciences, Slovenia<\/p>\n<p><strong>Marina Kla\u010dmer \u010calopa<\/strong><br \/>University of Zagreb Faculty of Organization and Informatics Vara\u017edin, Croatia<\/p>\n<p><strong>Eva Krha\u010d Andra\u0161ec<\/strong><br \/>University of Maribor, Faculty of Organizational Sciences, Slovenia<\/p>\n<p><strong>Robert Leskovar<\/strong><br \/>University of Maribor, Faculty of Organizational Sciences, Slovenia<\/p>\n<p><strong>Mateja Lorber<\/strong><br \/>University of Maribor Faculty of Health Sciences, Slovenia<\/p>\n<p><strong>Damjan Maleti\u010d<\/strong><br \/>University of Maribor, Faculty of Organizational Sciences, Slovenia<\/p>\n<p><strong>Miha Mari\u010d<\/strong><br \/>University of Maribor, Faculty of Organizational Sciences, Slovenia<\/p>\n<p><strong>Sanja Marinkovi\u0107<\/strong><br \/><span>University of Belgrade, Faculty of Organizational Sciences, Serbia<\/span><\/p>\n<p><strong>Marjeta Marolt<\/strong><br \/>University of Maribor, Faculty of Organizational Sciences, Slovenia<\/p>\n<p><b>Peter M\u00e1rton<\/b><br \/>University of \u017dilina, Faculty of Management Science and Informatics, Slovakia<\/p>\n<p><strong>Christoph Maus<\/strong><br \/>RWTH Aachen University, Germany<\/p>\n<p><strong>Marko Mihi\u0107<\/strong><br \/><span>University of Belgrade, Faculty of Organizational Sciences, Serbia<\/span><\/p>\n<p><strong>Bjoern Paape<\/strong><br \/>RWTH Aachen University, Germany<\/p>\n<p><strong>Anita Pavkovi\u0107<br \/><\/strong>University of Zagreb, Faculty of Economics and Business, Croatia<\/p>\n<p><strong>Nata\u0161a Petrovi\u0107<\/strong><br \/>University of Belgrade, Faculty of Organizational Sciences, Serbia<\/p>\n<p><strong>Iztok Podbregar<\/strong><br \/>University of Maribor, Faculty of Organizational Sciences, Slovenia<\/p>\n<p><strong>Andreja Pucihar<\/strong><br \/>University of Maribor, Faculty of Organizational Sciences, Slovenia<\/p>\n<p><strong>Jelena Andreja Radakovi\u0107<\/strong><br \/>University of Belgrade, Faculty of Organizational Sciences, Serbia<\/p>\n<p><strong>Uro\u0161 Rajkovi\u010d<\/strong><br \/>University of Maribor, Faculty of Organizational Sciences, Slovenia<\/p>\n<p><strong>Vladislav Rajkovi\u010d<\/strong><br \/>University of Maribor, Faculty of Organizational Sciences, Slovenia<\/p>\n<p><strong>Daniel Tomi\u0107<\/strong><br \/>Juraj Dobrila University of Pula, Faculty of Economics and Tourism \u201cDr. Mijo Mirkovic\u201d, Croatia<\/p>\n<p><strong>Martina Tomi\u010di\u0107 Furjan<\/strong><br \/><span>University of Zagreb, Faculty of Organization and Informatics Vara\u017edin, Croatia<\/span><\/p>\n<p><strong>Marko Urh<\/strong><br \/>University of Maribor, Faculty of Organizational Sciences, Slovenia<\/p>\n<p><strong>Goran Vukovi\u010d<\/strong><br \/>University of Maribor, Faculty of Organizational Sciences, Slovenia<\/p>\n<p><strong>Anja \u017dnidar\u0161i\u010d Mohori\u010d<\/strong><br \/>University of Maribor, Faculty of Organizational Sciences, Slovenia<\/p>\n<p><strong>Franc \u017deljko \u017dupani\u010d<\/strong><br \/>Slovenian Air Traffic Control, Slovenia<\/p>\n<\/div>\n<\/div>\n<\/div>\n<div class=\"et_pb_column et_pb_column_1_3 et_pb_column_2  et_pb_css_mix_blend_mode_passthrough et-last-child\">\n<div class=\"et_pb_with_border et_pb_module et_pb_sidebar_0 et_pb_widget_area clearfix et_pb_widget_area_left  et_pb_text_align_left et_pb_bg_layout_light et_pb_sidebar_no_border\">\n<div id=\"nav_menu-6\" class=\"et_pb_widget widget_nav_menu\">\n<div class=\"menu-main_menu-container\">\n<ul id=\"menu-main_menu\" class=\"menu\"><\/ul>\n<\/div>\n<\/div>\n<\/div>\n<\/div>\n<p>[\/et_pb_tab][et_pb_tab title=&#8221;Editorial Committee&#8221; _builder_version=&#8221;4.27.5&#8243; _module_preset=&#8221;default&#8221; hover_enabled=&#8221;0&#8243; global_colors_info=&#8221;{}&#8221; sticky_enabled=&#8221;0&#8243;]<\/p>\n<div class=\"et_pb_column et_pb_column_2_3 et_pb_column_1  et_pb_css_mix_blend_mode_passthrough\">\n<div class=\"et_pb_module et_pb_text et_pb_text_1  et_pb_text_align_left et_pb_bg_layout_light\">\n<div class=\"et_pb_text_inner\">\n<p><strong>Polona \u0160prajc, predsednica<\/strong><br \/>University of Maribor, Faculty of Organizational Sciences, Slovenia<\/p>\n<p><strong>Mojca Bernik<br \/><\/strong>University of Maribor, Faculty of Organizational Sciences, Slovenia<\/p>\n<p><strong>Marina Kla\u010dmer \u010calopa<br \/><\/strong>University of Zagreb Faculty of Organization and Informatics Vara\u017edin<\/p>\n<p><strong>Damjan Maleti\u010d<br \/><\/strong>University of Maribor, Faculty of Organizational Sciences, Slovenia<\/p>\n<p><strong>Marko Mihi\u0107<\/strong><br \/>University of Belgrade, Faculty of Organizational Sciences, Serbia<\/p>\n<p><strong>Nata\u0161a Petrovi\u0107<\/strong><br \/>University of Belgrade, Faculty of Organizational Sciences, Serbia<\/p>\n<p><strong>Iztok Podbregar<\/strong><br \/>University of Maribor, Faculty of Organizational Sciences, Slovenia<\/p>\n<p><strong>Daniel Tomi\u0107<\/strong><br \/>Juraj Dobrila University of Pula, Faculty of Economics and Tourism \u201cDr. Mijo Mirkovic\u201d, Croatia<\/p>\n<p><strong>Anja \u017dnidar\u0161i\u010d Mohori\u010d<\/strong><br \/>University of Maribor, Faculty of Organizational Sciences, Slovenia<\/p>\n<\/div>\n<\/div>\n<\/div>\n<p>[\/et_pb_tab][et_pb_tab title=&#8221;Organizational Committee&#8221; _builder_version=&#8221;4.27.5&#8243; _module_preset=&#8221;default&#8221; hover_enabled=&#8221;0&#8243; global_colors_info=&#8221;{}&#8221; sticky_enabled=&#8221;0&#8243;]<\/p>\n<div class=\"et_pb_column et_pb_column_2_3 et_pb_column_1  et_pb_css_mix_blend_mode_passthrough\">\n<div class=\"et_pb_module et_pb_text et_pb_text_1  et_pb_text_align_left et_pb_bg_layout_light\">\n<div class=\"et_pb_text_inner\">\n<p><strong>Polona \u0160prajc, Chair<\/strong><br \/>University of Maribor, Faculty of Organizational Sciences, Slovenia<\/p>\n<p><strong>Ur\u0161a Bi\u017ei\u010d<\/strong><br \/>University of Maribor, Faculty of Organizational Sciences, Slovenia<\/p>\n<p><strong>Petra Gorjanc<\/strong><br \/>University of Maribor, Faculty of Organizational Sciences, Slovenia<\/p>\n<p><strong>Klara Knific<\/strong><br \/>University of Maribor, Faculty of Organizational Sciences, Slovenia<\/p>\n<p><strong>Ana Kranner Porenta<\/strong><br \/>University of Maribor, Faculty of Organizational Sciences, Slovenia<\/p>\n<p><strong>Alja\u017e Murko<\/strong><br \/>University of Maribor, Faculty of Organizational Sciences, Slovenia<\/p>\n<\/div>\n<\/div>\n<\/div>\n<p>[\/et_pb_tab][\/et_pb_tabs][\/et_pb_column][et_pb_column type=&#8221;1_3&#8243; _builder_version=&#8221;4.27.0&#8243; _module_preset=&#8221;default&#8221; background_color=&#8221;rgba(141,195,233,0.06)&#8221; border_radii=&#8221;on|0.7em|0.7em|0.7em|0.7em&#8221; global_colors_info=&#8221;{}&#8221;][et_pb_sidebar show_border=&#8221;off&#8221; _builder_version=&#8221;4.27.0&#8243; _module_preset=&#8221;default&#8221; header_font_size=&#8221;18px&#8221; body_font=&#8221;|600|||||||&#8221; body_text_color=&#8221;#175988&#8243; body_font_size=&#8221;14px&#8221; body_line_height=&#8221;2.2em&#8221; background_enable_color=&#8221;off&#8221; text_orientation=&#8221;left&#8221; custom_padding=&#8221;1em|1em||1em|false|false&#8221; border_radii=&#8221;on|0.5em|0.5em|0.5em|0.5em&#8221; border_width_all=&#8221;1px&#8221; global_colors_info=&#8221;{}&#8221;][\/et_pb_sidebar][et_pb_sidebar area=&#8221;sidebar-6&#8243; _builder_version=&#8221;4.27.0&#8243; _module_preset=&#8221;default&#8221; custom_margin=&#8221;-5em||||false|false&#8221; custom_padding=&#8221;1em|1em|0px|1em|false|false&#8221; global_colors_info=&#8221;{}&#8221;][\/et_pb_sidebar][\/et_pb_column][\/et_pb_row][\/et_pb_section]<\/p>\n","protected":false},"excerpt":{"rendered":"<p>CONFERENCE COMMITTEES Polona \u0160prajc, ChairUniversity of Maribor, Faculty of Organizational Sciences, Slovenia Alenka BaggiaUniversity of Maribor, Faculty of Organizational Sciences, Slovenia Zvone Balanti\u010dUniversity of Maribor, Faculty of Organizational Sciences, Slovenia Mojca BernikUniversity of Maribor, Faculty of Organizational Sciences, Slovenia Roberto BiloslavoEvro-Sredozemska Univerza EMUNI Alenka Brezav\u0161\u010dekUniversity of Maribor, Faculty of Organizational Sciences, Slovenia Vesna BucevskaSs. Cyril [&hellip;]<\/p>\n","protected":false},"author":1,"featured_media":0,"parent":0,"menu_order":0,"comment_status":"closed","ping_status":"closed","template":"","meta":{"_et_pb_use_builder":"on","_et_pb_old_content":"","_et_gb_content_width":"","footnotes":""},"class_list":["post-4874","page","type-page","status-publish","hentry"],"yoast_head":"<!-- This site is optimized with the Yoast SEO plugin v27.5 - https:\/\/yoast.com\/product\/yoast-seo-wordpress\/ -->\n<title>Committees - 45. mednarodna konferenca o razvoju organizacijskih znanosti<\/title>\n<meta name=\"robots\" content=\"index, follow, max-snippet:-1, max-image-preview:large, max-video-preview:-1\" \/>\n<link rel=\"canonical\" href=\"https:\/\/arhiv.fov.um.si\/konferenca26\/en\/committees\/\" \/>\n<meta property=\"og:locale\" content=\"en_US\" \/>\n<meta property=\"og:type\" content=\"article\" \/>\n<meta property=\"og:title\" content=\"Committees - 45. mednarodna konferenca o razvoju organizacijskih znanosti\" \/>\n<meta property=\"og:description\" content=\"CONFERENCE COMMITTEES Polona \u0160prajc, ChairUniversity of Maribor, Faculty of Organizational Sciences, Slovenia Alenka BaggiaUniversity of Maribor, Faculty of Organizational Sciences, Slovenia Zvone Balanti\u010dUniversity of Maribor, Faculty of Organizational Sciences, Slovenia Mojca BernikUniversity of Maribor, Faculty of Organizational Sciences, Slovenia Roberto BiloslavoEvro-Sredozemska Univerza EMUNI Alenka Brezav\u0161\u010dekUniversity of Maribor, Faculty of Organizational Sciences, Slovenia Vesna BucevskaSs. Cyril [&hellip;]\" \/>\n<meta property=\"og:url\" content=\"https:\/\/arhiv.fov.um.si\/konferenca26\/en\/committees\/\" \/>\n<meta property=\"og:site_name\" content=\"45. mednarodna konferenca o razvoju organizacijskih znanosti\" \/>\n<meta property=\"article:modified_time\" content=\"2026-03-05T14:15:50+00:00\" \/>\n<meta name=\"twitter:card\" content=\"summary_large_image\" \/>\n<script type=\"application\/ld+json\" class=\"yoast-schema-graph\">{\"@context\":\"https:\\\/\\\/schema.org\",\"@graph\":[{\"@type\":\"WebPage\",\"@id\":\"https:\\\/\\\/arhiv.fov.um.si\\\/konferenca26\\\/en\\\/committees\\\/\",\"url\":\"https:\\\/\\\/arhiv.fov.um.si\\\/konferenca26\\\/en\\\/committees\\\/\",\"name\":\"Committees - 45. mednarodna konferenca o razvoju organizacijskih znanosti\",\"isPartOf\":{\"@id\":\"https:\\\/\\\/arhiv.fov.um.si\\\/konferenca26\\\/#website\"},\"datePublished\":\"2024-08-08T10:56:18+00:00\",\"dateModified\":\"2026-03-05T14:15:50+00:00\",\"breadcrumb\":{\"@id\":\"https:\\\/\\\/arhiv.fov.um.si\\\/konferenca26\\\/en\\\/committees\\\/#breadcrumb\"},\"inLanguage\":\"en-US\",\"potentialAction\":[{\"@type\":\"ReadAction\",\"target\":[\"https:\\\/\\\/arhiv.fov.um.si\\\/konferenca26\\\/en\\\/committees\\\/\"]}]},{\"@type\":\"BreadcrumbList\",\"@id\":\"https:\\\/\\\/arhiv.fov.um.si\\\/konferenca26\\\/en\\\/committees\\\/#breadcrumb\",\"itemListElement\":[{\"@type\":\"ListItem\",\"position\":1,\"name\":\"Home\",\"item\":\"https:\\\/\\\/arhiv.fov.um.si\\\/konferenca26\\\/\"},{\"@type\":\"ListItem\",\"position\":2,\"name\":\"Committees\"}]},{\"@type\":\"WebSite\",\"@id\":\"https:\\\/\\\/arhiv.fov.um.si\\\/konferenca26\\\/#website\",\"url\":\"https:\\\/\\\/arhiv.fov.um.si\\\/konferenca26\\\/\",\"name\":\"45. mednarodna konferenca o razvoju organizacijskih znanosti\",\"description\":\"\",\"potentialAction\":[{\"@type\":\"SearchAction\",\"target\":{\"@type\":\"EntryPoint\",\"urlTemplate\":\"https:\\\/\\\/arhiv.fov.um.si\\\/konferenca26\\\/?s={search_term_string}\"},\"query-input\":{\"@type\":\"PropertyValueSpecification\",\"valueRequired\":true,\"valueName\":\"search_term_string\"}}],\"inLanguage\":\"en-US\"}]}<\/script>\n<!-- \/ Yoast SEO plugin. -->","yoast_head_json":{"title":"Committees - 45. mednarodna konferenca o razvoju organizacijskih znanosti","robots":{"index":"index","follow":"follow","max-snippet":"max-snippet:-1","max-image-preview":"max-image-preview:large","max-video-preview":"max-video-preview:-1"},"canonical":"https:\/\/arhiv.fov.um.si\/konferenca26\/en\/committees\/","og_locale":"en_US","og_type":"article","og_title":"Committees - 45. mednarodna konferenca o razvoju organizacijskih znanosti","og_description":"CONFERENCE COMMITTEES Polona \u0160prajc, ChairUniversity of Maribor, Faculty of Organizational Sciences, Slovenia Alenka BaggiaUniversity of Maribor, Faculty of Organizational Sciences, Slovenia Zvone Balanti\u010dUniversity of Maribor, Faculty of Organizational Sciences, Slovenia Mojca BernikUniversity of Maribor, Faculty of Organizational Sciences, Slovenia Roberto BiloslavoEvro-Sredozemska Univerza EMUNI Alenka Brezav\u0161\u010dekUniversity of Maribor, Faculty of Organizational Sciences, Slovenia Vesna BucevskaSs. Cyril [&hellip;]","og_url":"https:\/\/arhiv.fov.um.si\/konferenca26\/en\/committees\/","og_site_name":"45. mednarodna konferenca o razvoju organizacijskih znanosti","article_modified_time":"2026-03-05T14:15:50+00:00","twitter_card":"summary_large_image","schema":{"@context":"https:\/\/schema.org","@graph":[{"@type":"WebPage","@id":"https:\/\/arhiv.fov.um.si\/konferenca26\/en\/committees\/","url":"https:\/\/arhiv.fov.um.si\/konferenca26\/en\/committees\/","name":"Committees - 45. mednarodna konferenca o razvoju organizacijskih znanosti","isPartOf":{"@id":"https:\/\/arhiv.fov.um.si\/konferenca26\/#website"},"datePublished":"2024-08-08T10:56:18+00:00","dateModified":"2026-03-05T14:15:50+00:00","breadcrumb":{"@id":"https:\/\/arhiv.fov.um.si\/konferenca26\/en\/committees\/#breadcrumb"},"inLanguage":"en-US","potentialAction":[{"@type":"ReadAction","target":["https:\/\/arhiv.fov.um.si\/konferenca26\/en\/committees\/"]}]},{"@type":"BreadcrumbList","@id":"https:\/\/arhiv.fov.um.si\/konferenca26\/en\/committees\/#breadcrumb","itemListElement":[{"@type":"ListItem","position":1,"name":"Home","item":"https:\/\/arhiv.fov.um.si\/konferenca26\/"},{"@type":"ListItem","position":2,"name":"Committees"}]},{"@type":"WebSite","@id":"https:\/\/arhiv.fov.um.si\/konferenca26\/#website","url":"https:\/\/arhiv.fov.um.si\/konferenca26\/","name":"45. mednarodna konferenca o razvoju organizacijskih znanosti","description":"","potentialAction":[{"@type":"SearchAction","target":{"@type":"EntryPoint","urlTemplate":"https:\/\/arhiv.fov.um.si\/konferenca26\/?s={search_term_string}"},"query-input":{"@type":"PropertyValueSpecification","valueRequired":true,"valueName":"search_term_string"}}],"inLanguage":"en-US"}]}},"rttpg_featured_image_url":null,"rttpg_author":{"display_name":"admin","author_link":"https:\/\/arhiv.fov.um.si\/konferenca26\/author\/admin\/"},"rttpg_comment":0,"rttpg_category":" <a href=\"https:\/\/arhiv.fov.um.si\/konferenca26\/en\/\" rel=\"tag\">English<\/a>","rttpg_excerpt":"CONFERENCE COMMITTEES Polona \u0160prajc, ChairUniversity of Maribor, Faculty of Organizational Sciences, Slovenia Alenka BaggiaUniversity of Maribor, Faculty of Organizational Sciences, Slovenia Zvone Balanti\u010dUniversity of Maribor, Faculty of Organizational Sciences, Slovenia Mojca BernikUniversity of Maribor, Faculty of Organizational Sciences, Slovenia Roberto BiloslavoEvro-Sredozemska Univerza EMUNI Alenka Brezav\u0161\u010dekUniversity of Maribor, Faculty of Organizational Sciences, Slovenia Vesna BucevskaSs. Cyril&hellip;","_links":{"self":[{"href":"https:\/\/arhiv.fov.um.si\/konferenca26\/wp-json\/wp\/v2\/pages\/4874","targetHints":{"allow":["GET"]}}],"collection":[{"href":"https:\/\/arhiv.fov.um.si\/konferenca26\/wp-json\/wp\/v2\/pages"}],"about":[{"href":"https:\/\/arhiv.fov.um.si\/konferenca26\/wp-json\/wp\/v2\/types\/page"}],"author":[{"embeddable":true,"href":"https:\/\/arhiv.fov.um.si\/konferenca26\/wp-json\/wp\/v2\/users\/1"}],"replies":[{"embeddable":true,"href":"https:\/\/arhiv.fov.um.si\/konferenca26\/wp-json\/wp\/v2\/comments?post=4874"}],"version-history":[{"count":27,"href":"https:\/\/arhiv.fov.um.si\/konferenca26\/wp-json\/wp\/v2\/pages\/4874\/revisions"}],"predecessor-version":[{"id":6464,"href":"https:\/\/arhiv.fov.um.si\/konferenca26\/wp-json\/wp\/v2\/pages\/4874\/revisions\/6464"}],"wp:attachment":[{"href":"https:\/\/arhiv.fov.um.si\/konferenca26\/wp-json\/wp\/v2\/media?parent=4874"}],"curies":[{"name":"wp","href":"https:\/\/api.w.org\/{rel}","templated":true}]}}