{"id":6239,"date":"2026-02-16T13:20:42","date_gmt":"2026-02-16T12:20:42","guid":{"rendered":"https:\/\/konferenca.fov.um.si\/?page_id=6239"},"modified":"2026-02-16T13:20:54","modified_gmt":"2026-02-16T12:20:54","slug":"anamarija-kejzar","status":"publish","type":"page","link":"https:\/\/arhiv.fov.um.si\/konferenca26\/anamarija-kejzar\/","title":{"rendered":"Anamarija Kej\u017ear"},"content":{"rendered":"<p>[et_pb_section fb_built=&#8221;1&#8243; _builder_version=&#8221;4.27.0&#8243; _module_preset=&#8221;default&#8221; use_background_color_gradient=&#8221;on&#8221; background_color_gradient_direction=&#8221;91deg&#8221; background_color_gradient_stops=&#8221;#175988 0%|rgba(116, 155, 184, 1) 58%|#ffffff 100%&#8221; background_pattern_horizontal_offset=&#8221;0%&#8221; background_pattern_vertical_offset=&#8221;0%&#8221; custom_padding=&#8221;31px||18px|||&#8221; global_colors_info=&#8221;{}&#8221;][et_pb_row _builder_version=&#8221;4.27.0&#8243; _module_preset=&#8221;default&#8221; custom_margin=&#8221;|auto|32px|auto||&#8221; global_colors_info=&#8221;{}&#8221;][et_pb_column type=&#8221;4_4&#8243; _builder_version=&#8221;4.16&#8243; _module_preset=&#8221;default&#8221; global_colors_info=&#8221;{}&#8221;][et_pb_text _builder_version=&#8221;4.27.4&#8243; _module_preset=&#8221;d5dbb5d4-7ec7-4306-b6c5-1435f277faf4&#8243; text_font=&#8221;|700|||||||&#8221; text_font_size=&#8221;36px&#8221; header_font=&#8221;||||||||&#8221; header_text_color=&#8221;#000000&#8243; header_font_size=&#8221;60px&#8221; header_line_height=&#8221;1.2em&#8221; width=&#8221;70%&#8221; width_tablet=&#8221;&#8221; width_phone=&#8221;100%&#8221; width_last_edited=&#8221;on|phone&#8221; custom_margin=&#8221;||16px||false|false&#8221; header_font_size_tablet=&#8221;36px&#8221; header_font_size_phone=&#8221;24px&#8221; header_font_size_last_edited=&#8221;on|phone&#8221; global_colors_info=&#8221;{}&#8221;]<span style=\"color: #ffffff;\">VABLJEN PREDAVATELJ<\/span>[\/et_pb_text][et_pb_divider color=&#8221;#f7ca00&#8243; divider_position=&#8221;center&#8221; divider_weight=&#8221;3px&#8221; _builder_version=&#8221;4.27.0&#8243; _module_preset=&#8221;default&#8221; width=&#8221;15%&#8221; global_colors_info=&#8221;{}&#8221;][\/et_pb_divider][\/et_pb_column][\/et_pb_row][\/et_pb_section][et_pb_section fb_built=&#8221;1&#8243; _builder_version=&#8221;4.27.0&#8243; _module_preset=&#8221;default&#8221; background_color=&#8221;rgba(141,195,233,0.1)&#8221; custom_margin=&#8221;||||false|false&#8221; global_colors_info=&#8221;{}&#8221;][et_pb_row column_structure=&#8221;1_4,3_4&#8243; _builder_version=&#8221;4.27.0&#8243; _module_preset=&#8221;default&#8221; background_color=&#8221;#ffffff&#8221; custom_margin=&#8221;-80px||||false|false&#8221; custom_padding=&#8221;|2em||2em|false|false&#8221; border_radii=&#8221;on|0.5em|0.5em|0.5em|0.5em&#8221; global_colors_info=&#8221;{}&#8221;][et_pb_column type=&#8221;1_4&#8243; _builder_version=&#8221;4.27.0&#8243; _module_preset=&#8221;default&#8221; global_colors_info=&#8221;{}&#8221;][et_pb_image src=&#8221;https:\/\/konferenca.fov.um.si\/wp-content\/uploads\/2026\/02\/am2025-2.jpg&#8221; title_text=&#8221;am2025-2&#8243; _builder_version=&#8221;4.27.5&#8243; _module_preset=&#8221;default&#8221; hover_enabled=&#8221;0&#8243; global_colors_info=&#8221;{}&#8221; sticky_enabled=&#8221;0&#8243;][\/et_pb_image][\/et_pb_column][et_pb_column type=&#8221;3_4&#8243; _builder_version=&#8221;4.27.0&#8243; _module_preset=&#8221;default&#8221; global_colors_info=&#8221;{}&#8221;][et_pb_text _builder_version=&#8221;4.27.5&#8243; _module_preset=&#8221;default&#8221; text_font_size=&#8221;15px&#8221; hover_enabled=&#8221;0&#8243; global_colors_info=&#8221;{}&#8221; sticky_enabled=&#8221;0&#8243;]<\/p>\n<h2><strong>Doc. dr. Anamarija Kej\u017ear<\/strong><\/h2>\n<p>[\/et_pb_text][et_pb_text _builder_version=&#8221;4.27.5&#8243; _module_preset=&#8221;default&#8221; text_font_size=&#8221;15px&#8221; hover_enabled=&#8221;0&#8243; global_colors_info=&#8221;{}&#8221; sticky_enabled=&#8221;0&#8243;]<\/p>\n<p style=\"text-align: justify;\">Doc. dr. Anamarija Kej\u017ear je raziskovalka, predavateljica in strokovnjakinja na podro\u010dju staranja, dolgo\u017eive dru\u017ebe ter vklju\u010dujo\u010dih in trajnostnih organizacij. Njeno raziskovalno in strokovno delo je usmerjeno v medgeneracijske odnose, aktivno in zdravo staranje, kakovost dolgotrajne oskrbe, prepre\u010devanje starizma ter prenos znanja med raziskovanjem, izobra\u017eevanjem in prakso. Aktivno sodeluje pri nacionalnih in mednarodnih projektih, povezanih z oblikovanjem starosti prijaznih skupnosti in delovnih okolij, ter pri razvoju inovativnih pristopov k vodenju v kontekstu demografskih sprememb. V svojem pedago\u0161kem in raziskovalnem delu poudarja pomen eti\u010dnega, vklju\u010dujo\u010dega in medgeneracijskega vodenja kot klju\u010dne kompetence prihodnjih vodij.<\/p>\n<p>[\/et_pb_text][\/et_pb_column][\/et_pb_row][et_pb_row _builder_version=&#8221;4.27.0&#8243; _module_preset=&#8221;default&#8221; background_color=&#8221;#ffffff&#8221; custom_margin=&#8221;||||false|false&#8221; custom_padding=&#8221;7px|2em||2em|false|false&#8221; border_radii=&#8221;on|0.5em|0.5em|0.5em|0.5em&#8221; global_colors_info=&#8221;{}&#8221;][et_pb_column type=&#8221;4_4&#8243; _builder_version=&#8221;4.27.0&#8243; _module_preset=&#8221;default&#8221; global_colors_info=&#8221;{}&#8221;][et_pb_divider color=&#8221;#cccccc&#8221; _builder_version=&#8221;4.27.0&#8243; _module_preset=&#8221;default&#8221; custom_margin=&#8221;||0px||false|false&#8221; custom_padding=&#8221;||0px|||&#8221; global_colors_info=&#8221;{}&#8221;][\/et_pb_divider][et_pb_text _builder_version=&#8221;4.27.5&#8243; _module_preset=&#8221;default&#8221; text_font_size=&#8221;16px&#8221; hover_enabled=&#8221;0&#8243; global_colors_info=&#8221;{}&#8221; sticky_enabled=&#8221;0&#8243;]<\/p>\n<p><strong>Vodenje v dobi dolgo\u017eive dru\u017ebe: medgeneracijski izzivi in nove vodstvene kompetence<\/strong><\/p>\n<p>[\/et_pb_text][et_pb_text _builder_version=&#8221;4.27.5&#8243; _module_preset=&#8221;default&#8221; text_font_size=&#8221;16px&#8221; hover_enabled=&#8221;0&#8243; global_colors_info=&#8221;{}&#8221; sticky_enabled=&#8221;0&#8243;]<\/p>\n<p style=\"text-align: justify;\">Demografske spremembe, podalj\u0161evanje delovne dobe in hitri tehnolo\u0161ki premiki postavljajo organizacije pred nove izzive vodenja raznolikih, ve\u010dgeneracijskih timov. Medgeneracijsko vodenje danes presega zgolj upravljanje starostne raznolikosti ter zahteva razumevanje razli\u010dnih vrednot, motivacij, delovnih stilov in pri\u010dakovanj zaposlenih v razli\u010dnih \u017eivljenjskih in kariernih obdobjih. Predavanje bo osvetlilo klju\u010dne izzive medgeneracijskega vodenja v sodobnih organizacijah, pri \u010demer bo poseben poudarek namenjen konceptu aktivnega in zdravega staranja na delovnem mestu (Active and Healthy Ageing in the Workplace) kot strate\u0161kemu okviru za trajnostno vodenje \u010dlove\u0161kih virov. Razprava bo naslovila pomen psihosocialne varnosti, vse\u017eivljenjskega u\u010denja, prilagojenih delovnih pogojev ter vklju\u010dujo\u010dih vodstvenih praks, ki omogo\u010dajo sodelovanje, prenos znanja in medgeneracijsko solidarnost.<\/p>\n<p style=\"text-align: justify;\">V zaklju\u010dku bo predstavljen pogled v prihodnost vodenja, ki temelji na vklju\u010dujo\u010dih, eti\u010dnih in starosti prijaznih organizacijah, kjer se potencial vseh generacij prepoznava kot klju\u010dni razvojni kapital. Medgeneracijsko vodenje bo predstavljeno kot ena osrednjih kompetenc prihodnjih vodij v kontekstu dolgo\u017eive dru\u017ebe in trajnostnega organizacijskega razvoja.<\/p>\n<p>[\/et_pb_text][\/et_pb_column][\/et_pb_row][\/et_pb_section]<\/p>\n","protected":false},"excerpt":{"rendered":"<p>VABLJEN PREDAVATELJDoc. dr. Anamarija Kej\u017earDoc. dr. Anamarija Kej\u017ear je raziskovalka, predavateljica in strokovnjakinja na podro\u010dju staranja, dolgo\u017eive dru\u017ebe ter vklju\u010dujo\u010dih in trajnostnih organizacij. Njeno raziskovalno in strokovno delo je usmerjeno v medgeneracijske odnose, aktivno in zdravo staranje, kakovost dolgotrajne oskrbe, prepre\u010devanje starizma ter prenos znanja med raziskovanjem, izobra\u017eevanjem in prakso. Aktivno sodeluje pri nacionalnih in [&hellip;]<\/p>\n","protected":false},"author":1,"featured_media":0,"parent":0,"menu_order":0,"comment_status":"closed","ping_status":"closed","template":"","meta":{"_et_pb_use_builder":"on","_et_pb_old_content":"","_et_gb_content_width":"","footnotes":""},"class_list":["post-6239","page","type-page","status-publish","hentry"],"yoast_head":"<!-- This site is optimized with the Yoast SEO plugin v27.5 - https:\/\/yoast.com\/product\/yoast-seo-wordpress\/ -->\n<title>Anamarija Kej\u017ear - 45. mednarodna konferenca o razvoju organizacijskih znanosti<\/title>\n<meta name=\"robots\" content=\"index, follow, max-snippet:-1, max-image-preview:large, max-video-preview:-1\" \/>\n<link rel=\"canonical\" href=\"https:\/\/arhiv.fov.um.si\/konferenca26\/anamarija-kejzar\/\" \/>\n<meta property=\"og:locale\" content=\"en_US\" \/>\n<meta property=\"og:type\" content=\"article\" \/>\n<meta property=\"og:title\" content=\"Anamarija Kej\u017ear - 45. mednarodna konferenca o razvoju organizacijskih znanosti\" \/>\n<meta property=\"og:description\" content=\"VABLJEN PREDAVATELJDoc. dr. Anamarija Kej\u017earDoc. dr. Anamarija Kej\u017ear je raziskovalka, predavateljica in strokovnjakinja na podro\u010dju staranja, dolgo\u017eive dru\u017ebe ter vklju\u010dujo\u010dih in trajnostnih organizacij. Njeno raziskovalno in strokovno delo je usmerjeno v medgeneracijske odnose, aktivno in zdravo staranje, kakovost dolgotrajne oskrbe, prepre\u010devanje starizma ter prenos znanja med raziskovanjem, izobra\u017eevanjem in prakso. Aktivno sodeluje pri nacionalnih in [&hellip;]\" \/>\n<meta property=\"og:url\" content=\"https:\/\/arhiv.fov.um.si\/konferenca26\/anamarija-kejzar\/\" \/>\n<meta property=\"og:site_name\" content=\"45. mednarodna konferenca o razvoju organizacijskih znanosti\" \/>\n<meta property=\"article:modified_time\" content=\"2026-02-16T12:20:54+00:00\" \/>\n<meta name=\"twitter:card\" content=\"summary_large_image\" \/>\n<meta name=\"twitter:label1\" content=\"Est. reading time\" \/>\n\t<meta name=\"twitter:data1\" content=\"1 minute\" \/>\n<script type=\"application\/ld+json\" class=\"yoast-schema-graph\">{\"@context\":\"https:\\\/\\\/schema.org\",\"@graph\":[{\"@type\":\"WebPage\",\"@id\":\"https:\\\/\\\/arhiv.fov.um.si\\\/konferenca26\\\/anamarija-kejzar\\\/\",\"url\":\"https:\\\/\\\/arhiv.fov.um.si\\\/konferenca26\\\/anamarija-kejzar\\\/\",\"name\":\"Anamarija Kej\u017ear - 45. mednarodna konferenca o razvoju organizacijskih znanosti\",\"isPartOf\":{\"@id\":\"https:\\\/\\\/arhiv.fov.um.si\\\/konferenca26\\\/#website\"},\"datePublished\":\"2026-02-16T12:20:42+00:00\",\"dateModified\":\"2026-02-16T12:20:54+00:00\",\"breadcrumb\":{\"@id\":\"https:\\\/\\\/arhiv.fov.um.si\\\/konferenca26\\\/anamarija-kejzar\\\/#breadcrumb\"},\"inLanguage\":\"en-US\",\"potentialAction\":[{\"@type\":\"ReadAction\",\"target\":[\"https:\\\/\\\/arhiv.fov.um.si\\\/konferenca26\\\/anamarija-kejzar\\\/\"]}]},{\"@type\":\"BreadcrumbList\",\"@id\":\"https:\\\/\\\/arhiv.fov.um.si\\\/konferenca26\\\/anamarija-kejzar\\\/#breadcrumb\",\"itemListElement\":[{\"@type\":\"ListItem\",\"position\":1,\"name\":\"Home\",\"item\":\"https:\\\/\\\/arhiv.fov.um.si\\\/konferenca26\\\/\"},{\"@type\":\"ListItem\",\"position\":2,\"name\":\"Anamarija Kej\u017ear\"}]},{\"@type\":\"WebSite\",\"@id\":\"https:\\\/\\\/arhiv.fov.um.si\\\/konferenca26\\\/#website\",\"url\":\"https:\\\/\\\/arhiv.fov.um.si\\\/konferenca26\\\/\",\"name\":\"45. mednarodna konferenca o razvoju organizacijskih znanosti\",\"description\":\"\",\"potentialAction\":[{\"@type\":\"SearchAction\",\"target\":{\"@type\":\"EntryPoint\",\"urlTemplate\":\"https:\\\/\\\/arhiv.fov.um.si\\\/konferenca26\\\/?s={search_term_string}\"},\"query-input\":{\"@type\":\"PropertyValueSpecification\",\"valueRequired\":true,\"valueName\":\"search_term_string\"}}],\"inLanguage\":\"en-US\"}]}<\/script>\n<!-- \/ Yoast SEO plugin. -->","yoast_head_json":{"title":"Anamarija Kej\u017ear - 45. mednarodna konferenca o razvoju organizacijskih znanosti","robots":{"index":"index","follow":"follow","max-snippet":"max-snippet:-1","max-image-preview":"max-image-preview:large","max-video-preview":"max-video-preview:-1"},"canonical":"https:\/\/arhiv.fov.um.si\/konferenca26\/anamarija-kejzar\/","og_locale":"en_US","og_type":"article","og_title":"Anamarija Kej\u017ear - 45. mednarodna konferenca o razvoju organizacijskih znanosti","og_description":"VABLJEN PREDAVATELJDoc. dr. Anamarija Kej\u017earDoc. dr. Anamarija Kej\u017ear je raziskovalka, predavateljica in strokovnjakinja na podro\u010dju staranja, dolgo\u017eive dru\u017ebe ter vklju\u010dujo\u010dih in trajnostnih organizacij. Njeno raziskovalno in strokovno delo je usmerjeno v medgeneracijske odnose, aktivno in zdravo staranje, kakovost dolgotrajne oskrbe, prepre\u010devanje starizma ter prenos znanja med raziskovanjem, izobra\u017eevanjem in prakso. Aktivno sodeluje pri nacionalnih in [&hellip;]","og_url":"https:\/\/arhiv.fov.um.si\/konferenca26\/anamarija-kejzar\/","og_site_name":"45. mednarodna konferenca o razvoju organizacijskih znanosti","article_modified_time":"2026-02-16T12:20:54+00:00","twitter_card":"summary_large_image","twitter_misc":{"Est. reading time":"1 minute"},"schema":{"@context":"https:\/\/schema.org","@graph":[{"@type":"WebPage","@id":"https:\/\/arhiv.fov.um.si\/konferenca26\/anamarija-kejzar\/","url":"https:\/\/arhiv.fov.um.si\/konferenca26\/anamarija-kejzar\/","name":"Anamarija Kej\u017ear - 45. mednarodna konferenca o razvoju organizacijskih znanosti","isPartOf":{"@id":"https:\/\/arhiv.fov.um.si\/konferenca26\/#website"},"datePublished":"2026-02-16T12:20:42+00:00","dateModified":"2026-02-16T12:20:54+00:00","breadcrumb":{"@id":"https:\/\/arhiv.fov.um.si\/konferenca26\/anamarija-kejzar\/#breadcrumb"},"inLanguage":"en-US","potentialAction":[{"@type":"ReadAction","target":["https:\/\/arhiv.fov.um.si\/konferenca26\/anamarija-kejzar\/"]}]},{"@type":"BreadcrumbList","@id":"https:\/\/arhiv.fov.um.si\/konferenca26\/anamarija-kejzar\/#breadcrumb","itemListElement":[{"@type":"ListItem","position":1,"name":"Home","item":"https:\/\/arhiv.fov.um.si\/konferenca26\/"},{"@type":"ListItem","position":2,"name":"Anamarija Kej\u017ear"}]},{"@type":"WebSite","@id":"https:\/\/arhiv.fov.um.si\/konferenca26\/#website","url":"https:\/\/arhiv.fov.um.si\/konferenca26\/","name":"45. mednarodna konferenca o razvoju organizacijskih znanosti","description":"","potentialAction":[{"@type":"SearchAction","target":{"@type":"EntryPoint","urlTemplate":"https:\/\/arhiv.fov.um.si\/konferenca26\/?s={search_term_string}"},"query-input":{"@type":"PropertyValueSpecification","valueRequired":true,"valueName":"search_term_string"}}],"inLanguage":"en-US"}]}},"rttpg_featured_image_url":null,"rttpg_author":{"display_name":"admin","author_link":"https:\/\/arhiv.fov.um.si\/konferenca26\/author\/admin\/"},"rttpg_comment":0,"rttpg_category":" <a href=\"https:\/\/arhiv.fov.um.si\/konferenca26\/\" rel=\"tag\">Sloven\u0161\u010dina<\/a>","rttpg_excerpt":"VABLJEN PREDAVATELJDoc. dr. Anamarija Kej\u017earDoc. dr. Anamarija Kej\u017ear je raziskovalka, predavateljica in strokovnjakinja na podro\u010dju staranja, dolgo\u017eive dru\u017ebe ter vklju\u010dujo\u010dih in trajnostnih organizacij. Njeno raziskovalno in strokovno delo je usmerjeno v medgeneracijske odnose, aktivno in zdravo staranje, kakovost dolgotrajne oskrbe, prepre\u010devanje starizma ter prenos znanja med raziskovanjem, izobra\u017eevanjem in prakso. Aktivno sodeluje pri nacionalnih in&hellip;","_links":{"self":[{"href":"https:\/\/arhiv.fov.um.si\/konferenca26\/wp-json\/wp\/v2\/pages\/6239","targetHints":{"allow":["GET"]}}],"collection":[{"href":"https:\/\/arhiv.fov.um.si\/konferenca26\/wp-json\/wp\/v2\/pages"}],"about":[{"href":"https:\/\/arhiv.fov.um.si\/konferenca26\/wp-json\/wp\/v2\/types\/page"}],"author":[{"embeddable":true,"href":"https:\/\/arhiv.fov.um.si\/konferenca26\/wp-json\/wp\/v2\/users\/1"}],"replies":[{"embeddable":true,"href":"https:\/\/arhiv.fov.um.si\/konferenca26\/wp-json\/wp\/v2\/comments?post=6239"}],"version-history":[{"count":2,"href":"https:\/\/arhiv.fov.um.si\/konferenca26\/wp-json\/wp\/v2\/pages\/6239\/revisions"}],"predecessor-version":[{"id":6245,"href":"https:\/\/arhiv.fov.um.si\/konferenca26\/wp-json\/wp\/v2\/pages\/6239\/revisions\/6245"}],"wp:attachment":[{"href":"https:\/\/arhiv.fov.um.si\/konferenca26\/wp-json\/wp\/v2\/media?parent=6239"}],"curies":[{"name":"wp","href":"https:\/\/api.w.org\/{rel}","templated":true}]}}