{"id":39,"date":"2018-06-26T12:18:06","date_gmt":"2018-06-26T11:18:06","guid":{"rendered":"http:\/\/sor19.fov.uni-mb.si\/?page_id=39"},"modified":"2023-06-06T13:24:53","modified_gmt":"2023-06-06T12:24:53","slug":"call-for-papers","status":"publish","type":"page","link":"https:\/\/arhiv.fov.um.si\/sor23\/call-for-papers\/","title":{"rendered":"Call for Papers"},"content":{"rendered":"<div class=\"entry-content clearfix\">\n<p><strong>OBJECTIVES<\/strong><\/p>\n<p>The 17th International Symposium on Operations Research in Slovenia (SOR \u201923) will be held in Bled, Slovenia, in September 20-22, 2023.<\/p>\n<p>It will be organized by Slovenian Society Informatika, Section of Operations Research (SDI-SOR, Ljubljana, Slovenia), University of Maribor, Faculty of Organizational Sciences (UM-FOV, Kranj, Slovenia), and University of Ljubljana, Faculty of Mechanical Engineering (UL-FS, Ljubljana, Slovenia).&nbsp;<\/p>\n<p><strong>TOPICS<\/strong><\/p>\n<ul>\n<li><strong>Professional aspects of OR <\/strong>(OR methodology, OR education, OR implementaion, OR profession).<\/li>\n<li><strong>Methods and techniques of OR <\/strong>(Assignment, Combinatiorial programming, Linear programming, Multiple criteria decision making, Netowrkd and graphs, Non-linear programming, Numeral methods, Simulation, Statistics, Stochastic processes, Vector optimization, etc.)<\/li>\n<li><strong>Areas of application <\/strong>(Agriculture, Banking, Ecology, Economic systems and enomometrics, Energy, Environmental protection, Finance, Invetory, Production planning, Transport, etc.).<\/li>\n<li><strong>Information and computing aspects of OR <\/strong>(Artificial intelligence, Decision support systems, Expert systems, Information systems, OR software, Data mining, High performance computing, etc.).<\/li>\n<\/ul>\n<\/div>\n<div class=\"entry-content clearfix\">\n<p>&nbsp;<\/p>\n<p><strong>CALLS FOR SPECIAL SESSIONS<\/strong><\/p>\n<p>&nbsp;<\/p>\n<\/div>\n<ul>\n<li><strong>Applications of Operations Research in Agricultural Economics &#8211; <\/strong><a href=\"https:\/\/sor.fov.um.si\/wp-content\/uploads\/2023\/04\/SOR23-CFP-SS-AoORiAE-Applications-of-OR-in-Agricultural-Economics.pdf\" target=\"_blank\" rel=\"noopener\">Call for papers<\/a><br \/>\nChairs: Prof. Dr. \u010crtomir Rozman and Prof. Dr. Karmen Pa\u017eek, <a href=\"https:\/\/www.fkbv.um.si\/?page_id=838&amp;lang=en\" target=\"_blank\" rel=\"noopener\">University of Maribor, Faculty of Agriculture and Life Sciences<\/a>, Maribor, Slovenia<\/li>\n<\/ul>\n<p>&nbsp;<\/p>\n<ul>\n<li><strong>Applications of OR in Industry and Mechanical Engineering &#8211; <\/strong><a href=\"https:\/\/sor.fov.um.si\/wp-content\/uploads\/2023\/05\/SOR23-CFP-SS-AoORiIME-Applications-of-OR-in-Industry-and-Mechanical-Engineering.pdf\" target=\"_blank\" rel=\"noopener\">Call for papers<\/a><br \/>\nChairs: Assist. Prof. Dr. Darja Rupnik Poklukar and Prof. DDr. Janez \u017derovnik, <a href=\"https:\/\/www.fs.uni-lj.si\/en\/\" target=\"_blank\" rel=\"noopener noreferrer\">University of Ljubljana, Faculty of mechanical engineering<\/a>, Ljubljana, Slovenia<\/li>\n<\/ul>\n<p>&nbsp;<\/p>\n<ul>\n<li><strong>Artificial Intelligence in Business: Obstacles and Perspectives<\/strong> &#8211;<a href=\"https:\/\/sor.fov.um.si\/wp-content\/uploads\/2022\/12\/SOR23-CFP-SS-AIiB-Artificial-Intelligence-in-Business.pdf\" target=\"_blank\" rel=\"noopener noreferrer\"> Call for papers<\/a><br \/>\nChair: Prof. Dr. Mirjana Peji\u0107 Bach, <a href=\"https:\/\/www.efzg.unizg.hr\/en\" target=\"_blank\" rel=\"noopener\">University of Zagreb, Faculty of Economics and Business<\/a>, Zagreb, Croatia<\/li>\n<\/ul>\n<p>&nbsp;<\/p>\n<ul>\n<li><strong>Discrete Optimization Methods and Models for Real-world Problem Domains<\/strong> &#8211;<a href=\"https:\/\/sor.fov.um.si\/wp-content\/uploads\/2023\/06\/SOR23-CFP-SS-DOMMfRWPD-Discrete-Optimization-Methods-and-Models-for-Real-World-Problem-Domains.pdf\" target=\"_blank\" rel=\"noopener noreferrer\"> Call for papers<\/a><br \/>\nChairs: Assist. Prof. Dr. Bal\u00e1zs D\u00e1vid and Assoc. Prof. Dr. Mikl\u00f3s Kr\u00e9sz, <a href=\"https:\/\/innorenew.eu\/\" target=\"_blank\" rel=\"noopener\">InnoRenew CoE<\/a>, Izola, Slovenia<\/li>\n<\/ul>\n<p>&nbsp;<\/p>\n<ul>\n<li><strong>Game Theory<\/strong>&nbsp;&#8211;<a href=\"https:\/\/sor.fov.um.si\/wp-content\/uploads\/2023\/05\/SOR23-CFP-SS-GT-Game-Theory.pdf\" target=\"_blank\" rel=\"noopener noreferrer\"> Call for papers<\/a><br \/>\nChair: Prof. Dr. Tam\u00e1s Solymosi,&nbsp;<a href=\"https:\/\/www.uni-corvinus.hu\/?lang=en\">Corvinus University<\/a>, <a href=\"https:\/\/www.uni-corvinus.hu\/main-page\/research\/corvinus-institute-for-advanced-studies\/?lang=en\">Corvinus Institute for Advanced Studies<\/a>, Budapest, Hungary<\/li>\n<\/ul>\n<p>&nbsp;<\/p>\n<ul>\n<li><strong>Industry &amp; Society 5.0: Optimization and Learning in Human and Industrial Environments&nbsp;<\/strong>&#8211; <a href=\"https:\/\/sor.fov.um.si\/wp-content\/uploads\/2023\/02\/SOR23-CFP-SS-IS5.0-Industry-Society-5.0.pdf\" target=\"_blank\" rel=\"noopener\">Call for paper<\/a><br \/>\nChairs: Prof. Dr. Drago Bokal,&nbsp;<a href=\"https:\/\/www.fnm.um.si\/index.php\/en\/home\/\">University of Maribor, Faculty of Natural sciences and Mathematics<\/a>, Maribor, Slovenia and Prof. Dr. Janez Povh, <a href=\"https:\/\/www.fs.uni-lj.si\/en\/\" target=\"_blank\" rel=\"noopener noreferrer\">University of Ljubljana, Faculty of mechanical engineering<\/a>, Ljubljana Slovenia<\/li>\n<\/ul>\n<p>&nbsp;<\/p>\n<ul>\n<li><strong>Social Innovations in Ageing Studies Supported by OR Models &#8211; <\/strong><a href=\"https:\/\/sor.fov.um.si\/wp-content\/uploads\/2023\/03\/SOR23-CFP-SS-SIiASSORM-Social-Innovations-in-Ageing-Studies-Supported-by-OR-Models.pdf\" target=\"_blank\" rel=\"noopener\">Call for paper<\/a><br \/>\nChairs: Prof. Dr. Marija Bogataj, <a href=\"http:\/\/inrisk.si\/\">INRISK Institute<\/a>, Trebnje, Slovenia Prof. Dr. David Bogataj, <a href=\"https:\/\/en.almamater.si\/en\">Alma Mater Europaea<\/a>, Maribor, Slovenia and Assoc. Prof. Dr. Samo Drobne, <a href=\"https:\/\/www.en.fgg.uni-lj.si\/\">University of Ljubljana, Faculty of Civil and Geodetic Engineering<\/a>, Trebnje\/Maribor\/Ljubljana, Slovenia<\/li>\n<\/ul>\n<p>&nbsp;<\/p>\n<ul>\n<li><strong>Unravelling the Business Models of Sharing Economy by Applying Methods of OR and Statistics <\/strong>&#8211; <a href=\"https:\/\/sor.fov.um.si\/wp-content\/uploads\/2023\/01\/SOR23-CFP-SS-UtBMoSE-Unravelling-the_Business-Models-of-Sharing-Economy.pdf\" target=\"_blank\" rel=\"noopener\">Call for papers<\/a><strong><br \/>\n<\/strong>Chairs: Assist. Prof. Dr. Milica Mari\u010di\u0107 and Prof. Dr. Veljko Jeremi\u0107,&nbsp;<a href=\"http:\/\/www.fon.bg.ac.rs\/eng\/\" target=\"_blank\" rel=\"noopener\">University of Belgrade, Faculty of Organizational Sciences<\/a>, Belgrade, Serbia<\/li>\n<\/ul>\n<p>&nbsp;<\/p>\n<p><span style=\"color: #000000;\"><strong>DEADLINES:<\/strong><\/span><\/p>\n<div class=\"entry-content clearfix\">\n<p><span style=\"color: #000000;\"><strong>Submission of contributed papers:&nbsp; <\/strong><span style=\"text-decoration: line-through;\">June 10, 2023<\/span><\/span>,<span style=\"color: #ff0000;\"><strong> June 13, 2023 (extended)<\/strong><\/span><br \/>\n<span style=\"color: #000000;\"><strong>Referee\u2019s reports: <\/strong><span style=\"text-decoration: line-through;\">July 10, 2023<\/span>, <span style=\"color: #ff0000;\"><strong>July 13, 2023 (extended)<\/strong><\/span><\/span><br \/>\n<span style=\"color: #000000;\"><strong>Submission of revised papers and copies of bank transfer: August 25, 2023<\/strong><\/span><\/p>\n<p>Should you need assistance, or you have any questions about the SOR, please feel free to contact <a href=\"mailto:sor@um.si\">sor@um.si<\/a>.<\/p>\n<\/div>\n","protected":false},"excerpt":{"rendered":"<p>OBJECTIVES The 17th International Symposium on Operations Research in Slovenia (SOR \u201923) will be held in Bled, Slovenia, in September 20-22, 2023. It will be organized by Slovenian Society Informatika, Section of Operations Research (SDI-SOR, Ljubljana, Slovenia), University of Maribor, Faculty of Organizational Sciences (UM-FOV, Kranj, Slovenia), and University of Ljubljana, Faculty of Mechanical Engineering <span class=\"ellipsis\">&hellip;<\/span> <span class=\"more-link-wrap\"><a href=\"https:\/\/arhiv.fov.um.si\/sor23\/call-for-papers\/\" class=\"more-link\"><span>Read More &rarr;<\/span><\/a><\/span><\/p>\n","protected":false},"author":1,"featured_media":0,"parent":0,"menu_order":0,"comment_status":"closed","ping_status":"closed","template":"","meta":{"ngg_post_thumbnail":0,"footnotes":""},"class_list":["post-39","page","type-page","status-publish","hentry"],"_links":{"self":[{"href":"https:\/\/arhiv.fov.um.si\/sor23\/wp-json\/wp\/v2\/pages\/39","targetHints":{"allow":["GET"]}}],"collection":[{"href":"https:\/\/arhiv.fov.um.si\/sor23\/wp-json\/wp\/v2\/pages"}],"about":[{"href":"https:\/\/arhiv.fov.um.si\/sor23\/wp-json\/wp\/v2\/types\/page"}],"author":[{"embeddable":true,"href":"https:\/\/arhiv.fov.um.si\/sor23\/wp-json\/wp\/v2\/users\/1"}],"replies":[{"embeddable":true,"href":"https:\/\/arhiv.fov.um.si\/sor23\/wp-json\/wp\/v2\/comments?post=39"}],"version-history":[{"count":80,"href":"https:\/\/arhiv.fov.um.si\/sor23\/wp-json\/wp\/v2\/pages\/39\/revisions"}],"predecessor-version":[{"id":1077,"href":"https:\/\/arhiv.fov.um.si\/sor23\/wp-json\/wp\/v2\/pages\/39\/revisions\/1077"}],"wp:attachment":[{"href":"https:\/\/arhiv.fov.um.si\/sor23\/wp-json\/wp\/v2\/media?parent=39"}],"curies":[{"name":"wp","href":"https:\/\/api.w.org\/{rel}","templated":true}]}}