{"id":44,"date":"2018-06-26T12:19:11","date_gmt":"2018-06-26T11:19:11","guid":{"rendered":"http:\/\/sor19.fov.uni-mb.si\/?page_id=44"},"modified":"2022-10-20T14:03:23","modified_gmt":"2022-10-20T13:03:23","slug":"conference-venue","status":"publish","type":"page","link":"https:\/\/arhiv.fov.um.si\/sor23\/conference-venue\/","title":{"rendered":"Conference Venue"},"content":{"rendered":"<p><strong>SYMPOSIUM WILL BE HELD AT THE CONFERENCE CENTRE OF <a href=\"http:\/\/www.hotelastoria-bled.com\/\" target=\"_blank\" rel=\"noopener noreferrer\">HOTEL ASTORIA, BLED<\/a>.<\/strong><\/p>\n<p><a href=\"https:\/\/sor.fov.um.si\/wp-content\/uploads\/2021\/mice1.jpg\"><img loading=\"lazy\" decoding=\"async\" class=\"alignnone wp-image-546 size-full\" src=\"https:\/\/sor.fov.um.si\/wp-content\/uploads\/2020\/11\/mice1-e1606382161912.jpg\" alt=\"\" width=\"252\" height=\"110\"> <\/a><a href=\"https:\/\/sor.fov.um.si\/wp-content\/uploads\/2021\/mince3.jpg\"><img loading=\"lazy\" decoding=\"async\" class=\"alignnone wp-image-547 size-full\" src=\"https:\/\/sor.fov.um.si\/wp-content\/uploads\/2020\/11\/mince3-e1606382236627.jpg\" alt=\"\" width=\"252\" height=\"110\"><\/a><\/p>\n<p>We are planning to hold the <a href=\"https:\/\/sor.fov.um.si\/\">17<sup>th<\/sup> International Symposium on Operations Research in Slovenia (SOR \u201923)<\/a> as live event.<\/p>\n<p>You can book your room at Hotel Astoria through their <a href=\"http:\/\/www.hotelastoria-bled.com\/default.asp?mid=en&amp;pid=roomsandservices\" target=\"_blank\" rel=\"noopener noreferrer\">web page<\/a>.<\/p>\n<p>Discount for SOR participants will be given. For reservations please contact<br \/>\n<a href=\"mailto:marketing.astoria@vgs-bled.si\">marketing.astoria@vgs-bled.si<\/a> or +386 4 579 44 00 and<\/p>\n<p><strong>Parking options:<\/strong><\/p>\n<ul>\n<li>The hotel Astoria Bled has free parking and garage, with limited availability (50 parking places),<\/li>\n<li>Free parking places for SOR\u201923 attendeces are also available&nbsp; at Vi\u0161ja gostinska \u0161ola za gostinstvo in turizem Bled, Pre\u0161ernova 32, Bled (3 minutes walk from the Hotel Astoria).<\/li>\n<li>There are also available payable public parking places at IEDC Bled or TVD Partizan (nearby hotel).<\/li>\n<\/ul>\n<p>&nbsp;<\/p>\n<p><strong>BLED AND HOW TO GET THERE<br \/>\n<\/strong><\/p>\n<p><a href=\"https:\/\/www.youtube.com\/watch?v=6TQXFPoCPc4)\" target=\"_blank\" rel=\"noopener noreferrer\">Bled&nbsp; lies in the extreme northwestern part of Slovenia, at the foot of the Julian Alps and between the Sava Bohinjka and Sava Dolinka rivers. It is accessible in all seasons.<\/a><\/p>\n<p><strong>By Car:<\/strong><br \/>\nFrom Ljubljana take A2 highway northwest out of the city and follow the signs for Kranj or Jesenice. From Austria, pass Jesenice following signs for Ljubljana. Bled is well sign-posted.<\/p>\n<p><strong>By Plane:<\/strong><br \/>\nThe nearest international airport is <a href=\"http:\/\/www.lju-airport.si\/en\/Main\" target=\"_blank\" rel=\"noopener noreferrer\">Ljubljana Airport<\/a> at Brnik only 36 km away.<br \/>\n<a href=\"http:\/\/www.zup-prevozi.eu\/en.html\" target=\"_blank\" rel=\"noopener noreferrer\">Direct shuttle bus service<\/a> and <a href=\"http:\/\/www.bled.si\/en\/about-bled\/tourist-agencies\" target=\"_blank\" rel=\"noopener noreferrer\">private transfers <\/a>between the airport and Bled are organized throughout the year.<\/p>\n<p><strong>By Bus:<\/strong><br \/>\nWith regular <a href=\"http:\/\/www.ap-ljubljana.si\/en\/\" target=\"_blank\" rel=\"noopener noreferrer\">bus routes<\/a> Bled is connected with the surrounding area and all major towns in Slovenia.<\/p>\n<p><strong>By Train:<\/strong><br \/>\nThe Lesce-Bled railway station (4 km) lies on the Villach \u2013 Jesenice \u2013 Ljubljana \u2013 Belgrade \u2013 Istanbul \u2013 Athens railway line. It is approximately 45 km from the national borders with Austria (Wurzenpass \u2013 Korensko sedlo) and Italy (Fusine Laghi \u2013 Rate\u010de). In addition, there are a few IC services a day. Buses connect the station with Bled every 30 minutes for \u20ac2. A taxi to\/from the station costs \u20ac10. More info on <a href=\"http:\/\/www.slo-zeleznice.si\/en\/\" target=\"_blank\" rel=\"noopener noreferrer\">Slovenian Railways<\/a>.<\/p>\n","protected":false},"excerpt":{"rendered":"<p>SYMPOSIUM WILL BE HELD AT THE CONFERENCE CENTRE OF HOTEL ASTORIA, BLED. We are planning to hold the 17th International Symposium on Operations Research in Slovenia (SOR \u201923) as live event. You can book your room at Hotel Astoria through their web page. Discount for SOR participants will be given. For reservations please contact marketing.astoria@vgs-bled.si <span class=\"ellipsis\">&hellip;<\/span> <span class=\"more-link-wrap\"><a href=\"https:\/\/arhiv.fov.um.si\/sor23\/conference-venue\/\" class=\"more-link\"><span>Read More &rarr;<\/span><\/a><\/span><\/p>\n","protected":false},"author":1,"featured_media":0,"parent":0,"menu_order":0,"comment_status":"closed","ping_status":"closed","template":"","meta":{"ngg_post_thumbnail":0,"footnotes":""},"class_list":["post-44","page","type-page","status-publish","hentry"],"_links":{"self":[{"href":"https:\/\/arhiv.fov.um.si\/sor23\/wp-json\/wp\/v2\/pages\/44","targetHints":{"allow":["GET"]}}],"collection":[{"href":"https:\/\/arhiv.fov.um.si\/sor23\/wp-json\/wp\/v2\/pages"}],"about":[{"href":"https:\/\/arhiv.fov.um.si\/sor23\/wp-json\/wp\/v2\/types\/page"}],"author":[{"embeddable":true,"href":"https:\/\/arhiv.fov.um.si\/sor23\/wp-json\/wp\/v2\/users\/1"}],"replies":[{"embeddable":true,"href":"https:\/\/arhiv.fov.um.si\/sor23\/wp-json\/wp\/v2\/comments?post=44"}],"version-history":[{"count":13,"href":"https:\/\/arhiv.fov.um.si\/sor23\/wp-json\/wp\/v2\/pages\/44\/revisions"}],"predecessor-version":[{"id":882,"href":"https:\/\/arhiv.fov.um.si\/sor23\/wp-json\/wp\/v2\/pages\/44\/revisions\/882"}],"wp:attachment":[{"href":"https:\/\/arhiv.fov.um.si\/sor23\/wp-json\/wp\/v2\/media?parent=44"}],"curies":[{"name":"wp","href":"https:\/\/api.w.org\/{rel}","templated":true}]}}