{"id":13,"date":"2018-06-26T12:01:53","date_gmt":"2018-06-26T11:01:53","guid":{"rendered":"http:\/\/sor19.fov.uni-mb.si\/?page_id=13"},"modified":"2018-06-26T13:09:11","modified_gmt":"2018-06-26T12:09:11","slug":"links","status":"publish","type":"page","link":"https:\/\/arhiv.fov.um.si\/sor25\/links\/","title":{"rendered":"Links"},"content":{"rendered":"<div class=\"entry-content clearfix\">\n<p><strong>Associations:<\/strong><\/p>\n<p><strong>Slovenia:<\/strong><br \/>\n<a href=\"http:\/\/www.drustvo-informatika.si\/sekcije\/sor\/\" target=\"_blank\" rel=\"noopener\">SDI: Slovenian Society Informatika (Slovensko Dru\u0161tvo Informatika) Section for Operations Research<\/a><\/p>\n<p><strong>Europe:<\/strong><br \/>\n<a href=\"http:\/\/hdoi.hr\/en_US\/\" target=\"_blank\" rel=\"noopener\">CRORS: Croatian Operational Research Society<\/a><br \/>\n<a href=\"http:\/\/csov.vse.cz\/\" target=\"_blank\" rel=\"noopener\">CSOR: Czech Operational Research Society<\/a><br \/>\n<a href=\"http:\/\/www.euro-online.org\/web\/pages\/1\/home\" target=\"_blank\" rel=\"noopener\">EURO: The Association of European Operational Research Societies<\/a><br \/>\n<a href=\"https:\/\/gor.upb.de\/index.php?id=7\" target=\"_blank\" rel=\"noopener\">GOR: German Society of Operations Research<\/a><br \/>\n<a href=\"http:\/\/www.hors.hu\/\" target=\"_blank\" rel=\"noopener\">HORS: Hungarian Operational Research Society<\/a><br \/>\n<a href=\"http:\/\/www.oegor.at\/\" target=\"_blank\" rel=\"noopener\">\u00d6GOR: Austrian Society of Operations Research (\u00d6sterreichische Gesellschaft f\u00fcr Operations Research)<\/a><br \/>\n<a href=\"http:\/\/www.ptbois.org.pl\/\" target=\"_blank\" rel=\"noopener\">POSRS: Polish Operational and Systems Research Society<\/a><br \/>\n<a href=\"http:\/\/www.fhi.sk\/ssov\/\" target=\"_blank\" rel=\"noopener\">SSOR: Slovak Society for Operations Research<\/a><\/p>\n<p><strong>International:<\/strong><br \/>\n<a href=\"http:\/\/ifors.org\/web\/\" target=\"_blank\" rel=\"noopener\">IFORS: International Federation of Operational Research Societies<\/a><\/p>\n<\/div>\n","protected":false},"excerpt":{"rendered":"<p>Associations: Slovenia: SDI: Slovenian Society Informatika (Slovensko Dru\u0161tvo Informatika) Section for Operations Research Europe: CRORS: Croatian Operational Research Society CSOR: Czech Operational Research Society EURO: The Association of European Operational Research Societies GOR: German Society of Operations Research HORS: Hungarian Operational Research Society \u00d6GOR: Austrian Society of Operations Research (\u00d6sterreichische Gesellschaft f\u00fcr Operations Research) POSRS: <span class=\"ellipsis\">&hellip;<\/span> <span class=\"more-link-wrap\"><a href=\"https:\/\/arhiv.fov.um.si\/sor25\/links\/\" class=\"more-link\"><span>Read More &rarr;<\/span><\/a><\/span><\/p>\n","protected":false},"author":1,"featured_media":0,"parent":0,"menu_order":0,"comment_status":"closed","ping_status":"closed","template":"","meta":{"ngg_post_thumbnail":0,"footnotes":""},"class_list":["post-13","page","type-page","status-publish","hentry"],"_links":{"self":[{"href":"https:\/\/arhiv.fov.um.si\/sor25\/wp-json\/wp\/v2\/pages\/13","targetHints":{"allow":["GET"]}}],"collection":[{"href":"https:\/\/arhiv.fov.um.si\/sor25\/wp-json\/wp\/v2\/pages"}],"about":[{"href":"https:\/\/arhiv.fov.um.si\/sor25\/wp-json\/wp\/v2\/types\/page"}],"author":[{"embeddable":true,"href":"https:\/\/arhiv.fov.um.si\/sor25\/wp-json\/wp\/v2\/users\/1"}],"replies":[{"embeddable":true,"href":"https:\/\/arhiv.fov.um.si\/sor25\/wp-json\/wp\/v2\/comments?post=13"}],"version-history":[{"count":2,"href":"https:\/\/arhiv.fov.um.si\/sor25\/wp-json\/wp\/v2\/pages\/13\/revisions"}],"predecessor-version":[{"id":76,"href":"https:\/\/arhiv.fov.um.si\/sor25\/wp-json\/wp\/v2\/pages\/13\/revisions\/76"}],"wp:attachment":[{"href":"https:\/\/arhiv.fov.um.si\/sor25\/wp-json\/wp\/v2\/media?parent=13"}],"curies":[{"name":"wp","href":"https:\/\/api.w.org\/{rel}","templated":true}]}}