{"id":149,"date":"2019-03-11T15:30:31","date_gmt":"2019-03-11T14:30:31","guid":{"rendered":"http:\/\/sor19.fov.uni-mb.si\/?page_id=149"},"modified":"2025-06-05T11:51:44","modified_gmt":"2025-06-05T10:51:44","slug":"call-for-papers-in-special-sessions","status":"publish","type":"page","link":"https:\/\/arhiv.fov.um.si\/sor25\/call-for-papers-in-special-sessions\/","title":{"rendered":"Calls for papers \/ special sessions"},"content":{"rendered":"<div class=\"entry-content clearfix\">\n<ul>\n<li><strong>Advances in Discrete Applied Mathematics and Graph Theory &#8211; <\/strong><a href=\"\/wp-content\/uploads\/2025\/05\/SOR25-CfP-SS-ADAMGT-Discrete-Applied-Mathematics-and-Graph-Theory.pdf\" target=\"_blank\" rel=\"noopener\">Call for papers<\/a><br \/>\nChairs: Assist. Prof. Dr. Darja Rupnik Poklukar and Prof. DDr. Janez \u017derovnik, <a href=\"https:\/\/www.fs.uni-lj.si\/en\/\" target=\"_blank\" rel=\"noopener noreferrer\">University of Ljubljana, Faculty of Mechanical Engineering<\/a>, Ljubljana, Slovenia<\/li>\n<\/ul>\n<p>&nbsp;<\/p>\n<ul>\n<li><strong>Agriculture and Agricultural Economics &#8211; <\/strong><a href=\"https:\/\/sor.fov.um.si\/wp-content\/uploads\/2025\/06\/SOR25-CfP-SS-AE-Agricultural-Economics.pdf\" target=\"_blank\" rel=\"noopener\">Call for papers<\/a><br \/>\nChairs: Prof. dr. \u010crtomir Rozman and Prof. dr. Karmen Pa\u017eek, <a href=\"https:\/\/www.fkbv.um.si\/?page_id=838&amp;lang=en\" target=\"_blank\" rel=\"noopener\">University of Maribor, Faculty of Agriculture and Life Sciences<\/a>, Maribor, Slovenia<\/li>\n<\/ul>\n<p>&nbsp;<\/p>\n<\/div>\n<ul>\n<li><strong>Analysing the Role of Platform Economy and Organisations in Societal Change using OR and Statistical Methods &#8211; <\/strong><a href=\"\/wp-content\/uploads\/2025\/02\/SOR25-CfP-SS-ARPEO-Analysing-the-Role-of-Platform-Economy-and-Organisations_.pdf\" target=\"_blank\" rel=\"noopener\">Call for papers<\/a><br \/>\nChairs: Prof. Dr. Assist. Prof. Dr. Milica Mari\u010di\u0107 and Prof. Dr. Veljko Jeremi\u0107, <a href=\"https:\/\/en.fon.bg.ac.rs\/\" target=\"_blank\" rel=\"noopener\">University of Belgrade, Faculty of Organizational Sciences<\/a>, Belgrade, Serbia<\/li>\n<\/ul>\n<div class=\"entry-content clearfix\">\n<p>&nbsp;<\/p>\n<ul>\n<li><strong>Doctoral Consortium &#8211; <\/strong><a href=\"\/wp-content\/uploads\/2025\/05\/SOR25-CfP-SS-DC-Doctoral-Consortium.pdf\" target=\"_blank\" rel=\"noopener\">Call for papers<\/a><br \/>\nChair: Prof. Dr. Mirjana Kljaji\u0107 Bor\u0161tnar, <a href=\"https:\/\/fov.um.si\/en\" target=\"_blank\" rel=\"noopener\">University of Maribor, Faculty of Organizational Sciences<\/a><a href=\"https:\/\/fov.um.si\/en\">,<\/a>&nbsp;Kranj, Slovenia<\/li>\n<\/ul>\n<p>&nbsp;<\/p>\n<\/div>\n<ul>\n<li><strong>High Performance Computing and Quantum Computing for Operations Research &#8211; <\/strong><a href=\"https:\/\/sor.fov.um.si\/wp-content\/uploads\/2025\/06\/SOR25-CfP-SS-HPCQCfOR-High-Performance-and-Quantum-Computing.pdf\" target=\"_blank\" rel=\"noopener\">Call for papers<\/a><br \/>\nChairs: Prof. Dr. Janez Povh and Dr. Roman Ku\u017eel, <a href=\"https:\/\/www.rudolfovo.eu\/en\" target=\"_blank\" rel=\"noopener\">Science and Technology Centre Rudolfovo<\/a>, Novo mesto, Slovenia<\/li>\n<\/ul>\n<div class=\"entry-content clearfix\">\n<p>&nbsp;<\/p>\n<ul>\n<li><strong>Industry &amp; Society 5.0: Optimization in Human and Industrial Environments &#8211; <\/strong><a href=\"\/wp-content\/uploads\/2025\/05\/SOR25-CfP-SS-IS5-Industry-and-Society-5.0.pdf\" target=\"_blank\" rel=\"noopener\">Call for papers<\/a><br \/>\nChairs: Prof. Dr. Drago Bokal, <a href=\"https:\/\/www.fnm.um.si\/index.php\/en\/home\/\" target=\"_blank\" rel=\"noopener\">University of Maribor, Faculty of Natural sciences and Mathematics<\/a>, Maribor, Slovenia and Prof. Dr. Alenka Brezav\u0161ek, <a href=\"https:\/\/fov.um.si\/en\" target=\"_blank\" rel=\"noopener\">University of Maribor, Faculty of Organizational Sciences,<\/a>&nbsp;Kranj, Slovenia<\/li>\n<\/ul>\n<p>&nbsp;<\/p>\n<ul>\n<li><strong>Research and Application of MCDM Methods and Decision Systems in Cybersecurity &#8211; <\/strong><a href=\"\/wp-content\/uploads\/2025\/05\/SOR25-CfP-SS-MCDM-Cybersecurity.pdf\" target=\"_blank\" rel=\"noopener\">Call for papers<\/a><br \/>\nChair:&nbsp; Dr. Andrej Bregar, <a href=\"https:\/\/www.informatika.si\/en\/\" target=\"_blank\" rel=\"noopener\">Informatika d.o.o.<\/a>, Maribor, Slovenia<\/li>\n<\/ul>\n<\/div>\n<div class=\"entry-content clearfix\">\n<p>&nbsp;<\/p>\n<\/div>\n<p><span style=\"color: #000000;\"><strong>DEADLINES:<\/strong><\/span><\/p>\n<div class=\"entry-content clearfix\">\n<p><span style=\"color: #000000;\"><strong>Submission of contributed papers:&nbsp;&nbsp;<\/strong><del> June 1, 2025<\/del> June 10, 2025 (extended)<\/span><br \/>\n<span style=\"color: #000000;\"><strong>Referee\u2019s reports: <\/strong><del> July 1, 2025<\/del> July 10, 2025 (extended)<\/span><br \/>\n<span style=\"color: #000000;\"><strong>Submission of revised papers and copies of bank transfer: <\/strong>August 25, 2025<\/span><\/p>\n<p>Should you need assistance, or you have any questions about the SOR, please feel free to contact <a href=\"mailto:sor@um.si\">sor@um.si<\/a>.<\/p>\n<\/div>\n","protected":false},"excerpt":{"rendered":"<p>Advances in Discrete Applied Mathematics and Graph Theory &#8211; Call for papers Chairs: Assist. Prof. Dr. Darja Rupnik Poklukar and Prof. DDr. Janez \u017derovnik, University of Ljubljana, Faculty of Mechanical Engineering, Ljubljana, Slovenia &nbsp; Agriculture and Agricultural Economics &#8211; Call for papers Chairs: Prof. dr. \u010crtomir Rozman and Prof. dr. Karmen Pa\u017eek, University of Maribor, <span class=\"ellipsis\">&hellip;<\/span> <span class=\"more-link-wrap\"><a href=\"https:\/\/arhiv.fov.um.si\/sor25\/call-for-papers-in-special-sessions\/\" class=\"more-link\"><span>Read More &rarr;<\/span><\/a><\/span><\/p>\n","protected":false},"author":1,"featured_media":0,"parent":0,"menu_order":0,"comment_status":"closed","ping_status":"closed","template":"","meta":{"ngg_post_thumbnail":0,"footnotes":""},"class_list":["post-149","page","type-page","status-publish","hentry"],"_links":{"self":[{"href":"https:\/\/arhiv.fov.um.si\/sor25\/wp-json\/wp\/v2\/pages\/149","targetHints":{"allow":["GET"]}}],"collection":[{"href":"https:\/\/arhiv.fov.um.si\/sor25\/wp-json\/wp\/v2\/pages"}],"about":[{"href":"https:\/\/arhiv.fov.um.si\/sor25\/wp-json\/wp\/v2\/types\/page"}],"author":[{"embeddable":true,"href":"https:\/\/arhiv.fov.um.si\/sor25\/wp-json\/wp\/v2\/users\/1"}],"replies":[{"embeddable":true,"href":"https:\/\/arhiv.fov.um.si\/sor25\/wp-json\/wp\/v2\/comments?post=149"}],"version-history":[{"count":107,"href":"https:\/\/arhiv.fov.um.si\/sor25\/wp-json\/wp\/v2\/pages\/149\/revisions"}],"predecessor-version":[{"id":1625,"href":"https:\/\/arhiv.fov.um.si\/sor25\/wp-json\/wp\/v2\/pages\/149\/revisions\/1625"}],"wp:attachment":[{"href":"https:\/\/arhiv.fov.um.si\/sor25\/wp-json\/wp\/v2\/media?parent=149"}],"curies":[{"name":"wp","href":"https:\/\/api.w.org\/{rel}","templated":true}]}}