{"id":47,"date":"2018-06-26T12:19:34","date_gmt":"2018-06-26T11:19:34","guid":{"rendered":"http:\/\/sor19.fov.uni-mb.si\/?page_id=47"},"modified":"2025-05-08T11:47:26","modified_gmt":"2025-05-08T10:47:26","slug":"programme-and-organizing-committee","status":"publish","type":"page","link":"https:\/\/arhiv.fov.um.si\/sor25\/programme-and-organizing-committee\/","title":{"rendered":"Programme and Organizing Committee"},"content":{"rendered":"<div class=\"entry-content clearfix\">\n<p><strong>Program committee<\/strong><\/p>\n<ul>\n<li>L. Zadnik Stirn, University of Ljubljana, Biotechnical Faculty, Ljubljana, Slovenia, chair<\/li>\n<li>M. Kljaji\u0107 Bor\u0161tnar, University of Maribor, Faculty of Organizational Sciences, Kranj, Slovenia, co-chair<\/li>\n<li>J. \u017derovnik, University of Ljubljana, Faculty of Mechanical Engineering, Ljubljana, Slovenia &amp; Rudolfovo &#8211; Science and Technology Centre Novo mesto, Slovenia, co-chair<\/li>\n<li>J. Arneri\u0107, University of Zagreb, Faculty of Economics and Business, Zagreb, Croatia<\/li>\n<li>N. Ban, University of Innsbruck, Department of Atmospheric and Cryosphere Sciences, Innsbruck, Austria<\/li>\n<li>M. Bogataj, Zavod INRISK &#8211; In\u0161titut za raziskavo sistemov izpostavljenih rizikom, Slovenia<\/li>\n<li>M. Bohanec, Jo\u017eef Stefan Institute, Department of Knowledge Technologies, Ljubljana, Slovenia<\/li>\n<li>D. Bokal, University of Maribor, Faculty of Natural Sciences and Mathematics, Maribor, Slovenia<\/li>\n<li>S. Cabello, University of Ljubljana, Faculty of Mathematics and Physics, Ljubljana, Slovenia<\/li>\n<li>K. Cechlarova, P. J. \u0160afarik University, Faculty of Science, Ko\u0161ice, Slovakia<\/li>\n<li>T. Csendes, University of Szeged, Department of Applied Informatics, Szeged, Hungary<\/li>\n<li>V. \u010can\u010der, University of Maribor, Faculty of Business and Economics, Maribor, Slovenia<\/li>\n<li>A. \u010ceh \u010casni, University of Zagreb, Faculty of Economics and Business, Zagreb, Croatia<\/li>\n<li>S. Drobne, University of Ljubljana, Faculty of Civil and Geodetic Engineering, Ljubljana, Slovenia<\/li>\n<li>K. Dumi\u010di\u0107, DOBA Business School, Maribor, Slovenia<\/li>\n<li>L. Ferbar Tratar, University of Ljubljana, Faculty of Economics, Ljubljana, Slovenia<\/li>\n<li>H. Gaspars-Wieloch, Poznan University of Economics and Business, Poznan, Poland<\/li>\n<li>N. Herakovi\u010d, University of Ljubljana, Faculty of Mechanical Engineering, Ljubljana, Slovenia<\/li>\n<li>E. Hontoria, Technical University of Cartagena, Business Management Department, Cartagena, Spain<\/li>\n<li>T. Illes, Corvinus Centre for Operations, Corvinus University of Budapest, Budapest, Hungary<\/li>\n<li>J. Jablonsky, University of Economics, Faculty of Informatics and Statistics, Prague, Czech Republic<\/li>\n<li>M. Jadri\u010d, University of Split, Faculty of Economics, Business and Tourism, Split, Croatia<\/li>\n<li>V. Jeremi\u0107, University of Belgrade, Faculty of Organizational Sciences, Belgrade, Serbia<\/li>\n<li>A. Kastrin, University of Ljubljana, Faculty of Medicine, Ljubljana, Slovenia<\/li>\n<li>V. Koji\u0107, University of Zagreb, Faculty of Economics and Business, Zagreb, Croatia<\/li>\n<li>A. Ko\u0161ir, University of Ljubljana, Faculty of Electrical Engineering, Ljubljana, Slovenia<\/li>\n<li>U. Leopold-Wildburger, University of Graz, Graz, Austria<\/li>\n<li>Z. Luka\u010d, University of Zagreb, Faculty of Economics and Business, Zagreb, Croatia<\/li>\n<li>V. Magron, LAAS-CNRS, Institute of Mathematics from Toulouse, Toulouse, France<\/li>\n<li>J. Michnik, University of Economics, Katowice, Poland<\/li>\n<li>M. Peji\u0107 Bach, University of Zagreb, Faculty of Economics and Business, Zagreb, Croatia<\/li>\n<li>S. Pivac, University of Split, Faculty of Economics, Split, Croatia<\/li>\n<li>J. Povh, Rudolfovo &#8211; Science and Technology Centre Novo mesto, Slovenia<\/li>\n<li>U. Rajkovi\u010d, University of Maribor, Faculty of Organizational Sciences, Kranj, Slovenia<\/li>\n<li>\u010c. Rozman, University of Maribor, Faculty of Agriculture and life sciences, Maribor, Slovenia<\/li>\n<li>S. P. Sethi, The University of Texas at Dallas, Naveen Jindal School of Management, Dallas, USA<\/li>\n<li>M. Sevaux, Universit\u00e9 Bretagne Sud, Lorient, France<\/li>\n<li>T. \u0160estanovi\u0107, University of Split, Faculty of Economics, Business and Tourism, Split, Croatia<\/li>\n<li>P. \u0160prajc, University of Maribor, Faculty of Organizational Sciences, Kranj, Slovenia<\/li>\n<li>T. Trzaskalik, University of Economics, Department of Operational Research, Katowice, Poland<\/li>\n<li>T. Wachowicz, University of Economics, Dept. of OR, Katowice, Poland<\/li>\n<li>G. W. Weber, Poznan University of Technology, Faculty of Engineering Management, Poznan, Poland<\/li>\n<\/ul>\n<p><strong>Organizing committee<\/strong><strong><br \/>\n<\/strong><\/p>\n<ul>\n<li>P. Gorjanc, University of Maribor, Faculty of Organizational Sciences, Kranj, Slovenia, chair<\/li>\n<li>S. Drobne, University of Ljubljana, Faculty of Civil and Geodetic Engineering, Ljubljana, Slovenia, co-chair<\/li>\n<li>N. File\u0161, Slovenian Society Informatika, Ljubljana<\/li>\n<li>M. Kljaji\u0107 Bor\u0161tnar, University of Maribor, Faculty of Organizational Science, Kranj, Slovenia<\/li>\n<li>J. Povh, Rudolfovo &#8211; Science and Technology Centre Novo mesto, Slovenia<\/li>\n<li>L. Zadnik Stirn, University of Ljubljana, Biotechnical Faculty, Ljubljana, Slovenia<\/li>\n<li>J. \u017derovnik, University of Ljubljana, Faculty of Mechanical Engineering, Ljubljana, Slovenia &amp; Rudolfovo &#8211; Science and Technology Centre Novo mesto, Slovenia<\/li>\n<\/ul>\n<\/div>\n","protected":false},"excerpt":{"rendered":"<p>Program committee L. Zadnik Stirn, University of Ljubljana, Biotechnical Faculty, Ljubljana, Slovenia, chair M. Kljaji\u0107 Bor\u0161tnar, University of Maribor, Faculty of Organizational Sciences, Kranj, Slovenia, co-chair J. \u017derovnik, University of Ljubljana, Faculty of Mechanical Engineering, Ljubljana, Slovenia &amp; Rudolfovo &#8211; Science and Technology Centre Novo mesto, Slovenia, co-chair J. Arneri\u0107, University of Zagreb, Faculty of <span class=\"ellipsis\">&hellip;<\/span> <span class=\"more-link-wrap\"><a href=\"https:\/\/arhiv.fov.um.si\/sor25\/programme-and-organizing-committee\/\" class=\"more-link\"><span>Read More &rarr;<\/span><\/a><\/span><\/p>\n","protected":false},"author":1,"featured_media":0,"parent":0,"menu_order":0,"comment_status":"closed","ping_status":"closed","template":"","meta":{"ngg_post_thumbnail":0,"footnotes":""},"class_list":["post-47","page","type-page","status-publish","hentry"],"_links":{"self":[{"href":"https:\/\/arhiv.fov.um.si\/sor25\/wp-json\/wp\/v2\/pages\/47","targetHints":{"allow":["GET"]}}],"collection":[{"href":"https:\/\/arhiv.fov.um.si\/sor25\/wp-json\/wp\/v2\/pages"}],"about":[{"href":"https:\/\/arhiv.fov.um.si\/sor25\/wp-json\/wp\/v2\/types\/page"}],"author":[{"embeddable":true,"href":"https:\/\/arhiv.fov.um.si\/sor25\/wp-json\/wp\/v2\/users\/1"}],"replies":[{"embeddable":true,"href":"https:\/\/arhiv.fov.um.si\/sor25\/wp-json\/wp\/v2\/comments?post=47"}],"version-history":[{"count":20,"href":"https:\/\/arhiv.fov.um.si\/sor25\/wp-json\/wp\/v2\/pages\/47\/revisions"}],"predecessor-version":[{"id":1597,"href":"https:\/\/arhiv.fov.um.si\/sor25\/wp-json\/wp\/v2\/pages\/47\/revisions\/1597"}],"wp:attachment":[{"href":"https:\/\/arhiv.fov.um.si\/sor25\/wp-json\/wp\/v2\/media?parent=47"}],"curies":[{"name":"wp","href":"https:\/\/api.w.org\/{rel}","templated":true}]}}